{"id":18,"date":"2020-11-03T13:11:54","date_gmt":"2020-11-03T12:11:54","guid":{"rendered":"http:\/\/chateaudemontolivet.com\/?page_id=18"},"modified":"2025-11-29T12:54:42","modified_gmt":"2025-11-29T11:54:42","slug":"actualites","status":"publish","type":"page","link":"https:\/\/chateaudemontolivet.com\/index.php\/actualites\/","title":{"rendered":"Les actualit\u00e9s"},"content":{"rendered":"<p><div class=\"fusion-fullwidth fullwidth-box fusion-builder-row-1 fusion-flex-container fusion-parallax-none nonhundred-percent-fullwidth non-hundred-percent-height-scrolling lazyload fusion-custom-z-index\" style=\"--awb-border-radius-top-left:0px;--awb-border-radius-top-right:0px;--awb-border-radius-bottom-right:0px;--awb-border-radius-bottom-left:0px;--awb-z-index:0;--awb-padding-top:220px;--awb-padding-bottom:220px;--awb-padding-top-small:100px;--awb-padding-bottom-small:100px;--awb-background-image:linear-gradient(180deg, rgba(255,255,255,0.95) 0%,rgba(255,255,255,0) 92%);;--awb-background-size:cover;--awb-flex-wrap:wrap;\" data-bg=\"https:\/\/chateaudemontolivet.com\/wp-content\/uploads\/2021\/10\/banniere-montolivet.png\" data-bg-gradient=\"linear-gradient(180deg, rgba(255,255,255,0.95) 0%,rgba(255,255,255,0) 92%)\" ><div class=\"fusion-builder-row fusion-row fusion-flex-align-items-flex-start fusion-flex-content-wrap\" style=\"max-width:1248px;margin-left: calc(-4% \/ 2 );margin-right: calc(-4% \/ 2 );\"><div class=\"fusion-layout-column fusion_builder_column fusion-builder-column-0 fusion_builder_column_1_1 1_1 fusion-flex-column\" style=\"--awb-bg-size:cover;--awb-width-large:100%;--awb-margin-top-large:0px;--awb-spacing-right-large:1.92%;--awb-margin-bottom-large:20px;--awb-spacing-left-large:1.92%;--awb-width-medium:100%;--awb-order-medium:0;--awb-spacing-right-medium:1.92%;--awb-spacing-left-medium:1.92%;--awb-width-small:100%;--awb-order-small:0;--awb-spacing-right-small:1.92%;--awb-spacing-left-small:1.92%;\"><div class=\"fusion-column-wrapper fusion-column-has-shadow fusion-flex-justify-content-flex-start fusion-content-layout-column\"><div class=\"fusion-text fusion-text-1\" style=\"--awb-content-alignment:center;--awb-font-size:17px;--awb-letter-spacing:2px;--awb-text-color:#45152a;\"><p><span style=\"color: #743994;\">CH\u00c2TEAU DE MONTOLIVET<\/span><\/p>\n<\/div><div class=\"fusion-title title fusion-title-1 fusion-sep-none fusion-title-center fusion-title-text fusion-title-size-one\" style=\"--awb-text-color:#000000;--awb-margin-top:-20px;--awb-margin-bottom:20px;--awb-font-size:60px;\"><h1 class=\"fusion-title-heading title-heading-center\" style=\"margin:0;font-size:1em;line-height:1em;\">Les nouvelles actualit\u00e9s<\/h1><\/div><\/div><\/div><\/div><\/div><div class=\"fusion-fullwidth fullwidth-box fusion-builder-row-2 fusion-flex-container nonhundred-percent-fullwidth non-hundred-percent-height-scrolling\" style=\"--awb-border-radius-top-left:0px;--awb-border-radius-top-right:0px;--awb-border-radius-bottom-right:0px;--awb-border-radius-bottom-left:0px;--awb-padding-top:120px;--awb-padding-bottom:0px;--awb-flex-wrap:wrap;\" ><div class=\"fusion-builder-row fusion-row fusion-flex-align-items-flex-start fusion-flex-content-wrap\" style=\"max-width:1248px;margin-left: calc(-4% \/ 2 );margin-right: calc(-4% \/ 2 );\"><div class=\"fusion-layout-column fusion_builder_column fusion-builder-column-1 fusion_builder_column_1_1 1_1 fusion-flex-column\" style=\"--awb-bg-size:cover;--awb-width-large:100%;--awb-margin-top-large:0px;--awb-spacing-right-large:1.92%;--awb-margin-bottom-large:20px;--awb-spacing-left-large:1.92%;--awb-width-medium:100%;--awb-order-medium:0;--awb-spacing-right-medium:1.92%;--awb-spacing-left-medium:1.92%;--awb-width-small:100%;--awb-order-small:0;--awb-spacing-right-small:1.92%;--awb-spacing-left-small:1.92%;\"><div class=\"fusion-column-wrapper fusion-column-has-shadow fusion-flex-justify-content-flex-start fusion-content-layout-column\"><div class=\"fusion-facebook-page fb-page fusion-facebook-page-1 \" style=\"display:flex; justify-content:flex-start;\" data-href=\"https:\/\/www.facebook.com\/chateaudemontolivet\" data-tabs=\"timeline\" data-width=\"500\" data-height=\"500\" data-show_facepile=\"false\"><\/div><script async defer crossorigin=\"anonymous\" src=\"https:\/\/connect.facebook.net\/en_US\/sdk.js#xfbml=1&version=v14.0\"><\/script><div id=\"fb-root\"><\/div><\/div><\/div><\/div><\/div><\/p>\n","protected":false},"excerpt":{"rendered":"","protected":false},"author":1,"featured_media":0,"parent":0,"menu_order":0,"comment_status":"closed","ping_status":"closed","template":"100-width.php","meta":{"footnotes":""},"class_list":["post-18","page","type-page","status-publish","hentry"],"yoast_head":"<!-- This site is optimized with the Yoast SEO plugin v26.2 - https:\/\/yoast.com\/wordpress\/plugins\/seo\/ -->\n<title>Les actualit\u00e9s - Ch\u00e2teau de Montolivet<\/title>\n<meta name=\"robots\" content=\"index, follow, max-snippet:-1, max-image-preview:large, max-video-preview:-1\" \/>\n<link rel=\"canonical\" href=\"https:\/\/chateaudemontolivet.com\/index.php\/actualites\/\" \/>\n<meta property=\"og:locale\" content=\"fr_FR\" \/>\n<meta property=\"og:type\" content=\"article\" \/>\n<meta property=\"og:title\" content=\"Les actualit\u00e9s - Ch\u00e2teau de Montolivet\" \/>\n<meta property=\"og:url\" content=\"https:\/\/chateaudemontolivet.com\/index.php\/actualites\/\" \/>\n<meta property=\"og:site_name\" content=\"Ch\u00e2teau de Montolivet\" \/>\n<meta property=\"article:modified_time\" content=\"2025-11-29T11:54:42+00:00\" \/>\n<meta name=\"twitter:card\" content=\"summary_large_image\" \/>\n<meta name=\"twitter:label1\" content=\"Dur\u00e9e de lecture estim\u00e9e\" \/>\n\t<meta name=\"twitter:data1\" content=\"1 minute\" \/>\n<script type=\"application\/ld+json\" class=\"yoast-schema-graph\">{\"@context\":\"https:\/\/schema.org\",\"@graph\":[{\"@type\":\"WebPage\",\"@id\":\"https:\/\/chateaudemontolivet.com\/index.php\/actualites\/\",\"url\":\"https:\/\/chateaudemontolivet.com\/index.php\/actualites\/\",\"name\":\"Les actualit\u00e9s - Ch\u00e2teau de Montolivet\",\"isPartOf\":{\"@id\":\"https:\/\/chateaudemontolivet.com\/#website\"},\"datePublished\":\"2020-11-03T12:11:54+00:00\",\"dateModified\":\"2025-11-29T11:54:42+00:00\",\"breadcrumb\":{\"@id\":\"https:\/\/chateaudemontolivet.com\/index.php\/actualites\/#breadcrumb\"},\"inLanguage\":\"fr-FR\",\"potentialAction\":[{\"@type\":\"ReadAction\",\"target\":[\"https:\/\/chateaudemontolivet.com\/index.php\/actualites\/\"]}]},{\"@type\":\"BreadcrumbList\",\"@id\":\"https:\/\/chateaudemontolivet.com\/index.php\/actualites\/#breadcrumb\",\"itemListElement\":[{\"@type\":\"ListItem\",\"position\":1,\"name\":\"Accueil\",\"item\":\"https:\/\/chateaudemontolivet.com\/\"},{\"@type\":\"ListItem\",\"position\":2,\"name\":\"Les actualit\u00e9s\"}]},{\"@type\":\"WebSite\",\"@id\":\"https:\/\/chateaudemontolivet.com\/#website\",\"url\":\"https:\/\/chateaudemontolivet.com\/\",\"name\":\"Ch\u00e2teau de Montolivet\",\"description\":\"Un lieu idyllique pour l&#039;organisation de votre mariages, s\u00e9minaire d&#039;entreprise et autre \u00e9v\u00e9nement.\",\"potentialAction\":[{\"@type\":\"SearchAction\",\"target\":{\"@type\":\"EntryPoint\",\"urlTemplate\":\"https:\/\/chateaudemontolivet.com\/?s={search_term_string}\"},\"query-input\":{\"@type\":\"PropertyValueSpecification\",\"valueRequired\":true,\"valueName\":\"search_term_string\"}}],\"inLanguage\":\"fr-FR\"}]}<\/script>\n<!-- \/ Yoast SEO plugin. -->","yoast_head_json":{"title":"Les actualit\u00e9s - Ch\u00e2teau de Montolivet","robots":{"index":"index","follow":"follow","max-snippet":"max-snippet:-1","max-image-preview":"max-image-preview:large","max-video-preview":"max-video-preview:-1"},"canonical":"https:\/\/chateaudemontolivet.com\/index.php\/actualites\/","og_locale":"fr_FR","og_type":"article","og_title":"Les actualit\u00e9s - Ch\u00e2teau de Montolivet","og_url":"https:\/\/chateaudemontolivet.com\/index.php\/actualites\/","og_site_name":"Ch\u00e2teau de Montolivet","article_modified_time":"2025-11-29T11:54:42+00:00","twitter_card":"summary_large_image","twitter_misc":{"Dur\u00e9e de lecture estim\u00e9e":"1 minute"},"schema":{"@context":"https:\/\/schema.org","@graph":[{"@type":"WebPage","@id":"https:\/\/chateaudemontolivet.com\/index.php\/actualites\/","url":"https:\/\/chateaudemontolivet.com\/index.php\/actualites\/","name":"Les actualit\u00e9s - Ch\u00e2teau de Montolivet","isPartOf":{"@id":"https:\/\/chateaudemontolivet.com\/#website"},"datePublished":"2020-11-03T12:11:54+00:00","dateModified":"2025-11-29T11:54:42+00:00","breadcrumb":{"@id":"https:\/\/chateaudemontolivet.com\/index.php\/actualites\/#breadcrumb"},"inLanguage":"fr-FR","potentialAction":[{"@type":"ReadAction","target":["https:\/\/chateaudemontolivet.com\/index.php\/actualites\/"]}]},{"@type":"BreadcrumbList","@id":"https:\/\/chateaudemontolivet.com\/index.php\/actualites\/#breadcrumb","itemListElement":[{"@type":"ListItem","position":1,"name":"Accueil","item":"https:\/\/chateaudemontolivet.com\/"},{"@type":"ListItem","position":2,"name":"Les actualit\u00e9s"}]},{"@type":"WebSite","@id":"https:\/\/chateaudemontolivet.com\/#website","url":"https:\/\/chateaudemontolivet.com\/","name":"Ch\u00e2teau de Montolivet","description":"Un lieu idyllique pour l&#039;organisation de votre mariages, s\u00e9minaire d&#039;entreprise et autre \u00e9v\u00e9nement.","potentialAction":[{"@type":"SearchAction","target":{"@type":"EntryPoint","urlTemplate":"https:\/\/chateaudemontolivet.com\/?s={search_term_string}"},"query-input":{"@type":"PropertyValueSpecification","valueRequired":true,"valueName":"search_term_string"}}],"inLanguage":"fr-FR"}]}},"jetpack_sharing_enabled":true,"_links":{"self":[{"href":"https:\/\/chateaudemontolivet.com\/index.php\/wp-json\/wp\/v2\/pages\/18","targetHints":{"allow":["GET"]}}],"collection":[{"href":"https:\/\/chateaudemontolivet.com\/index.php\/wp-json\/wp\/v2\/pages"}],"about":[{"href":"https:\/\/chateaudemontolivet.com\/index.php\/wp-json\/wp\/v2\/types\/page"}],"author":[{"embeddable":true,"href":"https:\/\/chateaudemontolivet.com\/index.php\/wp-json\/wp\/v2\/users\/1"}],"replies":[{"embeddable":true,"href":"https:\/\/chateaudemontolivet.com\/index.php\/wp-json\/wp\/v2\/comments?post=18"}],"version-history":[{"count":6,"href":"https:\/\/chateaudemontolivet.com\/index.php\/wp-json\/wp\/v2\/pages\/18\/revisions"}],"predecessor-version":[{"id":1434,"href":"https:\/\/chateaudemontolivet.com\/index.php\/wp-json\/wp\/v2\/pages\/18\/revisions\/1434"}],"wp:attachment":[{"href":"https:\/\/chateaudemontolivet.com\/index.php\/wp-json\/wp\/v2\/media?parent=18"}],"curies":[{"name":"wp","href":"https:\/\/api.w.org\/{rel}","templated":true}]}}