{"id":818,"date":"2021-10-05T14:18:46","date_gmt":"2021-10-05T12:18:46","guid":{"rendered":"http:\/\/chateaudemontolivet.com\/?page_id=818"},"modified":"2021-10-05T14:30:18","modified_gmt":"2021-10-05T12:30:18","slug":"mentions-legales","status":"publish","type":"page","link":"https:\/\/chateaudemontolivet.com\/index.php\/mentions-legales\/","title":{"rendered":"Mentions L\u00e9gales"},"content":{"rendered":"<div class=\"fusion-fullwidth fullwidth-box fusion-builder-row-1 fusion-flex-container nonhundred-percent-fullwidth non-hundred-percent-height-scrolling\" style=\"--awb-border-radius-top-left:0px;--awb-border-radius-top-right:0px;--awb-border-radius-bottom-right:0px;--awb-border-radius-bottom-left:0px;--awb-flex-wrap:wrap;\" ><div class=\"fusion-builder-row fusion-row fusion-flex-align-items-flex-start fusion-flex-content-wrap\" style=\"max-width:1248px;margin-left: calc(-4% \/ 2 );margin-right: calc(-4% \/ 2 );\"><div class=\"fusion-layout-column fusion_builder_column fusion-builder-column-0 fusion_builder_column_1_1 1_1 fusion-flex-column\" style=\"--awb-bg-size:cover;--awb-width-large:100%;--awb-margin-top-large:0px;--awb-spacing-right-large:1.92%;--awb-margin-bottom-large:0px;--awb-spacing-left-large:1.92%;--awb-width-medium:100%;--awb-spacing-right-medium:1.92%;--awb-spacing-left-medium:1.92%;--awb-width-small:100%;--awb-spacing-right-small:1.92%;--awb-spacing-left-small:1.92%;\"><div class=\"fusion-column-wrapper fusion-flex-justify-content-flex-start fusion-content-layout-column\"><div class=\"fusion-text fusion-text-1\"><\/p>\n<p> SAS au capital de 5 000,00 \u20ac<\/p>\n<p>H\u00e9bergement : OVH 2 rue Kellermann &#8211; 59100 Roubaix &#8211; France<\/p>\n<p>Code APE Autres activit\u00e9s r\u00e9cr\u00e9atives et de loisirs (9329Z)<\/p>\n<p>N\u00b0 TVA : FR60831819636 <\/p>\n<p>Si\u00e8ge social : 687 RTE DU CHATEAU 38510 ARANDON-PASSINS <\/p>\n<p>Directeur de la publication : DIDER MENARD<br><\/p>\n<p>SOCIETE D&rsquo;EXPLOITATION DU CHATEAU DE MONTOLIVET, soci\u00e9t\u00e9 immatricul\u00e9e au RCS de Vienne sous le num\u00e9ro 83181963 <\/p>\n<p>Conditions d&rsquo;utilisation du site Internet https:\/\/chateaudemontolivet.com<\/p>\n<p>Le site et chacun des \u00e9l\u00e9ments, y compris mais sans limitation les marques, les logos, ic\u00f4nes, infographies, photographies, qui le composent sont prot\u00e9g\u00e9s au titre de la l\u00e9gislation internationale de la propri\u00e9t\u00e9 intellectuelle. Les contenus figurant sur le site sont la propri\u00e9t\u00e9 de CHATEAU DE MONTOLIVET. Toute utilisation, reproduction ou repr\u00e9sentation, par quelque proc\u00e9d\u00e9 que ce soit, et sur quelque support que ce soit, de tout ou partie du site et\/ou des \u00e9l\u00e9ments qui le composent n&rsquo;est pas autoris\u00e9e sans le consentement expresse de CHATEAU DE MONTOLIVET.<\/p>\n<p>Donn\u00e9es personnelles<\/p>\n<p>D&rsquo;une fa\u00e7on g\u00e9n\u00e9rale, vous pouvez visiter notre site sur Internet sans avoir \u00e0 d\u00e9cliner votre identit\u00e9 et \u00e0 fournir des informations personnelles vous concernant. Cependant, nous pouvons parfois vous demander des informations. Par exemple, pour traiter une commande, \u00e9tablir une correspondance, ou soumettre une candidature \u00e0 un poste. Nous pouvons compl\u00e9ter ces informations pour conclure une transaction ou offrir un meilleur service.<\/p><\/p>\n<\/div><\/div><\/div><\/div><\/div>","protected":false},"excerpt":{"rendered":"","protected":false},"author":1,"featured_media":0,"parent":0,"menu_order":0,"comment_status":"closed","ping_status":"closed","template":"","meta":{"footnotes":""},"class_list":["post-818","page","type-page","status-publish","hentry"],"yoast_head":"<!-- This site is optimized with the Yoast SEO plugin v26.2 - https:\/\/yoast.com\/wordpress\/plugins\/seo\/ -->\n<title>Mentions L\u00e9gales - Ch\u00e2teau de Montolivet<\/title>\n<meta name=\"robots\" content=\"index, follow, max-snippet:-1, max-image-preview:large, max-video-preview:-1\" \/>\n<link rel=\"canonical\" href=\"https:\/\/chateaudemontolivet.com\/index.php\/mentions-legales\/\" \/>\n<meta property=\"og:locale\" content=\"fr_FR\" \/>\n<meta property=\"og:type\" content=\"article\" \/>\n<meta property=\"og:title\" content=\"Mentions L\u00e9gales - Ch\u00e2teau de Montolivet\" \/>\n<meta property=\"og:url\" content=\"https:\/\/chateaudemontolivet.com\/index.php\/mentions-legales\/\" \/>\n<meta property=\"og:site_name\" content=\"Ch\u00e2teau de Montolivet\" \/>\n<meta property=\"article:modified_time\" content=\"2021-10-05T12:30:18+00:00\" \/>\n<meta name=\"twitter:card\" content=\"summary_large_image\" \/>\n<meta name=\"twitter:label1\" content=\"Dur\u00e9e de lecture estim\u00e9e\" \/>\n\t<meta name=\"twitter:data1\" content=\"2 minutes\" \/>\n<script type=\"application\/ld+json\" class=\"yoast-schema-graph\">{\"@context\":\"https:\/\/schema.org\",\"@graph\":[{\"@type\":\"WebPage\",\"@id\":\"https:\/\/chateaudemontolivet.com\/index.php\/mentions-legales\/\",\"url\":\"https:\/\/chateaudemontolivet.com\/index.php\/mentions-legales\/\",\"name\":\"Mentions L\u00e9gales - Ch\u00e2teau de Montolivet\",\"isPartOf\":{\"@id\":\"https:\/\/chateaudemontolivet.com\/#website\"},\"datePublished\":\"2021-10-05T12:18:46+00:00\",\"dateModified\":\"2021-10-05T12:30:18+00:00\",\"breadcrumb\":{\"@id\":\"https:\/\/chateaudemontolivet.com\/index.php\/mentions-legales\/#breadcrumb\"},\"inLanguage\":\"fr-FR\",\"potentialAction\":[{\"@type\":\"ReadAction\",\"target\":[\"https:\/\/chateaudemontolivet.com\/index.php\/mentions-legales\/\"]}]},{\"@type\":\"BreadcrumbList\",\"@id\":\"https:\/\/chateaudemontolivet.com\/index.php\/mentions-legales\/#breadcrumb\",\"itemListElement\":[{\"@type\":\"ListItem\",\"position\":1,\"name\":\"Accueil\",\"item\":\"https:\/\/chateaudemontolivet.com\/\"},{\"@type\":\"ListItem\",\"position\":2,\"name\":\"Mentions L\u00e9gales\"}]},{\"@type\":\"WebSite\",\"@id\":\"https:\/\/chateaudemontolivet.com\/#website\",\"url\":\"https:\/\/chateaudemontolivet.com\/\",\"name\":\"Ch\u00e2teau de Montolivet\",\"description\":\"Un lieu idyllique pour l&#039;organisation de votre mariages, s\u00e9minaire d&#039;entreprise et autre \u00e9v\u00e9nement.\",\"potentialAction\":[{\"@type\":\"SearchAction\",\"target\":{\"@type\":\"EntryPoint\",\"urlTemplate\":\"https:\/\/chateaudemontolivet.com\/?s={search_term_string}\"},\"query-input\":{\"@type\":\"PropertyValueSpecification\",\"valueRequired\":true,\"valueName\":\"search_term_string\"}}],\"inLanguage\":\"fr-FR\"}]}<\/script>\n<!-- \/ Yoast SEO plugin. -->","yoast_head_json":{"title":"Mentions L\u00e9gales - Ch\u00e2teau de Montolivet","robots":{"index":"index","follow":"follow","max-snippet":"max-snippet:-1","max-image-preview":"max-image-preview:large","max-video-preview":"max-video-preview:-1"},"canonical":"https:\/\/chateaudemontolivet.com\/index.php\/mentions-legales\/","og_locale":"fr_FR","og_type":"article","og_title":"Mentions L\u00e9gales - Ch\u00e2teau de Montolivet","og_url":"https:\/\/chateaudemontolivet.com\/index.php\/mentions-legales\/","og_site_name":"Ch\u00e2teau de Montolivet","article_modified_time":"2021-10-05T12:30:18+00:00","twitter_card":"summary_large_image","twitter_misc":{"Dur\u00e9e de lecture estim\u00e9e":"2 minutes"},"schema":{"@context":"https:\/\/schema.org","@graph":[{"@type":"WebPage","@id":"https:\/\/chateaudemontolivet.com\/index.php\/mentions-legales\/","url":"https:\/\/chateaudemontolivet.com\/index.php\/mentions-legales\/","name":"Mentions L\u00e9gales - Ch\u00e2teau de Montolivet","isPartOf":{"@id":"https:\/\/chateaudemontolivet.com\/#website"},"datePublished":"2021-10-05T12:18:46+00:00","dateModified":"2021-10-05T12:30:18+00:00","breadcrumb":{"@id":"https:\/\/chateaudemontolivet.com\/index.php\/mentions-legales\/#breadcrumb"},"inLanguage":"fr-FR","potentialAction":[{"@type":"ReadAction","target":["https:\/\/chateaudemontolivet.com\/index.php\/mentions-legales\/"]}]},{"@type":"BreadcrumbList","@id":"https:\/\/chateaudemontolivet.com\/index.php\/mentions-legales\/#breadcrumb","itemListElement":[{"@type":"ListItem","position":1,"name":"Accueil","item":"https:\/\/chateaudemontolivet.com\/"},{"@type":"ListItem","position":2,"name":"Mentions L\u00e9gales"}]},{"@type":"WebSite","@id":"https:\/\/chateaudemontolivet.com\/#website","url":"https:\/\/chateaudemontolivet.com\/","name":"Ch\u00e2teau de Montolivet","description":"Un lieu idyllique pour l&#039;organisation de votre mariages, s\u00e9minaire d&#039;entreprise et autre \u00e9v\u00e9nement.","potentialAction":[{"@type":"SearchAction","target":{"@type":"EntryPoint","urlTemplate":"https:\/\/chateaudemontolivet.com\/?s={search_term_string}"},"query-input":{"@type":"PropertyValueSpecification","valueRequired":true,"valueName":"search_term_string"}}],"inLanguage":"fr-FR"}]}},"jetpack_sharing_enabled":true,"_links":{"self":[{"href":"https:\/\/chateaudemontolivet.com\/index.php\/wp-json\/wp\/v2\/pages\/818","targetHints":{"allow":["GET"]}}],"collection":[{"href":"https:\/\/chateaudemontolivet.com\/index.php\/wp-json\/wp\/v2\/pages"}],"about":[{"href":"https:\/\/chateaudemontolivet.com\/index.php\/wp-json\/wp\/v2\/types\/page"}],"author":[{"embeddable":true,"href":"https:\/\/chateaudemontolivet.com\/index.php\/wp-json\/wp\/v2\/users\/1"}],"replies":[{"embeddable":true,"href":"https:\/\/chateaudemontolivet.com\/index.php\/wp-json\/wp\/v2\/comments?post=818"}],"version-history":[{"count":2,"href":"https:\/\/chateaudemontolivet.com\/index.php\/wp-json\/wp\/v2\/pages\/818\/revisions"}],"predecessor-version":[{"id":820,"href":"https:\/\/chateaudemontolivet.com\/index.php\/wp-json\/wp\/v2\/pages\/818\/revisions\/820"}],"wp:attachment":[{"href":"https:\/\/chateaudemontolivet.com\/index.php\/wp-json\/wp\/v2\/media?parent=818"}],"curies":[{"name":"wp","href":"https:\/\/api.w.org\/{rel}","templated":true}]}}