{"id":854,"date":"2021-10-06T09:38:52","date_gmt":"2021-10-06T07:38:52","guid":{"rendered":"http:\/\/chateaudemontolivet.com\/?post_type=product&#038;p=854"},"modified":"2021-12-15T09:31:02","modified_gmt":"2021-12-15T08:31:02","slug":"champagne-taittinger","status":"publish","type":"product","link":"https:\/\/chateaudemontolivet.com\/index.php\/produit\/champagne-taittinger\/","title":{"rendered":"CHAMPAGNE TAITTINGER"},"content":{"rendered":"<p><span id=\"page9R_mcid18\" class=\"markedContent\"><span dir=\"ltr\" role=\"presentation\">Taittinger Brut R\u00e9serve est compos\u00e9 de 40% de Chardonnay <\/span><\/span><span id=\"page9R_mcid19\" class=\"markedContent\"><span dir=\"ltr\" role=\"presentation\">et 60% de Pinot Noir et Pinot Meunier issus de plus de 35 crus <\/span><\/span><span id=\"page9R_mcid20\" class=\"markedContent\"><span dir=\"ltr\" role=\"presentation\">diff\u00e9rents et provenant de plusieurs vendanges parfaitement <\/span><\/span><span id=\"page9R_mcid21\" class=\"markedContent\"><span dir=\"ltr\" role=\"presentation\">conduites \u00e0 maturit\u00e9. Cette forte proportion de Chardonnay, <\/span><\/span><span id=\"page9R_mcid22\" class=\"markedContent\"><span dir=\"ltr\" role=\"presentation\">unique parmi les grands champagnes sans ann\u00e9e, ainsi qu\u2019un <\/span><\/span><span id=\"page9R_mcid23\" class=\"markedContent\"><span dir=\"ltr\" role=\"presentation\">vieillissement minimum de trois ans en cave, o\u00f9 il atteint sa <\/span><\/span><span id=\"page9R_mcid24\" class=\"markedContent\"><span dir=\"ltr\" role=\"presentation\">pleine maturit\u00e9 aromatique, font de Taittinger Brut R\u00e9serve <\/span><\/span><span id=\"page9R_mcid25\" class=\"markedContent\"><span dir=\"ltr\" role=\"presentation\">un champagne tr\u00e8s \u00e9quilibr\u00e9, dont la qualit\u00e9, d\u2019une constance <\/span><\/span><span id=\"page9R_mcid26\" class=\"markedContent\"><span dir=\"ltr\" role=\"presentation\">absolue, est reconnue dans le monde entier. C\u2019est ainsi <\/span><\/span><span id=\"page9R_mcid27\" class=\"markedContent\"><span dir=\"ltr\" role=\"presentation\">l\u2019honneur du Champagne Taittinger que de concevoir un Brut <\/span><\/span><span id=\"page9R_mcid28\" class=\"markedContent\"><span dir=\"ltr\" role=\"presentation\">sans ann\u00e9e d\u2019exception.<\/span><\/span><\/p>\n<p><span id=\"page9R_mcid5\" class=\"markedContent\"><span dir=\"ltr\" role=\"presentation\">La robe est brillante, de couleur jaune paille dor\u00e9e. Les <\/span><\/span><span id=\"page9R_mcid6\" class=\"markedContent\"><br role=\"presentation\" \/><span dir=\"ltr\" role=\"presentation\">bulles sont fines. La mousse est discr\u00e8te et persistante. Le <\/span><\/span><span id=\"page9R_mcid7\" class=\"markedContent\"><span dir=\"ltr\" role=\"presentation\">nez, tr\u00e8s expressif et ouvert, est \u00e0 la fois fruit\u00e9 et brioch\u00e9. Il <\/span><\/span><span id=\"page9R_mcid8\" class=\"markedContent\"><span dir=\"ltr\" role=\"presentation\">exhale des ar\u00f4mes de p\u00eache, de fleurs blanches (aub\u00e9pine, <\/span><\/span><span id=\"page9R_mcid9\" class=\"markedContent\"><span dir=\"ltr\" role=\"presentation\">acacia) et de gousse de vanille. L\u2019attaque en bouche est vive <\/span><\/span><span id=\"page9R_mcid10\" class=\"markedContent\"><span dir=\"ltr\" role=\"presentation\">et fra\u00eeche, harmonieuse. Puis c\u2019est tout en d\u00e9licatesse que <\/span><\/span><span id=\"page9R_mcid11\" class=\"markedContent\"><span dir=\"ltr\" role=\"presentation\">s\u2019expriment des saveurs de fruits et de miel. Brut R\u00e9serve, qui <\/span><\/span><span id=\"page9R_mcid12\" class=\"markedContent\"><span dir=\"ltr\" role=\"presentation\">acquiert toute sa maturit\u00e9 au cours de trois \u00e0 quatre ann\u00e9es <\/span><\/span><span id=\"page9R_mcid13\" class=\"markedContent\"><span dir=\"ltr\" role=\"presentation\">de vieillissement en cave, dispose d\u2019un potentiel aromatique <\/span><\/span><span id=\"page9R_mcid14\" class=\"markedContent\"><span dir=\"ltr\" role=\"presentation\">d\u00e9velopp\u00e9.<\/span><\/span><span id=\"page9R_mcid15\" class=\"markedContent\"><span dir=\"ltr\" role=\"presentation\">Taittinger Brut R\u00e9serve est le champagne de tous les instants. <\/span><\/span><span id=\"page9R_mcid16\" class=\"markedContent\"><span dir=\"ltr\" role=\"presentation\">Vin et symbole festif, il est le partenaire du bonheur et <\/span><\/span><span id=\"page9R_mcid17\" class=\"markedContent\"><span dir=\"ltr\" role=\"presentation\">accompagne les beaux moments de la vie.<\/span><\/span><\/p>\n","protected":false},"excerpt":{"rendered":"<p><strong>Bouteille 75cl<\/strong><\/p>\n<p><span id=\"page9R_mcid18\" class=\"markedContent\"><span dir=\"ltr\" role=\"presentation\">Taittinger Brut R\u00e9serve est compos\u00e9 de 40% de Chardonnay <\/span><\/span><span id=\"page9R_mcid19\" class=\"markedContent\"><span dir=\"ltr\" role=\"presentation\">et 60% de Pinot Noir et Pinot Meunier issus de plus de 35 crus <\/span><\/span><span id=\"page9R_mcid20\" class=\"markedContent\"><span dir=\"ltr\" role=\"presentation\">diff\u00e9rents et provenant de plusieurs vendanges parfaitement <\/span><\/span><span id=\"page9R_mcid21\" class=\"markedContent\"><span dir=\"ltr\" role=\"presentation\">conduites \u00e0 maturit\u00e9. Cette forte proportion de Chardonnay, <\/span><\/span><span id=\"page9R_mcid22\" class=\"markedContent\"><span dir=\"ltr\" role=\"presentation\">unique parmi les grands champagnes sans ann\u00e9e, ainsi qu\u2019un <\/span><\/span><span id=\"page9R_mcid23\" class=\"markedContent\"><span dir=\"ltr\" role=\"presentation\">vieillissement minimum de trois ans en cave, o\u00f9 il atteint sa <\/span><\/span><span id=\"page9R_mcid24\" class=\"markedContent\"><span dir=\"ltr\" role=\"presentation\">pleine maturit\u00e9 aromatique, font de Taittinger Brut R\u00e9serve <\/span><\/span><span id=\"page9R_mcid25\" class=\"markedContent\"><span dir=\"ltr\" role=\"presentation\">un champagne tr\u00e8s \u00e9quilibr\u00e9, dont la qualit\u00e9, d\u2019une constance <\/span><\/span><span id=\"page9R_mcid26\" class=\"markedContent\"><span dir=\"ltr\" role=\"presentation\">absolue, est reconnue dans le monde entier. C\u2019est ainsi <\/span><\/span><span id=\"page9R_mcid27\" class=\"markedContent\"><span dir=\"ltr\" role=\"presentation\">l\u2019honneur du Champagne Taittinger que de concevoir un Brut <\/span><\/span><span id=\"page9R_mcid28\" class=\"markedContent\"><span dir=\"ltr\" role=\"presentation\">sans ann\u00e9e d\u2019exception.<\/span><\/span><\/p>\n<p><span id=\"page9R_mcid5\" class=\"markedContent\"><span dir=\"ltr\" role=\"presentation\">La robe est brillante, de couleur jaune paille dor\u00e9e. Les <\/span><\/span><span id=\"page9R_mcid6\" class=\"markedContent\"><br role=\"presentation\" \/><span dir=\"ltr\" role=\"presentation\">bulles sont fines. La mousse est discr\u00e8te et persistante. Le <\/span><\/span><span id=\"page9R_mcid7\" class=\"markedContent\"><span dir=\"ltr\" role=\"presentation\">nez, tr\u00e8s expressif et ouvert, est \u00e0 la fois fruit\u00e9 et brioch\u00e9. Il <\/span><\/span><span id=\"page9R_mcid8\" class=\"markedContent\"><span dir=\"ltr\" role=\"presentation\">exhale des ar\u00f4mes de p\u00eache, de fleurs blanches (aub\u00e9pine, <\/span><\/span><span id=\"page9R_mcid9\" class=\"markedContent\"><span dir=\"ltr\" role=\"presentation\">acacia) et de gousse de vanille. L\u2019attaque en bouche est vive <\/span><\/span><span id=\"page9R_mcid10\" class=\"markedContent\"><span dir=\"ltr\" role=\"presentation\">et fra\u00eeche, harmonieuse. Puis c\u2019est tout en d\u00e9licatesse que <\/span><\/span><span id=\"page9R_mcid11\" class=\"markedContent\"><span dir=\"ltr\" role=\"presentation\">s\u2019expriment des saveurs de fruits et de miel. Brut R\u00e9serve, qui <\/span><\/span><span id=\"page9R_mcid12\" class=\"markedContent\"><span dir=\"ltr\" role=\"presentation\">acquiert toute sa maturit\u00e9 au cours de trois \u00e0 quatre ann\u00e9es <\/span><\/span><span id=\"page9R_mcid13\" class=\"markedContent\"><span dir=\"ltr\" role=\"presentation\">de vieillissement en cave, dispose d\u2019un potentiel aromatique <\/span><\/span><span id=\"page9R_mcid14\" class=\"markedContent\"><span dir=\"ltr\" role=\"presentation\">d\u00e9velopp\u00e9.<\/span><\/span><\/p>\n<p><em><strong><span id=\"page9R_mcid15\" class=\"markedContent\"><span dir=\"ltr\" role=\"presentation\">Taittinger Brut R\u00e9serve est le champagne de tous les instants. <\/span><\/span><span id=\"page9R_mcid16\" class=\"markedContent\"><span dir=\"ltr\" role=\"presentation\">Vin et symbole festif, il est le partenaire du bonheur et <\/span><\/span><span id=\"page9R_mcid17\" class=\"markedContent\"><span dir=\"ltr\" role=\"presentation\">accompagne les beaux moments de la vie.<\/span><\/span><\/strong><\/em><\/p>\n","protected":false},"featured_media":856,"comment_status":"open","ping_status":"closed","template":"","meta":[],"product_brand":[],"product_cat":[25],"product_tag":[],"class_list":{"0":"post-854","1":"product","2":"type-product","3":"status-publish","4":"has-post-thumbnail","6":"product_cat-champagne","8":"first","9":"instock","10":"shipping-taxable","11":"product-type-simple"},"yoast_head":"<!-- This site is optimized with the Yoast SEO plugin v26.2 - https:\/\/yoast.com\/wordpress\/plugins\/seo\/ -->\n<title>CHAMPAGNE TAITTINGER - Ch\u00e2teau de Montolivet<\/title>\n<meta name=\"description\" content=\"Taittinger Brut R\u00e9serve est compos\u00e9 de 40% de Chardonnay et 60% de Pinot Noir et Pinot Meunier issus de plus de 35 crus diff\u00e9rents et provenant de plusieurs vendanges parfaitement conduites \u00e0 maturit\u00e9.\" \/>\n<meta name=\"robots\" content=\"index, follow, max-snippet:-1, max-image-preview:large, max-video-preview:-1\" \/>\n<link rel=\"canonical\" href=\"https:\/\/chateaudemontolivet.com\/index.php\/produit\/champagne-taittinger\/\" \/>\n<meta property=\"og:locale\" content=\"fr_FR\" \/>\n<meta property=\"og:type\" content=\"article\" \/>\n<meta property=\"og:title\" content=\"CHAMPAGNE TAITTINGER - Ch\u00e2teau de Montolivet\" \/>\n<meta property=\"og:description\" content=\"Taittinger Brut R\u00e9serve est compos\u00e9 de 40% de Chardonnay et 60% de Pinot Noir et Pinot Meunier issus de plus de 35 crus diff\u00e9rents et provenant de plusieurs vendanges parfaitement conduites \u00e0 maturit\u00e9.\" \/>\n<meta property=\"og:url\" content=\"https:\/\/chateaudemontolivet.com\/index.php\/produit\/champagne-taittinger\/\" \/>\n<meta property=\"og:site_name\" content=\"Ch\u00e2teau de Montolivet\" \/>\n<meta property=\"article:modified_time\" content=\"2021-12-15T08:31:02+00:00\" \/>\n<meta property=\"og:image\" content=\"https:\/\/i0.wp.com\/chateaudemontolivet.com\/wp-content\/uploads\/2021\/10\/Capture-de\u0301cran-2021-10-06-a\u0300-09.46.44-e1633513306150.png?fit=240%2C400&ssl=1\" \/>\n\t<meta property=\"og:image:width\" content=\"240\" \/>\n\t<meta property=\"og:image:height\" content=\"400\" \/>\n\t<meta property=\"og:image:type\" content=\"image\/png\" \/>\n<meta name=\"twitter:card\" content=\"summary_large_image\" \/>\n<meta name=\"twitter:label1\" content=\"Dur\u00e9e de lecture estim\u00e9e\" \/>\n\t<meta name=\"twitter:data1\" content=\"1 minute\" \/>\n<script type=\"application\/ld+json\" class=\"yoast-schema-graph\">{\"@context\":\"https:\/\/schema.org\",\"@graph\":[{\"@type\":\"WebPage\",\"@id\":\"https:\/\/chateaudemontolivet.com\/index.php\/produit\/champagne-taittinger\/\",\"url\":\"https:\/\/chateaudemontolivet.com\/index.php\/produit\/champagne-taittinger\/\",\"name\":\"CHAMPAGNE TAITTINGER - Ch\u00e2teau de Montolivet\",\"isPartOf\":{\"@id\":\"https:\/\/chateaudemontolivet.com\/#website\"},\"primaryImageOfPage\":{\"@id\":\"https:\/\/chateaudemontolivet.com\/index.php\/produit\/champagne-taittinger\/#primaryimage\"},\"image\":{\"@id\":\"https:\/\/chateaudemontolivet.com\/index.php\/produit\/champagne-taittinger\/#primaryimage\"},\"thumbnailUrl\":\"https:\/\/i0.wp.com\/chateaudemontolivet.com\/wp-content\/uploads\/2021\/10\/Capture-de%CC%81cran-2021-10-06-a%CC%80-09.46.44-e1633513306150.png?fit=240%2C400&ssl=1\",\"datePublished\":\"2021-10-06T07:38:52+00:00\",\"dateModified\":\"2021-12-15T08:31:02+00:00\",\"description\":\"Taittinger Brut R\u00e9serve est compos\u00e9 de 40% de Chardonnay et 60% de Pinot Noir et Pinot Meunier issus de plus de 35 crus diff\u00e9rents et provenant de plusieurs vendanges parfaitement conduites \u00e0 maturit\u00e9.\",\"breadcrumb\":{\"@id\":\"https:\/\/chateaudemontolivet.com\/index.php\/produit\/champagne-taittinger\/#breadcrumb\"},\"inLanguage\":\"fr-FR\",\"potentialAction\":[{\"@type\":\"ReadAction\",\"target\":[\"https:\/\/chateaudemontolivet.com\/index.php\/produit\/champagne-taittinger\/\"]}]},{\"@type\":\"ImageObject\",\"inLanguage\":\"fr-FR\",\"@id\":\"https:\/\/chateaudemontolivet.com\/index.php\/produit\/champagne-taittinger\/#primaryimage\",\"url\":\"https:\/\/i0.wp.com\/chateaudemontolivet.com\/wp-content\/uploads\/2021\/10\/Capture-de%CC%81cran-2021-10-06-a%CC%80-09.46.44-e1633513306150.png?fit=240%2C400&ssl=1\",\"contentUrl\":\"https:\/\/i0.wp.com\/chateaudemontolivet.com\/wp-content\/uploads\/2021\/10\/Capture-de%CC%81cran-2021-10-06-a%CC%80-09.46.44-e1633513306150.png?fit=240%2C400&ssl=1\",\"width\":240,\"height\":400},{\"@type\":\"BreadcrumbList\",\"@id\":\"https:\/\/chateaudemontolivet.com\/index.php\/produit\/champagne-taittinger\/#breadcrumb\",\"itemListElement\":[{\"@type\":\"ListItem\",\"position\":1,\"name\":\"Accueil\",\"item\":\"https:\/\/chateaudemontolivet.com\/\"},{\"@type\":\"ListItem\",\"position\":2,\"name\":\"Products\",\"item\":\"https:\/\/chateaudemontolivet.com\/index.php\/nos-vins\/\"},{\"@type\":\"ListItem\",\"position\":3,\"name\":\"CHAMPAGNE TAITTINGER\"}]},{\"@type\":\"WebSite\",\"@id\":\"https:\/\/chateaudemontolivet.com\/#website\",\"url\":\"https:\/\/chateaudemontolivet.com\/\",\"name\":\"Ch\u00e2teau de Montolivet\",\"description\":\"Un lieu idyllique pour l&#039;organisation de votre mariages, s\u00e9minaire d&#039;entreprise et autre \u00e9v\u00e9nement.\",\"potentialAction\":[{\"@type\":\"SearchAction\",\"target\":{\"@type\":\"EntryPoint\",\"urlTemplate\":\"https:\/\/chateaudemontolivet.com\/?s={search_term_string}\"},\"query-input\":{\"@type\":\"PropertyValueSpecification\",\"valueRequired\":true,\"valueName\":\"search_term_string\"}}],\"inLanguage\":\"fr-FR\"}]}<\/script>\n<!-- \/ Yoast SEO plugin. -->","yoast_head_json":{"title":"CHAMPAGNE TAITTINGER - Ch\u00e2teau de Montolivet","description":"Taittinger Brut R\u00e9serve est compos\u00e9 de 40% de Chardonnay et 60% de Pinot Noir et Pinot Meunier issus de plus de 35 crus diff\u00e9rents et provenant de plusieurs vendanges parfaitement conduites \u00e0 maturit\u00e9.","robots":{"index":"index","follow":"follow","max-snippet":"max-snippet:-1","max-image-preview":"max-image-preview:large","max-video-preview":"max-video-preview:-1"},"canonical":"https:\/\/chateaudemontolivet.com\/index.php\/produit\/champagne-taittinger\/","og_locale":"fr_FR","og_type":"article","og_title":"CHAMPAGNE TAITTINGER - Ch\u00e2teau de Montolivet","og_description":"Taittinger Brut R\u00e9serve est compos\u00e9 de 40% de Chardonnay et 60% de Pinot Noir et Pinot Meunier issus de plus de 35 crus diff\u00e9rents et provenant de plusieurs vendanges parfaitement conduites \u00e0 maturit\u00e9.","og_url":"https:\/\/chateaudemontolivet.com\/index.php\/produit\/champagne-taittinger\/","og_site_name":"Ch\u00e2teau de Montolivet","article_modified_time":"2021-12-15T08:31:02+00:00","og_image":[{"width":240,"height":400,"url":"https:\/\/i0.wp.com\/chateaudemontolivet.com\/wp-content\/uploads\/2021\/10\/Capture-de\u0301cran-2021-10-06-a\u0300-09.46.44-e1633513306150.png?fit=240%2C400&ssl=1","type":"image\/png"}],"twitter_card":"summary_large_image","twitter_misc":{"Dur\u00e9e de lecture estim\u00e9e":"1 minute"},"schema":{"@context":"https:\/\/schema.org","@graph":[{"@type":"WebPage","@id":"https:\/\/chateaudemontolivet.com\/index.php\/produit\/champagne-taittinger\/","url":"https:\/\/chateaudemontolivet.com\/index.php\/produit\/champagne-taittinger\/","name":"CHAMPAGNE TAITTINGER - Ch\u00e2teau de Montolivet","isPartOf":{"@id":"https:\/\/chateaudemontolivet.com\/#website"},"primaryImageOfPage":{"@id":"https:\/\/chateaudemontolivet.com\/index.php\/produit\/champagne-taittinger\/#primaryimage"},"image":{"@id":"https:\/\/chateaudemontolivet.com\/index.php\/produit\/champagne-taittinger\/#primaryimage"},"thumbnailUrl":"https:\/\/i0.wp.com\/chateaudemontolivet.com\/wp-content\/uploads\/2021\/10\/Capture-de%CC%81cran-2021-10-06-a%CC%80-09.46.44-e1633513306150.png?fit=240%2C400&ssl=1","datePublished":"2021-10-06T07:38:52+00:00","dateModified":"2021-12-15T08:31:02+00:00","description":"Taittinger Brut R\u00e9serve est compos\u00e9 de 40% de Chardonnay et 60% de Pinot Noir et Pinot Meunier issus de plus de 35 crus diff\u00e9rents et provenant de plusieurs vendanges parfaitement conduites \u00e0 maturit\u00e9.","breadcrumb":{"@id":"https:\/\/chateaudemontolivet.com\/index.php\/produit\/champagne-taittinger\/#breadcrumb"},"inLanguage":"fr-FR","potentialAction":[{"@type":"ReadAction","target":["https:\/\/chateaudemontolivet.com\/index.php\/produit\/champagne-taittinger\/"]}]},{"@type":"ImageObject","inLanguage":"fr-FR","@id":"https:\/\/chateaudemontolivet.com\/index.php\/produit\/champagne-taittinger\/#primaryimage","url":"https:\/\/i0.wp.com\/chateaudemontolivet.com\/wp-content\/uploads\/2021\/10\/Capture-de%CC%81cran-2021-10-06-a%CC%80-09.46.44-e1633513306150.png?fit=240%2C400&ssl=1","contentUrl":"https:\/\/i0.wp.com\/chateaudemontolivet.com\/wp-content\/uploads\/2021\/10\/Capture-de%CC%81cran-2021-10-06-a%CC%80-09.46.44-e1633513306150.png?fit=240%2C400&ssl=1","width":240,"height":400},{"@type":"BreadcrumbList","@id":"https:\/\/chateaudemontolivet.com\/index.php\/produit\/champagne-taittinger\/#breadcrumb","itemListElement":[{"@type":"ListItem","position":1,"name":"Accueil","item":"https:\/\/chateaudemontolivet.com\/"},{"@type":"ListItem","position":2,"name":"Products","item":"https:\/\/chateaudemontolivet.com\/index.php\/nos-vins\/"},{"@type":"ListItem","position":3,"name":"CHAMPAGNE TAITTINGER"}]},{"@type":"WebSite","@id":"https:\/\/chateaudemontolivet.com\/#website","url":"https:\/\/chateaudemontolivet.com\/","name":"Ch\u00e2teau de Montolivet","description":"Un lieu idyllique pour l&#039;organisation de votre mariages, s\u00e9minaire d&#039;entreprise et autre \u00e9v\u00e9nement.","potentialAction":[{"@type":"SearchAction","target":{"@type":"EntryPoint","urlTemplate":"https:\/\/chateaudemontolivet.com\/?s={search_term_string}"},"query-input":{"@type":"PropertyValueSpecification","valueRequired":true,"valueName":"search_term_string"}}],"inLanguage":"fr-FR"}]}},"jetpack_sharing_enabled":true,"_links":{"self":[{"href":"https:\/\/chateaudemontolivet.com\/index.php\/wp-json\/wp\/v2\/product\/854","targetHints":{"allow":["GET"]}}],"collection":[{"href":"https:\/\/chateaudemontolivet.com\/index.php\/wp-json\/wp\/v2\/product"}],"about":[{"href":"https:\/\/chateaudemontolivet.com\/index.php\/wp-json\/wp\/v2\/types\/product"}],"replies":[{"embeddable":true,"href":"https:\/\/chateaudemontolivet.com\/index.php\/wp-json\/wp\/v2\/comments?post=854"}],"wp:featuredmedia":[{"embeddable":true,"href":"https:\/\/chateaudemontolivet.com\/index.php\/wp-json\/wp\/v2\/media\/856"}],"wp:attachment":[{"href":"https:\/\/chateaudemontolivet.com\/index.php\/wp-json\/wp\/v2\/media?parent=854"}],"wp:term":[{"taxonomy":"product_brand","embeddable":true,"href":"https:\/\/chateaudemontolivet.com\/index.php\/wp-json\/wp\/v2\/product_brand?post=854"},{"taxonomy":"product_cat","embeddable":true,"href":"https:\/\/chateaudemontolivet.com\/index.php\/wp-json\/wp\/v2\/product_cat?post=854"},{"taxonomy":"product_tag","embeddable":true,"href":"https:\/\/chateaudemontolivet.com\/index.php\/wp-json\/wp\/v2\/product_tag?post=854"}],"curies":[{"name":"wp","href":"https:\/\/api.w.org\/{rel}","templated":true}]}}