{"id":864,"date":"2021-10-06T10:05:07","date_gmt":"2021-10-06T08:05:07","guid":{"rendered":"http:\/\/chateaudemontolivet.com\/?post_type=product&#038;p=864"},"modified":"2021-12-15T09:30:51","modified_gmt":"2021-12-15T08:30:51","slug":"cotes-de-gascogne-tariquet-magnum","status":"publish","type":"product","link":"https:\/\/chateaudemontolivet.com\/index.php\/produit\/cotes-de-gascogne-tariquet-magnum\/","title":{"rendered":"COTES DE GASCOGNE TARIQUET &#8211; MAGNUM"},"content":{"rendered":"<h2><strong>La cuv\u00e9e Tariquet Premi\u00e8res Grives 2019 &#8211; C\u00f4tes de Gascogne blanc MAGNUM<br \/>\n<\/strong><\/h2>\n<p>Le domaine Tariquet produit des vins en IGP C\u00f4tes de Gascogne, principalement plusieurs cuv\u00e9es de vins blancs secs et sucr\u00e9s mais la cuv\u00e9e <strong>Tariquet\u00a0Premi\u00e8res Grives<\/strong> reste la cuv\u00e9e la plus connue et appr\u00e9ci\u00e9e des consommateurs.<\/p>\n<p><strong>Le vin :<\/strong>\u00a0issu du c\u00e9page Gros manseng que l&rsquo;on retrouve majoritairement dans le Sud-Ouest avec son double, le Petit Manseng. Raisin vendang\u00e9 tardivement. Vinification 4 semaines avec levures indig\u00e8nes. Elevage 3-4 mois sur lies en cuves inox (basses temp\u00e9ratures progressives).<\/p>\n<p><strong>Type :<\/strong>\u00a0vin blanc moelleux (Sucres r\u00e9siduels :43 \u00e0 60 g\/L).<\/p>\n<p><strong>Terroir :<\/strong> Plusieurs parcelles : 2\/3 argilo-calcaire 1\/3 boulb\u00e8nes l\u00e9g\u00e8res (sablo-argileuse).<\/p>\n<p><strong>Profil de d\u00e9gustation du vin un C\u00f4tes de Gascogne doux:<\/strong>\u00a0Vin moelleux sans \u00eatre trop sucr\u00e9. Robe jaune claire, limpide et brillante. Nez sur les fleurs blanches (acacia, tilleul). Bouche avec un l\u00e9ger perlant, tr\u00e8s fruit\u00e9e: suivant les mill\u00e9simes, peut \u00eatre sur l&rsquo;ananas ou le coing. Finale sur la fra\u00eecheur, acidul\u00e9e, assez longue.<\/p>\n<p><strong>Les accords mets-vin :<\/strong> Ap\u00e9ritif, Ananas r\u00f4ti \/ Ananas caram\u00e9lis\u00e9, Ananas flamb\u00e9<\/p>\n<p><strong>Le producteur :<\/strong>\u00a0 Domaine de Tariquet. Domaine tellement connu que certains pensent que c&rsquo;est une appellation. Tr\u00e8s bon marketing. La cuv\u00e9e <strong>Tariquet Premi\u00e8res Grives<\/strong> est une institution \u00e0 l&rsquo;ap\u00e9ro dans le Sud-Ouest. De gros investissements sont n\u00e9cessaire pour obtenir une viticulture la plus raisonn\u00e9e possible.<\/p>\n<p><strong>Agriculture :<\/strong>\u00a0Raisonn\u00e9e sur\u00a01125 ha.<\/p>\n<p><strong>L&rsquo;appellation : <\/strong>C\u00f4tes de Gascogne IGP de 2011 (ex VDP de 1982) produit dans le d\u00e9partement du Gers, \u00e0 l\u2019ouest d\u2019Auch, 90% de vins blancs secs. Cette production est une des plus importantes productions IGP de vins blancs fran\u00e7ais. Les IGP C\u00f4tes de Gascogne font partie de la grande famille des\u00a0<strong>Vins du Sud-Ouest<\/strong> tels que Madiran, Juran\u00e7on, Fronton, B\u00e9arn, Iroul\u00e9gy, Cahors, Gaillac, &#8230;<\/p>\n","protected":false},"excerpt":{"rendered":"<p><strong>Bouteille 1,5L<\/strong><\/p>\n<p>Le domaine Tariquet produit des vins en IGP C\u00f4tes de Gascogne, principalement plusieurs cuv\u00e9es de vins blancs secs et sucr\u00e9s mais la cuv\u00e9e <strong>Tariquet\u00a0Premi\u00e8res Grives<\/strong> reste la cuv\u00e9e la plus connue et appr\u00e9ci\u00e9e des consommateurs.<\/p>\n<p><strong>Le vin :<\/strong>\u00a0issu du c\u00e9page Gros manseng que l&rsquo;on retrouve majoritairement dans le Sud-Ouest avec son double, le Petit Manseng. Raisin vendang\u00e9 tardivement. Vinification 4 semaines avec levures indig\u00e8nes. Elevage 3-4 mois sur lies en cuves inox (basses temp\u00e9ratures progressives).<\/p>\n<p><strong>Type :<\/strong>\u00a0vin blanc moelleux (Sucres r\u00e9siduels :43 \u00e0 60 g\/L).<\/p>\n<p><strong>Terroir :<\/strong> Plusieurs parcelles : 2\/3 argilo-calcaire 1\/3 boulb\u00e8nes l\u00e9g\u00e8res (sablo-argileuse).<\/p>\n<p><strong>Profil de d\u00e9gustation du vin un C\u00f4tes de Gascogne doux:<\/strong>\u00a0Vin moelleux sans \u00eatre trop sucr\u00e9. Robe jaune claire, limpide et brillante. Nez sur les fleurs blanches (acacia, tilleul). Bouche avec un l\u00e9ger perlant, tr\u00e8s fruit\u00e9e: suivant les mill\u00e9simes, peut \u00eatre sur l&rsquo;ananas ou le coing. Finale sur la fra\u00eecheur, acidul\u00e9e, assez longue.<\/p>\n<p><strong>Les accords mets-vin :<\/strong> Ap\u00e9ritif, Ananas r\u00f4ti \/ Ananas caram\u00e9lis\u00e9, Ananas flamb\u00e9<\/p>\n<p><strong>Le producteur :<\/strong>\u00a0 Domaine de Tariquet. Domaine tellement connu que certains pensent que c&rsquo;est une appellation. Tr\u00e8s bon marketing. La cuv\u00e9e <strong>Tariquet Premi\u00e8res Grives<\/strong> est une institution \u00e0 l&rsquo;ap\u00e9ro dans le Sud-Ouest. De gros investissements sont n\u00e9cessaire pour obtenir une viticulture la plus raisonn\u00e9e possible.<\/p>\n<p><strong>Agriculture :<\/strong>\u00a0Raisonn\u00e9e sur\u00a01125 ha.<\/p>\n<p><strong>L&rsquo;appellation : <\/strong>C\u00f4tes de Gascogne IGP de 2011 (ex VDP de 1982) produit dans le d\u00e9partement du Gers, \u00e0 l\u2019ouest d\u2019Auch, 90% de vins blancs secs. Cette production est une des plus importantes productions IGP de vins blancs fran\u00e7ais. Les IGP C\u00f4tes de Gascogne font partie de la grande famille des\u00a0<strong>Vins du Sud-Ouest<\/strong> tels que Madiran, Juran\u00e7on, Fronton, B\u00e9arn, Iroul\u00e9gy, Cahors, Gaillac, &#8230;<\/p>\n","protected":false},"featured_media":863,"comment_status":"open","ping_status":"closed","template":"","meta":[],"product_brand":[],"product_cat":[26],"product_tag":[],"class_list":{"0":"post-864","1":"product","2":"type-product","3":"status-publish","4":"has-post-thumbnail","6":"product_cat-vin-blanc","8":"first","9":"instock","10":"shipping-taxable","11":"product-type-simple"},"yoast_head":"<!-- This site is optimized with the Yoast SEO plugin v26.2 - https:\/\/yoast.com\/wordpress\/plugins\/seo\/ -->\n<title>COTES DE GASCOGNE TARIQUET - MAGNUM - Ch\u00e2teau de Montolivet<\/title>\n<meta name=\"description\" content=\"Taittinger Brut R\u00e9serve est compos\u00e9 de 40% de Chardonnay et 60% de Pinot Noir et Pinot Meunier issus de plus de 35 crus diff\u00e9rents et provenant de plusieurs vendanges parfaitement conduites \u00e0 maturit\u00e9.\" \/>\n<meta name=\"robots\" content=\"index, follow, max-snippet:-1, max-image-preview:large, max-video-preview:-1\" \/>\n<link rel=\"canonical\" href=\"https:\/\/chateaudemontolivet.com\/index.php\/produit\/cotes-de-gascogne-tariquet-magnum\/\" \/>\n<meta property=\"og:locale\" content=\"fr_FR\" \/>\n<meta property=\"og:type\" content=\"article\" \/>\n<meta property=\"og:title\" content=\"COTES DE GASCOGNE TARIQUET - MAGNUM - Ch\u00e2teau de Montolivet\" \/>\n<meta property=\"og:description\" content=\"Taittinger Brut R\u00e9serve est compos\u00e9 de 40% de Chardonnay et 60% de Pinot Noir et Pinot Meunier issus de plus de 35 crus diff\u00e9rents et provenant de plusieurs vendanges parfaitement conduites \u00e0 maturit\u00e9.\" \/>\n<meta property=\"og:url\" content=\"https:\/\/chateaudemontolivet.com\/index.php\/produit\/cotes-de-gascogne-tariquet-magnum\/\" \/>\n<meta property=\"og:site_name\" content=\"Ch\u00e2teau de Montolivet\" \/>\n<meta property=\"article:modified_time\" content=\"2021-12-15T08:30:51+00:00\" \/>\n<meta property=\"og:image\" content=\"https:\/\/i0.wp.com\/chateaudemontolivet.com\/wp-content\/uploads\/2021\/10\/Capture-de\u0301cran-2021-10-06-a\u0300-10.03.05-e1633513293765.png?fit=284%2C400&ssl=1\" \/>\n\t<meta property=\"og:image:width\" content=\"284\" \/>\n\t<meta property=\"og:image:height\" content=\"400\" \/>\n\t<meta property=\"og:image:type\" content=\"image\/png\" \/>\n<meta name=\"twitter:card\" content=\"summary_large_image\" \/>\n<meta name=\"twitter:label1\" content=\"Dur\u00e9e de lecture estim\u00e9e\" \/>\n\t<meta name=\"twitter:data1\" content=\"1 minute\" \/>\n<script type=\"application\/ld+json\" class=\"yoast-schema-graph\">{\"@context\":\"https:\/\/schema.org\",\"@graph\":[{\"@type\":\"WebPage\",\"@id\":\"https:\/\/chateaudemontolivet.com\/index.php\/produit\/cotes-de-gascogne-tariquet-magnum\/\",\"url\":\"https:\/\/chateaudemontolivet.com\/index.php\/produit\/cotes-de-gascogne-tariquet-magnum\/\",\"name\":\"COTES DE GASCOGNE TARIQUET - MAGNUM - Ch\u00e2teau de Montolivet\",\"isPartOf\":{\"@id\":\"https:\/\/chateaudemontolivet.com\/#website\"},\"primaryImageOfPage\":{\"@id\":\"https:\/\/chateaudemontolivet.com\/index.php\/produit\/cotes-de-gascogne-tariquet-magnum\/#primaryimage\"},\"image\":{\"@id\":\"https:\/\/chateaudemontolivet.com\/index.php\/produit\/cotes-de-gascogne-tariquet-magnum\/#primaryimage\"},\"thumbnailUrl\":\"https:\/\/i0.wp.com\/chateaudemontolivet.com\/wp-content\/uploads\/2021\/10\/Capture-de%CC%81cran-2021-10-06-a%CC%80-10.03.05-e1633513293765.png?fit=284%2C400&ssl=1\",\"datePublished\":\"2021-10-06T08:05:07+00:00\",\"dateModified\":\"2021-12-15T08:30:51+00:00\",\"description\":\"Taittinger Brut R\u00e9serve est compos\u00e9 de 40% de Chardonnay et 60% de Pinot Noir et Pinot Meunier issus de plus de 35 crus diff\u00e9rents et provenant de plusieurs vendanges parfaitement conduites \u00e0 maturit\u00e9.\",\"breadcrumb\":{\"@id\":\"https:\/\/chateaudemontolivet.com\/index.php\/produit\/cotes-de-gascogne-tariquet-magnum\/#breadcrumb\"},\"inLanguage\":\"fr-FR\",\"potentialAction\":[{\"@type\":\"ReadAction\",\"target\":[\"https:\/\/chateaudemontolivet.com\/index.php\/produit\/cotes-de-gascogne-tariquet-magnum\/\"]}]},{\"@type\":\"ImageObject\",\"inLanguage\":\"fr-FR\",\"@id\":\"https:\/\/chateaudemontolivet.com\/index.php\/produit\/cotes-de-gascogne-tariquet-magnum\/#primaryimage\",\"url\":\"https:\/\/i0.wp.com\/chateaudemontolivet.com\/wp-content\/uploads\/2021\/10\/Capture-de%CC%81cran-2021-10-06-a%CC%80-10.03.05-e1633513293765.png?fit=284%2C400&ssl=1\",\"contentUrl\":\"https:\/\/i0.wp.com\/chateaudemontolivet.com\/wp-content\/uploads\/2021\/10\/Capture-de%CC%81cran-2021-10-06-a%CC%80-10.03.05-e1633513293765.png?fit=284%2C400&ssl=1\",\"width\":284,\"height\":400},{\"@type\":\"BreadcrumbList\",\"@id\":\"https:\/\/chateaudemontolivet.com\/index.php\/produit\/cotes-de-gascogne-tariquet-magnum\/#breadcrumb\",\"itemListElement\":[{\"@type\":\"ListItem\",\"position\":1,\"name\":\"Accueil\",\"item\":\"https:\/\/chateaudemontolivet.com\/\"},{\"@type\":\"ListItem\",\"position\":2,\"name\":\"Products\",\"item\":\"https:\/\/chateaudemontolivet.com\/index.php\/nos-vins\/\"},{\"@type\":\"ListItem\",\"position\":3,\"name\":\"COTES DE GASCOGNE TARIQUET &#8211; MAGNUM\"}]},{\"@type\":\"WebSite\",\"@id\":\"https:\/\/chateaudemontolivet.com\/#website\",\"url\":\"https:\/\/chateaudemontolivet.com\/\",\"name\":\"Ch\u00e2teau de Montolivet\",\"description\":\"Un lieu idyllique pour l&#039;organisation de votre mariages, s\u00e9minaire d&#039;entreprise et autre \u00e9v\u00e9nement.\",\"potentialAction\":[{\"@type\":\"SearchAction\",\"target\":{\"@type\":\"EntryPoint\",\"urlTemplate\":\"https:\/\/chateaudemontolivet.com\/?s={search_term_string}\"},\"query-input\":{\"@type\":\"PropertyValueSpecification\",\"valueRequired\":true,\"valueName\":\"search_term_string\"}}],\"inLanguage\":\"fr-FR\"}]}<\/script>\n<!-- \/ Yoast SEO plugin. -->","yoast_head_json":{"title":"COTES DE GASCOGNE TARIQUET - MAGNUM - Ch\u00e2teau de Montolivet","description":"Taittinger Brut R\u00e9serve est compos\u00e9 de 40% de Chardonnay et 60% de Pinot Noir et Pinot Meunier issus de plus de 35 crus diff\u00e9rents et provenant de plusieurs vendanges parfaitement conduites \u00e0 maturit\u00e9.","robots":{"index":"index","follow":"follow","max-snippet":"max-snippet:-1","max-image-preview":"max-image-preview:large","max-video-preview":"max-video-preview:-1"},"canonical":"https:\/\/chateaudemontolivet.com\/index.php\/produit\/cotes-de-gascogne-tariquet-magnum\/","og_locale":"fr_FR","og_type":"article","og_title":"COTES DE GASCOGNE TARIQUET - MAGNUM - Ch\u00e2teau de Montolivet","og_description":"Taittinger Brut R\u00e9serve est compos\u00e9 de 40% de Chardonnay et 60% de Pinot Noir et Pinot Meunier issus de plus de 35 crus diff\u00e9rents et provenant de plusieurs vendanges parfaitement conduites \u00e0 maturit\u00e9.","og_url":"https:\/\/chateaudemontolivet.com\/index.php\/produit\/cotes-de-gascogne-tariquet-magnum\/","og_site_name":"Ch\u00e2teau de Montolivet","article_modified_time":"2021-12-15T08:30:51+00:00","og_image":[{"width":284,"height":400,"url":"https:\/\/i0.wp.com\/chateaudemontolivet.com\/wp-content\/uploads\/2021\/10\/Capture-de\u0301cran-2021-10-06-a\u0300-10.03.05-e1633513293765.png?fit=284%2C400&ssl=1","type":"image\/png"}],"twitter_card":"summary_large_image","twitter_misc":{"Dur\u00e9e de lecture estim\u00e9e":"1 minute"},"schema":{"@context":"https:\/\/schema.org","@graph":[{"@type":"WebPage","@id":"https:\/\/chateaudemontolivet.com\/index.php\/produit\/cotes-de-gascogne-tariquet-magnum\/","url":"https:\/\/chateaudemontolivet.com\/index.php\/produit\/cotes-de-gascogne-tariquet-magnum\/","name":"COTES DE GASCOGNE TARIQUET - MAGNUM - Ch\u00e2teau de Montolivet","isPartOf":{"@id":"https:\/\/chateaudemontolivet.com\/#website"},"primaryImageOfPage":{"@id":"https:\/\/chateaudemontolivet.com\/index.php\/produit\/cotes-de-gascogne-tariquet-magnum\/#primaryimage"},"image":{"@id":"https:\/\/chateaudemontolivet.com\/index.php\/produit\/cotes-de-gascogne-tariquet-magnum\/#primaryimage"},"thumbnailUrl":"https:\/\/i0.wp.com\/chateaudemontolivet.com\/wp-content\/uploads\/2021\/10\/Capture-de%CC%81cran-2021-10-06-a%CC%80-10.03.05-e1633513293765.png?fit=284%2C400&ssl=1","datePublished":"2021-10-06T08:05:07+00:00","dateModified":"2021-12-15T08:30:51+00:00","description":"Taittinger Brut R\u00e9serve est compos\u00e9 de 40% de Chardonnay et 60% de Pinot Noir et Pinot Meunier issus de plus de 35 crus diff\u00e9rents et provenant de plusieurs vendanges parfaitement conduites \u00e0 maturit\u00e9.","breadcrumb":{"@id":"https:\/\/chateaudemontolivet.com\/index.php\/produit\/cotes-de-gascogne-tariquet-magnum\/#breadcrumb"},"inLanguage":"fr-FR","potentialAction":[{"@type":"ReadAction","target":["https:\/\/chateaudemontolivet.com\/index.php\/produit\/cotes-de-gascogne-tariquet-magnum\/"]}]},{"@type":"ImageObject","inLanguage":"fr-FR","@id":"https:\/\/chateaudemontolivet.com\/index.php\/produit\/cotes-de-gascogne-tariquet-magnum\/#primaryimage","url":"https:\/\/i0.wp.com\/chateaudemontolivet.com\/wp-content\/uploads\/2021\/10\/Capture-de%CC%81cran-2021-10-06-a%CC%80-10.03.05-e1633513293765.png?fit=284%2C400&ssl=1","contentUrl":"https:\/\/i0.wp.com\/chateaudemontolivet.com\/wp-content\/uploads\/2021\/10\/Capture-de%CC%81cran-2021-10-06-a%CC%80-10.03.05-e1633513293765.png?fit=284%2C400&ssl=1","width":284,"height":400},{"@type":"BreadcrumbList","@id":"https:\/\/chateaudemontolivet.com\/index.php\/produit\/cotes-de-gascogne-tariquet-magnum\/#breadcrumb","itemListElement":[{"@type":"ListItem","position":1,"name":"Accueil","item":"https:\/\/chateaudemontolivet.com\/"},{"@type":"ListItem","position":2,"name":"Products","item":"https:\/\/chateaudemontolivet.com\/index.php\/nos-vins\/"},{"@type":"ListItem","position":3,"name":"COTES DE GASCOGNE TARIQUET &#8211; MAGNUM"}]},{"@type":"WebSite","@id":"https:\/\/chateaudemontolivet.com\/#website","url":"https:\/\/chateaudemontolivet.com\/","name":"Ch\u00e2teau de Montolivet","description":"Un lieu idyllique pour l&#039;organisation de votre mariages, s\u00e9minaire d&#039;entreprise et autre \u00e9v\u00e9nement.","potentialAction":[{"@type":"SearchAction","target":{"@type":"EntryPoint","urlTemplate":"https:\/\/chateaudemontolivet.com\/?s={search_term_string}"},"query-input":{"@type":"PropertyValueSpecification","valueRequired":true,"valueName":"search_term_string"}}],"inLanguage":"fr-FR"}]}},"jetpack_sharing_enabled":true,"_links":{"self":[{"href":"https:\/\/chateaudemontolivet.com\/index.php\/wp-json\/wp\/v2\/product\/864","targetHints":{"allow":["GET"]}}],"collection":[{"href":"https:\/\/chateaudemontolivet.com\/index.php\/wp-json\/wp\/v2\/product"}],"about":[{"href":"https:\/\/chateaudemontolivet.com\/index.php\/wp-json\/wp\/v2\/types\/product"}],"replies":[{"embeddable":true,"href":"https:\/\/chateaudemontolivet.com\/index.php\/wp-json\/wp\/v2\/comments?post=864"}],"wp:featuredmedia":[{"embeddable":true,"href":"https:\/\/chateaudemontolivet.com\/index.php\/wp-json\/wp\/v2\/media\/863"}],"wp:attachment":[{"href":"https:\/\/chateaudemontolivet.com\/index.php\/wp-json\/wp\/v2\/media?parent=864"}],"wp:term":[{"taxonomy":"product_brand","embeddable":true,"href":"https:\/\/chateaudemontolivet.com\/index.php\/wp-json\/wp\/v2\/product_brand?post=864"},{"taxonomy":"product_cat","embeddable":true,"href":"https:\/\/chateaudemontolivet.com\/index.php\/wp-json\/wp\/v2\/product_cat?post=864"},{"taxonomy":"product_tag","embeddable":true,"href":"https:\/\/chateaudemontolivet.com\/index.php\/wp-json\/wp\/v2\/product_tag?post=864"}],"curies":[{"name":"wp","href":"https:\/\/api.w.org\/{rel}","templated":true}]}}