{"id":865,"date":"2021-10-06T10:07:30","date_gmt":"2021-10-06T08:07:30","guid":{"rendered":"http:\/\/chateaudemontolivet.com\/?post_type=product&#038;p=865"},"modified":"2021-12-15T09:30:46","modified_gmt":"2021-12-15T08:30:46","slug":"cotes-de-gascogne-tariquet-dernieres-grives-2017","status":"publish","type":"product","link":"https:\/\/chateaudemontolivet.com\/index.php\/produit\/cotes-de-gascogne-tariquet-dernieres-grives-2017\/","title":{"rendered":"COTES DE GASCOGNE TARIQUET &#8211; DERNI\u00c8RES GRIVES 2017"},"content":{"rendered":"<div id=\"product-description-short-912\" class=\"description-short\">\n<p>Entre g\u00e9n\u00e9rosit\u00e9 et fraicheur, richesse et acidit\u00e9, l&rsquo;\u00e9quilibre est parfait; les ar\u00f4mes de fruits exotiques c\u00f4toient de d\u00e9licates et subtiles notes de vanille et d&rsquo;\u00e9pices, apportant une pleine sensation de pl\u00e9nitude \u00e0 la d\u00e9gustation.<\/p>\n<p>Le Tariquet Derni\u00e8res Grives, un vin moelleux, \u00e9l\u00e9gant, fin, rond et puissant, offrant un bel \u00e9quilibre entre douceur et acidit\u00e9. Le fruit\u00e9 et les ar\u00f4mes du c\u00e9page \u00e9voluent vers de jolies notes vanill\u00e9es.<\/p>\n<p>Les Derni\u00e8res Grives est un nectar qui se <strong>d\u00e9guste sans mod\u00e9ration<\/strong>.<\/p>\n<\/div>\n","protected":false},"excerpt":{"rendered":"<p><strong>Bouteille 75cl<\/strong><\/p>\n<p>Entre g\u00e9n\u00e9rosit\u00e9 et fraicheur, richesse et acidit\u00e9, l&rsquo;\u00e9quilibre est parfait; les ar\u00f4mes de fruits exotiques c\u00f4toient de d\u00e9licates et subtiles notes de vanille et d&rsquo;\u00e9pices, apportant une pleine sensation de pl\u00e9nitude \u00e0 la d\u00e9gustation.<\/p>\n<p>Le Tariquet Derni\u00e8res Grives, un vin moelleux, \u00e9l\u00e9gant, fin, rond et puissant, offrant un bel \u00e9quilibre entre douceur et acidit\u00e9. Le fruit\u00e9 et les ar\u00f4mes du c\u00e9page \u00e9voluent vers de jolies notes vanill\u00e9es.<\/p>\n<p>Les Derni\u00e8res Grives est un nectar qui se <strong>d\u00e9guste sans mod\u00e9ration<\/strong>.<\/p>\n<p>&nbsp;<\/p>\n","protected":false},"featured_media":866,"comment_status":"open","ping_status":"closed","template":"","meta":[],"product_brand":[],"product_cat":[26],"product_tag":[],"class_list":{"0":"post-865","1":"product","2":"type-product","3":"status-publish","4":"has-post-thumbnail","6":"product_cat-vin-blanc","8":"first","9":"instock","10":"shipping-taxable","11":"product-type-simple"},"yoast_head":"<!-- This site is optimized with the Yoast SEO plugin v26.2 - https:\/\/yoast.com\/wordpress\/plugins\/seo\/ -->\n<title>COTES DE GASCOGNE TARIQUET - DERNI\u00c8RES GRIVES 2017 - Ch\u00e2teau de Montolivet<\/title>\n<meta name=\"description\" content=\"Taittinger Brut R\u00e9serve est compos\u00e9 de 40% de Chardonnay et 60% de Pinot Noir et Pinot Meunier issus de plus de 35 crus diff\u00e9rents et provenant de plusieurs vendanges parfaitement conduites \u00e0 maturit\u00e9.\" \/>\n<meta name=\"robots\" content=\"index, follow, max-snippet:-1, max-image-preview:large, max-video-preview:-1\" \/>\n<link rel=\"canonical\" href=\"https:\/\/chateaudemontolivet.com\/index.php\/produit\/cotes-de-gascogne-tariquet-dernieres-grives-2017\/\" \/>\n<meta property=\"og:locale\" content=\"fr_FR\" \/>\n<meta property=\"og:type\" content=\"article\" \/>\n<meta property=\"og:title\" content=\"COTES DE GASCOGNE TARIQUET - DERNI\u00c8RES GRIVES 2017 - Ch\u00e2teau de Montolivet\" \/>\n<meta property=\"og:description\" content=\"Taittinger Brut R\u00e9serve est compos\u00e9 de 40% de Chardonnay et 60% de Pinot Noir et Pinot Meunier issus de plus de 35 crus diff\u00e9rents et provenant de plusieurs vendanges parfaitement conduites \u00e0 maturit\u00e9.\" \/>\n<meta property=\"og:url\" content=\"https:\/\/chateaudemontolivet.com\/index.php\/produit\/cotes-de-gascogne-tariquet-dernieres-grives-2017\/\" \/>\n<meta property=\"og:site_name\" content=\"Ch\u00e2teau de Montolivet\" \/>\n<meta property=\"article:modified_time\" content=\"2021-12-15T08:30:46+00:00\" \/>\n<meta property=\"og:image\" content=\"https:\/\/i0.wp.com\/chateaudemontolivet.com\/wp-content\/uploads\/2021\/10\/Capture-de\u0301cran-2021-10-06-a\u0300-10.14.21-e1633513281691.png?fit=256%2C400&ssl=1\" \/>\n\t<meta property=\"og:image:width\" content=\"256\" \/>\n\t<meta property=\"og:image:height\" content=\"400\" \/>\n\t<meta property=\"og:image:type\" content=\"image\/png\" \/>\n<meta name=\"twitter:card\" content=\"summary_large_image\" \/>\n<meta name=\"twitter:label1\" content=\"Dur\u00e9e de lecture estim\u00e9e\" \/>\n\t<meta name=\"twitter:data1\" content=\"1 minute\" \/>\n<script type=\"application\/ld+json\" class=\"yoast-schema-graph\">{\"@context\":\"https:\/\/schema.org\",\"@graph\":[{\"@type\":\"WebPage\",\"@id\":\"https:\/\/chateaudemontolivet.com\/index.php\/produit\/cotes-de-gascogne-tariquet-dernieres-grives-2017\/\",\"url\":\"https:\/\/chateaudemontolivet.com\/index.php\/produit\/cotes-de-gascogne-tariquet-dernieres-grives-2017\/\",\"name\":\"COTES DE GASCOGNE TARIQUET - DERNI\u00c8RES GRIVES 2017 - Ch\u00e2teau de Montolivet\",\"isPartOf\":{\"@id\":\"https:\/\/chateaudemontolivet.com\/#website\"},\"primaryImageOfPage\":{\"@id\":\"https:\/\/chateaudemontolivet.com\/index.php\/produit\/cotes-de-gascogne-tariquet-dernieres-grives-2017\/#primaryimage\"},\"image\":{\"@id\":\"https:\/\/chateaudemontolivet.com\/index.php\/produit\/cotes-de-gascogne-tariquet-dernieres-grives-2017\/#primaryimage\"},\"thumbnailUrl\":\"https:\/\/i0.wp.com\/chateaudemontolivet.com\/wp-content\/uploads\/2021\/10\/Capture-de%CC%81cran-2021-10-06-a%CC%80-10.14.21-e1633513281691.png?fit=256%2C400&ssl=1\",\"datePublished\":\"2021-10-06T08:07:30+00:00\",\"dateModified\":\"2021-12-15T08:30:46+00:00\",\"description\":\"Taittinger Brut R\u00e9serve est compos\u00e9 de 40% de Chardonnay et 60% de Pinot Noir et Pinot Meunier issus de plus de 35 crus diff\u00e9rents et provenant de plusieurs vendanges parfaitement conduites \u00e0 maturit\u00e9.\",\"breadcrumb\":{\"@id\":\"https:\/\/chateaudemontolivet.com\/index.php\/produit\/cotes-de-gascogne-tariquet-dernieres-grives-2017\/#breadcrumb\"},\"inLanguage\":\"fr-FR\",\"potentialAction\":[{\"@type\":\"ReadAction\",\"target\":[\"https:\/\/chateaudemontolivet.com\/index.php\/produit\/cotes-de-gascogne-tariquet-dernieres-grives-2017\/\"]}]},{\"@type\":\"ImageObject\",\"inLanguage\":\"fr-FR\",\"@id\":\"https:\/\/chateaudemontolivet.com\/index.php\/produit\/cotes-de-gascogne-tariquet-dernieres-grives-2017\/#primaryimage\",\"url\":\"https:\/\/i0.wp.com\/chateaudemontolivet.com\/wp-content\/uploads\/2021\/10\/Capture-de%CC%81cran-2021-10-06-a%CC%80-10.14.21-e1633513281691.png?fit=256%2C400&ssl=1\",\"contentUrl\":\"https:\/\/i0.wp.com\/chateaudemontolivet.com\/wp-content\/uploads\/2021\/10\/Capture-de%CC%81cran-2021-10-06-a%CC%80-10.14.21-e1633513281691.png?fit=256%2C400&ssl=1\",\"width\":256,\"height\":400},{\"@type\":\"BreadcrumbList\",\"@id\":\"https:\/\/chateaudemontolivet.com\/index.php\/produit\/cotes-de-gascogne-tariquet-dernieres-grives-2017\/#breadcrumb\",\"itemListElement\":[{\"@type\":\"ListItem\",\"position\":1,\"name\":\"Accueil\",\"item\":\"https:\/\/chateaudemontolivet.com\/\"},{\"@type\":\"ListItem\",\"position\":2,\"name\":\"Products\",\"item\":\"https:\/\/chateaudemontolivet.com\/index.php\/nos-vins\/\"},{\"@type\":\"ListItem\",\"position\":3,\"name\":\"COTES DE GASCOGNE TARIQUET &#8211; DERNI\u00c8RES GRIVES 2017\"}]},{\"@type\":\"WebSite\",\"@id\":\"https:\/\/chateaudemontolivet.com\/#website\",\"url\":\"https:\/\/chateaudemontolivet.com\/\",\"name\":\"Ch\u00e2teau de Montolivet\",\"description\":\"Un lieu idyllique pour l&#039;organisation de votre mariages, s\u00e9minaire d&#039;entreprise et autre \u00e9v\u00e9nement.\",\"potentialAction\":[{\"@type\":\"SearchAction\",\"target\":{\"@type\":\"EntryPoint\",\"urlTemplate\":\"https:\/\/chateaudemontolivet.com\/?s={search_term_string}\"},\"query-input\":{\"@type\":\"PropertyValueSpecification\",\"valueRequired\":true,\"valueName\":\"search_term_string\"}}],\"inLanguage\":\"fr-FR\"}]}<\/script>\n<!-- \/ Yoast SEO plugin. -->","yoast_head_json":{"title":"COTES DE GASCOGNE TARIQUET - DERNI\u00c8RES GRIVES 2017 - Ch\u00e2teau de Montolivet","description":"Taittinger Brut R\u00e9serve est compos\u00e9 de 40% de Chardonnay et 60% de Pinot Noir et Pinot Meunier issus de plus de 35 crus diff\u00e9rents et provenant de plusieurs vendanges parfaitement conduites \u00e0 maturit\u00e9.","robots":{"index":"index","follow":"follow","max-snippet":"max-snippet:-1","max-image-preview":"max-image-preview:large","max-video-preview":"max-video-preview:-1"},"canonical":"https:\/\/chateaudemontolivet.com\/index.php\/produit\/cotes-de-gascogne-tariquet-dernieres-grives-2017\/","og_locale":"fr_FR","og_type":"article","og_title":"COTES DE GASCOGNE TARIQUET - DERNI\u00c8RES GRIVES 2017 - Ch\u00e2teau de Montolivet","og_description":"Taittinger Brut R\u00e9serve est compos\u00e9 de 40% de Chardonnay et 60% de Pinot Noir et Pinot Meunier issus de plus de 35 crus diff\u00e9rents et provenant de plusieurs vendanges parfaitement conduites \u00e0 maturit\u00e9.","og_url":"https:\/\/chateaudemontolivet.com\/index.php\/produit\/cotes-de-gascogne-tariquet-dernieres-grives-2017\/","og_site_name":"Ch\u00e2teau de Montolivet","article_modified_time":"2021-12-15T08:30:46+00:00","og_image":[{"width":256,"height":400,"url":"https:\/\/i0.wp.com\/chateaudemontolivet.com\/wp-content\/uploads\/2021\/10\/Capture-de\u0301cran-2021-10-06-a\u0300-10.14.21-e1633513281691.png?fit=256%2C400&ssl=1","type":"image\/png"}],"twitter_card":"summary_large_image","twitter_misc":{"Dur\u00e9e de lecture estim\u00e9e":"1 minute"},"schema":{"@context":"https:\/\/schema.org","@graph":[{"@type":"WebPage","@id":"https:\/\/chateaudemontolivet.com\/index.php\/produit\/cotes-de-gascogne-tariquet-dernieres-grives-2017\/","url":"https:\/\/chateaudemontolivet.com\/index.php\/produit\/cotes-de-gascogne-tariquet-dernieres-grives-2017\/","name":"COTES DE GASCOGNE TARIQUET - DERNI\u00c8RES GRIVES 2017 - Ch\u00e2teau de Montolivet","isPartOf":{"@id":"https:\/\/chateaudemontolivet.com\/#website"},"primaryImageOfPage":{"@id":"https:\/\/chateaudemontolivet.com\/index.php\/produit\/cotes-de-gascogne-tariquet-dernieres-grives-2017\/#primaryimage"},"image":{"@id":"https:\/\/chateaudemontolivet.com\/index.php\/produit\/cotes-de-gascogne-tariquet-dernieres-grives-2017\/#primaryimage"},"thumbnailUrl":"https:\/\/i0.wp.com\/chateaudemontolivet.com\/wp-content\/uploads\/2021\/10\/Capture-de%CC%81cran-2021-10-06-a%CC%80-10.14.21-e1633513281691.png?fit=256%2C400&ssl=1","datePublished":"2021-10-06T08:07:30+00:00","dateModified":"2021-12-15T08:30:46+00:00","description":"Taittinger Brut R\u00e9serve est compos\u00e9 de 40% de Chardonnay et 60% de Pinot Noir et Pinot Meunier issus de plus de 35 crus diff\u00e9rents et provenant de plusieurs vendanges parfaitement conduites \u00e0 maturit\u00e9.","breadcrumb":{"@id":"https:\/\/chateaudemontolivet.com\/index.php\/produit\/cotes-de-gascogne-tariquet-dernieres-grives-2017\/#breadcrumb"},"inLanguage":"fr-FR","potentialAction":[{"@type":"ReadAction","target":["https:\/\/chateaudemontolivet.com\/index.php\/produit\/cotes-de-gascogne-tariquet-dernieres-grives-2017\/"]}]},{"@type":"ImageObject","inLanguage":"fr-FR","@id":"https:\/\/chateaudemontolivet.com\/index.php\/produit\/cotes-de-gascogne-tariquet-dernieres-grives-2017\/#primaryimage","url":"https:\/\/i0.wp.com\/chateaudemontolivet.com\/wp-content\/uploads\/2021\/10\/Capture-de%CC%81cran-2021-10-06-a%CC%80-10.14.21-e1633513281691.png?fit=256%2C400&ssl=1","contentUrl":"https:\/\/i0.wp.com\/chateaudemontolivet.com\/wp-content\/uploads\/2021\/10\/Capture-de%CC%81cran-2021-10-06-a%CC%80-10.14.21-e1633513281691.png?fit=256%2C400&ssl=1","width":256,"height":400},{"@type":"BreadcrumbList","@id":"https:\/\/chateaudemontolivet.com\/index.php\/produit\/cotes-de-gascogne-tariquet-dernieres-grives-2017\/#breadcrumb","itemListElement":[{"@type":"ListItem","position":1,"name":"Accueil","item":"https:\/\/chateaudemontolivet.com\/"},{"@type":"ListItem","position":2,"name":"Products","item":"https:\/\/chateaudemontolivet.com\/index.php\/nos-vins\/"},{"@type":"ListItem","position":3,"name":"COTES DE GASCOGNE TARIQUET &#8211; DERNI\u00c8RES GRIVES 2017"}]},{"@type":"WebSite","@id":"https:\/\/chateaudemontolivet.com\/#website","url":"https:\/\/chateaudemontolivet.com\/","name":"Ch\u00e2teau de Montolivet","description":"Un lieu idyllique pour l&#039;organisation de votre mariages, s\u00e9minaire d&#039;entreprise et autre \u00e9v\u00e9nement.","potentialAction":[{"@type":"SearchAction","target":{"@type":"EntryPoint","urlTemplate":"https:\/\/chateaudemontolivet.com\/?s={search_term_string}"},"query-input":{"@type":"PropertyValueSpecification","valueRequired":true,"valueName":"search_term_string"}}],"inLanguage":"fr-FR"}]}},"jetpack_sharing_enabled":true,"_links":{"self":[{"href":"https:\/\/chateaudemontolivet.com\/index.php\/wp-json\/wp\/v2\/product\/865","targetHints":{"allow":["GET"]}}],"collection":[{"href":"https:\/\/chateaudemontolivet.com\/index.php\/wp-json\/wp\/v2\/product"}],"about":[{"href":"https:\/\/chateaudemontolivet.com\/index.php\/wp-json\/wp\/v2\/types\/product"}],"replies":[{"embeddable":true,"href":"https:\/\/chateaudemontolivet.com\/index.php\/wp-json\/wp\/v2\/comments?post=865"}],"wp:featuredmedia":[{"embeddable":true,"href":"https:\/\/chateaudemontolivet.com\/index.php\/wp-json\/wp\/v2\/media\/866"}],"wp:attachment":[{"href":"https:\/\/chateaudemontolivet.com\/index.php\/wp-json\/wp\/v2\/media?parent=865"}],"wp:term":[{"taxonomy":"product_brand","embeddable":true,"href":"https:\/\/chateaudemontolivet.com\/index.php\/wp-json\/wp\/v2\/product_brand?post=865"},{"taxonomy":"product_cat","embeddable":true,"href":"https:\/\/chateaudemontolivet.com\/index.php\/wp-json\/wp\/v2\/product_cat?post=865"},{"taxonomy":"product_tag","embeddable":true,"href":"https:\/\/chateaudemontolivet.com\/index.php\/wp-json\/wp\/v2\/product_tag?post=865"}],"curies":[{"name":"wp","href":"https:\/\/api.w.org\/{rel}","templated":true}]}}