{"id":869,"date":"2021-10-06T10:27:21","date_gmt":"2021-10-06T08:27:21","guid":{"rendered":"http:\/\/chateaudemontolivet.com\/?post_type=product&#038;p=869"},"modified":"2021-12-15T09:30:37","modified_gmt":"2021-12-15T08:30:37","slug":"rose-du-sud-chateau-st-maur-you-are-maur-igp-2019","status":"publish","type":"product","link":"https:\/\/chateaudemontolivet.com\/index.php\/produit\/rose-du-sud-chateau-st-maur-you-are-maur-igp-2019\/","title":{"rendered":"ROSE DU SUD &#8211; CHATEAU ST MAUR &#8211; YOU ARE MAUR IGP 2019"},"content":{"rendered":"<p>La cuv\u00e9e <strong>\u00ab\u00a0Your are Maur\u00a0\u00bb<\/strong> du Ch\u00e2teau Saint-Maur est un <strong>vin ros\u00e9<\/strong> issu des parcelles class\u00e9es en IGP Pays-du-Var situ\u00e9es au bord de la Giscle, petit cours d\u2019eau au pied de la colline de Grimaud.<\/p>\n<p>Il offre une robe cristalline et brillante, et un nez expressif et fruit\u00e9 avec des notes de p\u00eache blanche et de groseille. La bouche est fraiche et fruit\u00e9e sur des notes acidul\u00e9es de bonbon anglais. Il accompagnera parfaitement des charcuteries, des crevettes saut\u00e9es \u00e0 la tha\u00ef, un salade de poulpes ou des antipasti.<\/p>\n<p>Le Ch\u00e2teau Saint-Maur est blotti au pied de la colline de Grimaud dans le prolongement du Golfe de Saint-Tropez, prot\u00e9g\u00e9 par le Massif des Maures. Le domaine s&rsquo;\u00e9tend sur environ 100 hectares dont 60 de vignes plant\u00e9es de c\u00e9pages nobles et de vieux plants du pays : Cinsault, Grenache, Mourv\u00e8dre, Syrah, Tibouren, Carignan, Rolle, &#8230;<\/p>\n<p>&nbsp;<\/p>\n","protected":false},"excerpt":{"rendered":"<p><strong>Bouteille 75cl<\/strong><\/p>\n<p>La cuv\u00e9e <strong>\u00ab\u00a0Your are Maur\u00a0\u00bb<\/strong> du Ch\u00e2teau Saint-Maur est un <strong>vin ros\u00e9<\/strong> issu des parcelles class\u00e9es en IGP Pays-du-Var situ\u00e9es au bord de la Giscle, petit cours d\u2019eau au pied de la colline de Grimaud.<\/p>\n<p>Il offre une robe cristalline et brillante, et un nez expressif et fruit\u00e9 avec des notes de p\u00eache blanche et de groseille. La bouche est fraiche et fruit\u00e9e sur des notes acidul\u00e9es de bonbon anglais. Il accompagnera parfaitement des charcuteries, des crevettes saut\u00e9es \u00e0 la tha\u00ef, un salade de poulpes ou des antipasti.<\/p>\n<p>Le Ch\u00e2teau Saint-Maur est blotti au pied de la colline de Grimaud dans le prolongement du Golfe de Saint-Tropez, prot\u00e9g\u00e9 par le Massif des Maures. Le domaine s&rsquo;\u00e9tend sur environ 100 hectares dont 60 de vignes plant\u00e9es de c\u00e9pages nobles et de vieux plants du pays : Cinsault, Grenache, Mourv\u00e8dre, Syrah, Tibouren, Carignan, Rolle, &#8230;<\/p>\n<p>&nbsp;<\/p>\n","protected":false},"featured_media":870,"comment_status":"open","ping_status":"closed","template":"","meta":[],"product_brand":[],"product_cat":[27],"product_tag":[],"class_list":{"0":"post-869","1":"product","2":"type-product","3":"status-publish","4":"has-post-thumbnail","6":"product_cat-rose","8":"first","9":"instock","10":"shipping-taxable","11":"product-type-simple"},"yoast_head":"<!-- This site is optimized with the Yoast SEO plugin v26.2 - https:\/\/yoast.com\/wordpress\/plugins\/seo\/ -->\n<title>ROSE DU SUD - CHATEAU ST MAUR - YOU ARE MAUR IGP 2019 - Ch\u00e2teau de Montolivet<\/title>\n<meta name=\"description\" content=\"La cuv\u00e9e &quot;Your are Maur&quot; du Ch\u00e2teau Saint-Maur est un vin ros\u00e9 issu des parcelles class\u00e9es en IGP Pays-du-Var situ\u00e9es au bord de la Giscle, petit cours d\u2019eau au pied de la colline de Grimaud.\" \/>\n<meta name=\"robots\" content=\"index, follow, max-snippet:-1, max-image-preview:large, max-video-preview:-1\" \/>\n<link rel=\"canonical\" href=\"https:\/\/chateaudemontolivet.com\/index.php\/produit\/rose-du-sud-chateau-st-maur-you-are-maur-igp-2019\/\" \/>\n<meta property=\"og:locale\" content=\"fr_FR\" \/>\n<meta property=\"og:type\" content=\"article\" \/>\n<meta property=\"og:title\" content=\"ROSE DU SUD - CHATEAU ST MAUR - YOU ARE MAUR IGP 2019 - Ch\u00e2teau de Montolivet\" \/>\n<meta property=\"og:description\" content=\"La cuv\u00e9e &quot;Your are Maur&quot; du Ch\u00e2teau Saint-Maur est un vin ros\u00e9 issu des parcelles class\u00e9es en IGP Pays-du-Var situ\u00e9es au bord de la Giscle, petit cours d\u2019eau au pied de la colline de Grimaud.\" \/>\n<meta property=\"og:url\" content=\"https:\/\/chateaudemontolivet.com\/index.php\/produit\/rose-du-sud-chateau-st-maur-you-are-maur-igp-2019\/\" \/>\n<meta property=\"og:site_name\" content=\"Ch\u00e2teau de Montolivet\" \/>\n<meta property=\"article:modified_time\" content=\"2021-12-15T08:30:37+00:00\" \/>\n<meta property=\"og:image\" content=\"https:\/\/i0.wp.com\/chateaudemontolivet.com\/wp-content\/uploads\/2021\/10\/Capture-de\u0301cran-2021-10-06-a\u0300-10.29.02-e1633513260598.png?fit=180%2C400&ssl=1\" \/>\n\t<meta property=\"og:image:width\" content=\"180\" \/>\n\t<meta property=\"og:image:height\" content=\"400\" \/>\n\t<meta property=\"og:image:type\" content=\"image\/png\" \/>\n<meta name=\"twitter:card\" content=\"summary_large_image\" \/>\n<meta name=\"twitter:label1\" content=\"Dur\u00e9e de lecture estim\u00e9e\" \/>\n\t<meta name=\"twitter:data1\" content=\"1 minute\" \/>\n<script type=\"application\/ld+json\" class=\"yoast-schema-graph\">{\"@context\":\"https:\/\/schema.org\",\"@graph\":[{\"@type\":\"WebPage\",\"@id\":\"https:\/\/chateaudemontolivet.com\/index.php\/produit\/rose-du-sud-chateau-st-maur-you-are-maur-igp-2019\/\",\"url\":\"https:\/\/chateaudemontolivet.com\/index.php\/produit\/rose-du-sud-chateau-st-maur-you-are-maur-igp-2019\/\",\"name\":\"ROSE DU SUD - CHATEAU ST MAUR - YOU ARE MAUR IGP 2019 - Ch\u00e2teau de Montolivet\",\"isPartOf\":{\"@id\":\"https:\/\/chateaudemontolivet.com\/#website\"},\"primaryImageOfPage\":{\"@id\":\"https:\/\/chateaudemontolivet.com\/index.php\/produit\/rose-du-sud-chateau-st-maur-you-are-maur-igp-2019\/#primaryimage\"},\"image\":{\"@id\":\"https:\/\/chateaudemontolivet.com\/index.php\/produit\/rose-du-sud-chateau-st-maur-you-are-maur-igp-2019\/#primaryimage\"},\"thumbnailUrl\":\"https:\/\/i0.wp.com\/chateaudemontolivet.com\/wp-content\/uploads\/2021\/10\/Capture-de%CC%81cran-2021-10-06-a%CC%80-10.29.02-e1633513260598.png?fit=180%2C400&ssl=1\",\"datePublished\":\"2021-10-06T08:27:21+00:00\",\"dateModified\":\"2021-12-15T08:30:37+00:00\",\"description\":\"La cuv\u00e9e \\\"Your are Maur\\\" du Ch\u00e2teau Saint-Maur est un vin ros\u00e9 issu des parcelles class\u00e9es en IGP Pays-du-Var situ\u00e9es au bord de la Giscle, petit cours d\u2019eau au pied de la colline de Grimaud.\",\"breadcrumb\":{\"@id\":\"https:\/\/chateaudemontolivet.com\/index.php\/produit\/rose-du-sud-chateau-st-maur-you-are-maur-igp-2019\/#breadcrumb\"},\"inLanguage\":\"fr-FR\",\"potentialAction\":[{\"@type\":\"ReadAction\",\"target\":[\"https:\/\/chateaudemontolivet.com\/index.php\/produit\/rose-du-sud-chateau-st-maur-you-are-maur-igp-2019\/\"]}]},{\"@type\":\"ImageObject\",\"inLanguage\":\"fr-FR\",\"@id\":\"https:\/\/chateaudemontolivet.com\/index.php\/produit\/rose-du-sud-chateau-st-maur-you-are-maur-igp-2019\/#primaryimage\",\"url\":\"https:\/\/i0.wp.com\/chateaudemontolivet.com\/wp-content\/uploads\/2021\/10\/Capture-de%CC%81cran-2021-10-06-a%CC%80-10.29.02-e1633513260598.png?fit=180%2C400&ssl=1\",\"contentUrl\":\"https:\/\/i0.wp.com\/chateaudemontolivet.com\/wp-content\/uploads\/2021\/10\/Capture-de%CC%81cran-2021-10-06-a%CC%80-10.29.02-e1633513260598.png?fit=180%2C400&ssl=1\",\"width\":180,\"height\":400},{\"@type\":\"BreadcrumbList\",\"@id\":\"https:\/\/chateaudemontolivet.com\/index.php\/produit\/rose-du-sud-chateau-st-maur-you-are-maur-igp-2019\/#breadcrumb\",\"itemListElement\":[{\"@type\":\"ListItem\",\"position\":1,\"name\":\"Accueil\",\"item\":\"https:\/\/chateaudemontolivet.com\/\"},{\"@type\":\"ListItem\",\"position\":2,\"name\":\"Products\",\"item\":\"https:\/\/chateaudemontolivet.com\/index.php\/nos-vins\/\"},{\"@type\":\"ListItem\",\"position\":3,\"name\":\"ROSE DU SUD &#8211; CHATEAU ST MAUR &#8211; YOU ARE MAUR IGP 2019\"}]},{\"@type\":\"WebSite\",\"@id\":\"https:\/\/chateaudemontolivet.com\/#website\",\"url\":\"https:\/\/chateaudemontolivet.com\/\",\"name\":\"Ch\u00e2teau de Montolivet\",\"description\":\"Un lieu idyllique pour l&#039;organisation de votre mariages, s\u00e9minaire d&#039;entreprise et autre \u00e9v\u00e9nement.\",\"potentialAction\":[{\"@type\":\"SearchAction\",\"target\":{\"@type\":\"EntryPoint\",\"urlTemplate\":\"https:\/\/chateaudemontolivet.com\/?s={search_term_string}\"},\"query-input\":{\"@type\":\"PropertyValueSpecification\",\"valueRequired\":true,\"valueName\":\"search_term_string\"}}],\"inLanguage\":\"fr-FR\"}]}<\/script>\n<!-- \/ Yoast SEO plugin. -->","yoast_head_json":{"title":"ROSE DU SUD - CHATEAU ST MAUR - YOU ARE MAUR IGP 2019 - Ch\u00e2teau de Montolivet","description":"La cuv\u00e9e \"Your are Maur\" du Ch\u00e2teau Saint-Maur est un vin ros\u00e9 issu des parcelles class\u00e9es en IGP Pays-du-Var situ\u00e9es au bord de la Giscle, petit cours d\u2019eau au pied de la colline de Grimaud.","robots":{"index":"index","follow":"follow","max-snippet":"max-snippet:-1","max-image-preview":"max-image-preview:large","max-video-preview":"max-video-preview:-1"},"canonical":"https:\/\/chateaudemontolivet.com\/index.php\/produit\/rose-du-sud-chateau-st-maur-you-are-maur-igp-2019\/","og_locale":"fr_FR","og_type":"article","og_title":"ROSE DU SUD - CHATEAU ST MAUR - YOU ARE MAUR IGP 2019 - Ch\u00e2teau de Montolivet","og_description":"La cuv\u00e9e \"Your are Maur\" du Ch\u00e2teau Saint-Maur est un vin ros\u00e9 issu des parcelles class\u00e9es en IGP Pays-du-Var situ\u00e9es au bord de la Giscle, petit cours d\u2019eau au pied de la colline de Grimaud.","og_url":"https:\/\/chateaudemontolivet.com\/index.php\/produit\/rose-du-sud-chateau-st-maur-you-are-maur-igp-2019\/","og_site_name":"Ch\u00e2teau de Montolivet","article_modified_time":"2021-12-15T08:30:37+00:00","og_image":[{"width":180,"height":400,"url":"https:\/\/i0.wp.com\/chateaudemontolivet.com\/wp-content\/uploads\/2021\/10\/Capture-de\u0301cran-2021-10-06-a\u0300-10.29.02-e1633513260598.png?fit=180%2C400&ssl=1","type":"image\/png"}],"twitter_card":"summary_large_image","twitter_misc":{"Dur\u00e9e de lecture estim\u00e9e":"1 minute"},"schema":{"@context":"https:\/\/schema.org","@graph":[{"@type":"WebPage","@id":"https:\/\/chateaudemontolivet.com\/index.php\/produit\/rose-du-sud-chateau-st-maur-you-are-maur-igp-2019\/","url":"https:\/\/chateaudemontolivet.com\/index.php\/produit\/rose-du-sud-chateau-st-maur-you-are-maur-igp-2019\/","name":"ROSE DU SUD - CHATEAU ST MAUR - YOU ARE MAUR IGP 2019 - Ch\u00e2teau de Montolivet","isPartOf":{"@id":"https:\/\/chateaudemontolivet.com\/#website"},"primaryImageOfPage":{"@id":"https:\/\/chateaudemontolivet.com\/index.php\/produit\/rose-du-sud-chateau-st-maur-you-are-maur-igp-2019\/#primaryimage"},"image":{"@id":"https:\/\/chateaudemontolivet.com\/index.php\/produit\/rose-du-sud-chateau-st-maur-you-are-maur-igp-2019\/#primaryimage"},"thumbnailUrl":"https:\/\/i0.wp.com\/chateaudemontolivet.com\/wp-content\/uploads\/2021\/10\/Capture-de%CC%81cran-2021-10-06-a%CC%80-10.29.02-e1633513260598.png?fit=180%2C400&ssl=1","datePublished":"2021-10-06T08:27:21+00:00","dateModified":"2021-12-15T08:30:37+00:00","description":"La cuv\u00e9e \"Your are Maur\" du Ch\u00e2teau Saint-Maur est un vin ros\u00e9 issu des parcelles class\u00e9es en IGP Pays-du-Var situ\u00e9es au bord de la Giscle, petit cours d\u2019eau au pied de la colline de Grimaud.","breadcrumb":{"@id":"https:\/\/chateaudemontolivet.com\/index.php\/produit\/rose-du-sud-chateau-st-maur-you-are-maur-igp-2019\/#breadcrumb"},"inLanguage":"fr-FR","potentialAction":[{"@type":"ReadAction","target":["https:\/\/chateaudemontolivet.com\/index.php\/produit\/rose-du-sud-chateau-st-maur-you-are-maur-igp-2019\/"]}]},{"@type":"ImageObject","inLanguage":"fr-FR","@id":"https:\/\/chateaudemontolivet.com\/index.php\/produit\/rose-du-sud-chateau-st-maur-you-are-maur-igp-2019\/#primaryimage","url":"https:\/\/i0.wp.com\/chateaudemontolivet.com\/wp-content\/uploads\/2021\/10\/Capture-de%CC%81cran-2021-10-06-a%CC%80-10.29.02-e1633513260598.png?fit=180%2C400&ssl=1","contentUrl":"https:\/\/i0.wp.com\/chateaudemontolivet.com\/wp-content\/uploads\/2021\/10\/Capture-de%CC%81cran-2021-10-06-a%CC%80-10.29.02-e1633513260598.png?fit=180%2C400&ssl=1","width":180,"height":400},{"@type":"BreadcrumbList","@id":"https:\/\/chateaudemontolivet.com\/index.php\/produit\/rose-du-sud-chateau-st-maur-you-are-maur-igp-2019\/#breadcrumb","itemListElement":[{"@type":"ListItem","position":1,"name":"Accueil","item":"https:\/\/chateaudemontolivet.com\/"},{"@type":"ListItem","position":2,"name":"Products","item":"https:\/\/chateaudemontolivet.com\/index.php\/nos-vins\/"},{"@type":"ListItem","position":3,"name":"ROSE DU SUD &#8211; CHATEAU ST MAUR &#8211; YOU ARE MAUR IGP 2019"}]},{"@type":"WebSite","@id":"https:\/\/chateaudemontolivet.com\/#website","url":"https:\/\/chateaudemontolivet.com\/","name":"Ch\u00e2teau de Montolivet","description":"Un lieu idyllique pour l&#039;organisation de votre mariages, s\u00e9minaire d&#039;entreprise et autre \u00e9v\u00e9nement.","potentialAction":[{"@type":"SearchAction","target":{"@type":"EntryPoint","urlTemplate":"https:\/\/chateaudemontolivet.com\/?s={search_term_string}"},"query-input":{"@type":"PropertyValueSpecification","valueRequired":true,"valueName":"search_term_string"}}],"inLanguage":"fr-FR"}]}},"jetpack_sharing_enabled":true,"_links":{"self":[{"href":"https:\/\/chateaudemontolivet.com\/index.php\/wp-json\/wp\/v2\/product\/869","targetHints":{"allow":["GET"]}}],"collection":[{"href":"https:\/\/chateaudemontolivet.com\/index.php\/wp-json\/wp\/v2\/product"}],"about":[{"href":"https:\/\/chateaudemontolivet.com\/index.php\/wp-json\/wp\/v2\/types\/product"}],"replies":[{"embeddable":true,"href":"https:\/\/chateaudemontolivet.com\/index.php\/wp-json\/wp\/v2\/comments?post=869"}],"wp:featuredmedia":[{"embeddable":true,"href":"https:\/\/chateaudemontolivet.com\/index.php\/wp-json\/wp\/v2\/media\/870"}],"wp:attachment":[{"href":"https:\/\/chateaudemontolivet.com\/index.php\/wp-json\/wp\/v2\/media?parent=869"}],"wp:term":[{"taxonomy":"product_brand","embeddable":true,"href":"https:\/\/chateaudemontolivet.com\/index.php\/wp-json\/wp\/v2\/product_brand?post=869"},{"taxonomy":"product_cat","embeddable":true,"href":"https:\/\/chateaudemontolivet.com\/index.php\/wp-json\/wp\/v2\/product_cat?post=869"},{"taxonomy":"product_tag","embeddable":true,"href":"https:\/\/chateaudemontolivet.com\/index.php\/wp-json\/wp\/v2\/product_tag?post=869"}],"curies":[{"name":"wp","href":"https:\/\/api.w.org\/{rel}","templated":true}]}}