{"id":871,"date":"2021-10-06T10:33:54","date_gmt":"2021-10-06T08:33:54","guid":{"rendered":"http:\/\/chateaudemontolivet.com\/?post_type=product&#038;p=871"},"modified":"2021-12-15T09:30:34","modified_gmt":"2021-12-15T08:30:34","slug":"vins-du-bugey-yves-duportmontagnieu-aop","status":"publish","type":"product","link":"https:\/\/chateaudemontolivet.com\/index.php\/produit\/vins-du-bugey-yves-duportmontagnieu-aop\/","title":{"rendered":"VINS DU BUGEY &#8211; YVES DUPORT\tMONTAGNIEU AOP"},"content":{"rendered":"<div id=\"short_description_content\" class=\"rte align_justify\">\n<p><strong>Cr\u00fb du Bugey<\/strong>, le Montagnieu est une m\u00e9thode traditionnelle issue de l&rsquo;assemblage de quatre c\u00e9pages : chardonnay, pinot, mondeuse, et roussette. Il s&rsquo;agit d&rsquo;un vin brut \u00e0 l&rsquo;expression vineuse. Une chor\u00e9graphie de bulles fines anime une robe aux reflets or p\u00e2le. Un nez aux tonalit\u00e9s florales exalte une bouche harmonieuse entre structure et fra\u00eecheur.<\/p>\n<div class=\"detail-features-win col-sm-6 col-md-6 col-lg-6 col-xs-12\">\n<div class=\"row\">\n<div class=\"col-xs-6\">\n<div class=\"block-detail-feature col-xs-8\">\n<h3 class=\"title-adv-feature\">Couleur<\/h3>\n<p class=\"val-adv-feature\">P\u00e9tillant<\/p>\n<\/div>\n<\/div>\n<\/div>\n<div class=\"row\">\n<div class=\"col-xs-6\">\n<div class=\"block-detail-feature col-xs-8\">\n<h3 class=\"title-adv-feature\">mill\u00e9sime<\/h3>\n<p class=\"val-adv-feature\">2018<\/p>\n<\/div>\n<\/div>\n<div class=\"col-xs-6\">\n<div class=\"block-detail-feature col-xs-8\">\n<h3 class=\"title-adv-feature\">degr\u00e9 d&rsquo;alcool<\/h3>\n<p class=\"val-adv-feature\">12%<\/p>\n<\/div>\n<\/div>\n<\/div>\n<div class=\"row\">\n<div class=\"col-xs-6\">\n<div class=\"block-detail-feature col-xs-8\">\n<h3 class=\"title-adv-feature\">Appellation<\/h3>\n<p class=\"val-adv-feature\">AOC Bugey Mousseux<\/p>\n<\/div>\n<\/div>\n<\/div>\n<div class=\"row\">\n<div class=\"col-xs-6\">\n<div class=\"block-detail-feature col-xs-8\">\n<h3 class=\"title-adv-feature\">c\u00e9page(s)<\/h3>\n<ul>\n<li>55% Pinot blanc<\/li>\n<li>40% Chardonnay<\/li>\n<li>5% Mondeuse du Bugey<\/li>\n<\/ul>\n<\/div>\n<\/div>\n<div class=\"col-xs-6\"><\/div>\n<\/div>\n<div class=\"row\"><\/div>\n<\/div>\n<p>&nbsp;<\/p>\n<\/div>\n","protected":false},"excerpt":{"rendered":"<p><strong>Bouteille 75cl<\/strong><\/p>\n<p><strong>Cr\u00fb du Bugey<\/strong>, le Montagnieu est une m\u00e9thode traditionnelle issue de l&rsquo;assemblage de quatre c\u00e9pages : chardonnay, pinot, mondeuse, et roussette. Il s&rsquo;agit d&rsquo;un vin brut \u00e0 l&rsquo;expression vineuse. Une chor\u00e9graphie de bulles fines anime une robe aux reflets or p\u00e2le. Un nez aux tonalit\u00e9s florales exalte une bouche harmonieuse entre structure et fra\u00eecheur.<\/p>\n<div class=\"detail-features-win col-sm-6 col-md-6 col-lg-6 col-xs-12\">\n<div class=\"row\">\n<div class=\"col-xs-6\">\n<div class=\"block-detail-feature col-xs-8\">\n<h3 class=\"title-adv-feature\">Couleur<\/h3>\n<p class=\"val-adv-feature\">P\u00e9tillant<\/p>\n<\/div>\n<\/div>\n<\/div>\n<div class=\"row\">\n<div class=\"col-xs-6\">\n<div class=\"block-detail-feature col-xs-8\">\n<h3 class=\"title-adv-feature\">mill\u00e9sime<\/h3>\n<p class=\"val-adv-feature\">2018<\/p>\n<\/div>\n<\/div>\n<div class=\"col-xs-6\">\n<div class=\"block-detail-feature col-xs-8\">\n<h3 class=\"title-adv-feature\">degr\u00e9 d&rsquo;alcool<\/h3>\n<p class=\"val-adv-feature\">12%<\/p>\n<\/div>\n<\/div>\n<\/div>\n<div class=\"row\">\n<div class=\"col-xs-6\">\n<div class=\"block-detail-feature col-xs-8\">\n<h3 class=\"title-adv-feature\">Appellation<\/h3>\n<p class=\"val-adv-feature\">AOC Bugey Mousseux<\/p>\n<\/div>\n<\/div>\n<\/div>\n<div class=\"row\">\n<div class=\"col-xs-6\">\n<div class=\"block-detail-feature col-xs-8\">\n<h3 class=\"title-adv-feature\">c\u00e9page(s)<\/h3>\n<ul>\n<li>55% Pinot blanc<\/li>\n<li>40% Chardonnay<\/li>\n<li>5% Mondeuse du Bugey<\/li>\n<\/ul>\n<\/div>\n<\/div>\n<\/div>\n<\/div>\n<p>&nbsp;<\/p>\n","protected":false},"featured_media":872,"comment_status":"open","ping_status":"closed","template":"","meta":[],"product_brand":[],"product_cat":[28],"product_tag":[],"class_list":{"0":"post-871","1":"product","2":"type-product","3":"status-publish","4":"has-post-thumbnail","6":"product_cat-mousseux","8":"first","9":"instock","10":"shipping-taxable","11":"product-type-simple"},"yoast_head":"<!-- This site is optimized with the Yoast SEO plugin v26.2 - https:\/\/yoast.com\/wordpress\/plugins\/seo\/ -->\n<title>VINS DU BUGEY - YVES DUPORT MONTAGNIEU AOP - Ch\u00e2teau de Montolivet<\/title>\n<meta name=\"description\" content=\"Cr\u00fb du Bugey, le Montagnieu est une m\u00e9thode traditionnelle issue de l&#039;assemblage de quatre c\u00e9pages : chardonnay, pinot, mondeuse, et roussette. Il s&#039;agit d&#039;un vin brut \u00e0 l&#039;expression vineuse.\" \/>\n<meta name=\"robots\" content=\"index, follow, max-snippet:-1, max-image-preview:large, max-video-preview:-1\" \/>\n<link rel=\"canonical\" href=\"https:\/\/chateaudemontolivet.com\/index.php\/produit\/vins-du-bugey-yves-duportmontagnieu-aop\/\" \/>\n<meta property=\"og:locale\" content=\"fr_FR\" \/>\n<meta property=\"og:type\" content=\"article\" \/>\n<meta property=\"og:title\" content=\"VINS DU BUGEY - YVES DUPORT MONTAGNIEU AOP - Ch\u00e2teau de Montolivet\" \/>\n<meta property=\"og:description\" content=\"Cr\u00fb du Bugey, le Montagnieu est une m\u00e9thode traditionnelle issue de l&#039;assemblage de quatre c\u00e9pages : chardonnay, pinot, mondeuse, et roussette. Il s&#039;agit d&#039;un vin brut \u00e0 l&#039;expression vineuse.\" \/>\n<meta property=\"og:url\" content=\"https:\/\/chateaudemontolivet.com\/index.php\/produit\/vins-du-bugey-yves-duportmontagnieu-aop\/\" \/>\n<meta property=\"og:site_name\" content=\"Ch\u00e2teau de Montolivet\" \/>\n<meta property=\"article:modified_time\" content=\"2021-12-15T08:30:34+00:00\" \/>\n<meta property=\"og:image\" content=\"https:\/\/i0.wp.com\/chateaudemontolivet.com\/wp-content\/uploads\/2021\/10\/Capture-de\u0301cran-2021-10-06-a\u0300-10.38.07-e1633513248474.png?fit=177%2C400&ssl=1\" \/>\n\t<meta property=\"og:image:width\" content=\"177\" \/>\n\t<meta property=\"og:image:height\" content=\"400\" \/>\n\t<meta property=\"og:image:type\" content=\"image\/png\" \/>\n<meta name=\"twitter:card\" content=\"summary_large_image\" \/>\n<meta name=\"twitter:label1\" content=\"Dur\u00e9e de lecture estim\u00e9e\" \/>\n\t<meta name=\"twitter:data1\" content=\"1 minute\" \/>\n<script type=\"application\/ld+json\" class=\"yoast-schema-graph\">{\"@context\":\"https:\/\/schema.org\",\"@graph\":[{\"@type\":\"WebPage\",\"@id\":\"https:\/\/chateaudemontolivet.com\/index.php\/produit\/vins-du-bugey-yves-duportmontagnieu-aop\/\",\"url\":\"https:\/\/chateaudemontolivet.com\/index.php\/produit\/vins-du-bugey-yves-duportmontagnieu-aop\/\",\"name\":\"VINS DU BUGEY - YVES DUPORT MONTAGNIEU AOP - Ch\u00e2teau de Montolivet\",\"isPartOf\":{\"@id\":\"https:\/\/chateaudemontolivet.com\/#website\"},\"primaryImageOfPage\":{\"@id\":\"https:\/\/chateaudemontolivet.com\/index.php\/produit\/vins-du-bugey-yves-duportmontagnieu-aop\/#primaryimage\"},\"image\":{\"@id\":\"https:\/\/chateaudemontolivet.com\/index.php\/produit\/vins-du-bugey-yves-duportmontagnieu-aop\/#primaryimage\"},\"thumbnailUrl\":\"https:\/\/i0.wp.com\/chateaudemontolivet.com\/wp-content\/uploads\/2021\/10\/Capture-de%CC%81cran-2021-10-06-a%CC%80-10.38.07-e1633513248474.png?fit=177%2C400&ssl=1\",\"datePublished\":\"2021-10-06T08:33:54+00:00\",\"dateModified\":\"2021-12-15T08:30:34+00:00\",\"description\":\"Cr\u00fb du Bugey, le Montagnieu est une m\u00e9thode traditionnelle issue de l'assemblage de quatre c\u00e9pages : chardonnay, pinot, mondeuse, et roussette. Il s'agit d'un vin brut \u00e0 l'expression vineuse.\",\"breadcrumb\":{\"@id\":\"https:\/\/chateaudemontolivet.com\/index.php\/produit\/vins-du-bugey-yves-duportmontagnieu-aop\/#breadcrumb\"},\"inLanguage\":\"fr-FR\",\"potentialAction\":[{\"@type\":\"ReadAction\",\"target\":[\"https:\/\/chateaudemontolivet.com\/index.php\/produit\/vins-du-bugey-yves-duportmontagnieu-aop\/\"]}]},{\"@type\":\"ImageObject\",\"inLanguage\":\"fr-FR\",\"@id\":\"https:\/\/chateaudemontolivet.com\/index.php\/produit\/vins-du-bugey-yves-duportmontagnieu-aop\/#primaryimage\",\"url\":\"https:\/\/i0.wp.com\/chateaudemontolivet.com\/wp-content\/uploads\/2021\/10\/Capture-de%CC%81cran-2021-10-06-a%CC%80-10.38.07-e1633513248474.png?fit=177%2C400&ssl=1\",\"contentUrl\":\"https:\/\/i0.wp.com\/chateaudemontolivet.com\/wp-content\/uploads\/2021\/10\/Capture-de%CC%81cran-2021-10-06-a%CC%80-10.38.07-e1633513248474.png?fit=177%2C400&ssl=1\",\"width\":177,\"height\":400},{\"@type\":\"BreadcrumbList\",\"@id\":\"https:\/\/chateaudemontolivet.com\/index.php\/produit\/vins-du-bugey-yves-duportmontagnieu-aop\/#breadcrumb\",\"itemListElement\":[{\"@type\":\"ListItem\",\"position\":1,\"name\":\"Accueil\",\"item\":\"https:\/\/chateaudemontolivet.com\/\"},{\"@type\":\"ListItem\",\"position\":2,\"name\":\"Products\",\"item\":\"https:\/\/chateaudemontolivet.com\/index.php\/nos-vins\/\"},{\"@type\":\"ListItem\",\"position\":3,\"name\":\"VINS DU BUGEY &#8211; YVES DUPORT MONTAGNIEU AOP\"}]},{\"@type\":\"WebSite\",\"@id\":\"https:\/\/chateaudemontolivet.com\/#website\",\"url\":\"https:\/\/chateaudemontolivet.com\/\",\"name\":\"Ch\u00e2teau de Montolivet\",\"description\":\"Un lieu idyllique pour l&#039;organisation de votre mariages, s\u00e9minaire d&#039;entreprise et autre \u00e9v\u00e9nement.\",\"potentialAction\":[{\"@type\":\"SearchAction\",\"target\":{\"@type\":\"EntryPoint\",\"urlTemplate\":\"https:\/\/chateaudemontolivet.com\/?s={search_term_string}\"},\"query-input\":{\"@type\":\"PropertyValueSpecification\",\"valueRequired\":true,\"valueName\":\"search_term_string\"}}],\"inLanguage\":\"fr-FR\"}]}<\/script>\n<!-- \/ Yoast SEO plugin. -->","yoast_head_json":{"title":"VINS DU BUGEY - YVES DUPORT MONTAGNIEU AOP - Ch\u00e2teau de Montolivet","description":"Cr\u00fb du Bugey, le Montagnieu est une m\u00e9thode traditionnelle issue de l'assemblage de quatre c\u00e9pages : chardonnay, pinot, mondeuse, et roussette. Il s'agit d'un vin brut \u00e0 l'expression vineuse.","robots":{"index":"index","follow":"follow","max-snippet":"max-snippet:-1","max-image-preview":"max-image-preview:large","max-video-preview":"max-video-preview:-1"},"canonical":"https:\/\/chateaudemontolivet.com\/index.php\/produit\/vins-du-bugey-yves-duportmontagnieu-aop\/","og_locale":"fr_FR","og_type":"article","og_title":"VINS DU BUGEY - YVES DUPORT MONTAGNIEU AOP - Ch\u00e2teau de Montolivet","og_description":"Cr\u00fb du Bugey, le Montagnieu est une m\u00e9thode traditionnelle issue de l'assemblage de quatre c\u00e9pages : chardonnay, pinot, mondeuse, et roussette. Il s'agit d'un vin brut \u00e0 l'expression vineuse.","og_url":"https:\/\/chateaudemontolivet.com\/index.php\/produit\/vins-du-bugey-yves-duportmontagnieu-aop\/","og_site_name":"Ch\u00e2teau de Montolivet","article_modified_time":"2021-12-15T08:30:34+00:00","og_image":[{"width":177,"height":400,"url":"https:\/\/i0.wp.com\/chateaudemontolivet.com\/wp-content\/uploads\/2021\/10\/Capture-de\u0301cran-2021-10-06-a\u0300-10.38.07-e1633513248474.png?fit=177%2C400&ssl=1","type":"image\/png"}],"twitter_card":"summary_large_image","twitter_misc":{"Dur\u00e9e de lecture estim\u00e9e":"1 minute"},"schema":{"@context":"https:\/\/schema.org","@graph":[{"@type":"WebPage","@id":"https:\/\/chateaudemontolivet.com\/index.php\/produit\/vins-du-bugey-yves-duportmontagnieu-aop\/","url":"https:\/\/chateaudemontolivet.com\/index.php\/produit\/vins-du-bugey-yves-duportmontagnieu-aop\/","name":"VINS DU BUGEY - YVES DUPORT MONTAGNIEU AOP - Ch\u00e2teau de Montolivet","isPartOf":{"@id":"https:\/\/chateaudemontolivet.com\/#website"},"primaryImageOfPage":{"@id":"https:\/\/chateaudemontolivet.com\/index.php\/produit\/vins-du-bugey-yves-duportmontagnieu-aop\/#primaryimage"},"image":{"@id":"https:\/\/chateaudemontolivet.com\/index.php\/produit\/vins-du-bugey-yves-duportmontagnieu-aop\/#primaryimage"},"thumbnailUrl":"https:\/\/i0.wp.com\/chateaudemontolivet.com\/wp-content\/uploads\/2021\/10\/Capture-de%CC%81cran-2021-10-06-a%CC%80-10.38.07-e1633513248474.png?fit=177%2C400&ssl=1","datePublished":"2021-10-06T08:33:54+00:00","dateModified":"2021-12-15T08:30:34+00:00","description":"Cr\u00fb du Bugey, le Montagnieu est une m\u00e9thode traditionnelle issue de l'assemblage de quatre c\u00e9pages : chardonnay, pinot, mondeuse, et roussette. Il s'agit d'un vin brut \u00e0 l'expression vineuse.","breadcrumb":{"@id":"https:\/\/chateaudemontolivet.com\/index.php\/produit\/vins-du-bugey-yves-duportmontagnieu-aop\/#breadcrumb"},"inLanguage":"fr-FR","potentialAction":[{"@type":"ReadAction","target":["https:\/\/chateaudemontolivet.com\/index.php\/produit\/vins-du-bugey-yves-duportmontagnieu-aop\/"]}]},{"@type":"ImageObject","inLanguage":"fr-FR","@id":"https:\/\/chateaudemontolivet.com\/index.php\/produit\/vins-du-bugey-yves-duportmontagnieu-aop\/#primaryimage","url":"https:\/\/i0.wp.com\/chateaudemontolivet.com\/wp-content\/uploads\/2021\/10\/Capture-de%CC%81cran-2021-10-06-a%CC%80-10.38.07-e1633513248474.png?fit=177%2C400&ssl=1","contentUrl":"https:\/\/i0.wp.com\/chateaudemontolivet.com\/wp-content\/uploads\/2021\/10\/Capture-de%CC%81cran-2021-10-06-a%CC%80-10.38.07-e1633513248474.png?fit=177%2C400&ssl=1","width":177,"height":400},{"@type":"BreadcrumbList","@id":"https:\/\/chateaudemontolivet.com\/index.php\/produit\/vins-du-bugey-yves-duportmontagnieu-aop\/#breadcrumb","itemListElement":[{"@type":"ListItem","position":1,"name":"Accueil","item":"https:\/\/chateaudemontolivet.com\/"},{"@type":"ListItem","position":2,"name":"Products","item":"https:\/\/chateaudemontolivet.com\/index.php\/nos-vins\/"},{"@type":"ListItem","position":3,"name":"VINS DU BUGEY &#8211; YVES DUPORT MONTAGNIEU AOP"}]},{"@type":"WebSite","@id":"https:\/\/chateaudemontolivet.com\/#website","url":"https:\/\/chateaudemontolivet.com\/","name":"Ch\u00e2teau de Montolivet","description":"Un lieu idyllique pour l&#039;organisation de votre mariages, s\u00e9minaire d&#039;entreprise et autre \u00e9v\u00e9nement.","potentialAction":[{"@type":"SearchAction","target":{"@type":"EntryPoint","urlTemplate":"https:\/\/chateaudemontolivet.com\/?s={search_term_string}"},"query-input":{"@type":"PropertyValueSpecification","valueRequired":true,"valueName":"search_term_string"}}],"inLanguage":"fr-FR"}]}},"jetpack_sharing_enabled":true,"_links":{"self":[{"href":"https:\/\/chateaudemontolivet.com\/index.php\/wp-json\/wp\/v2\/product\/871","targetHints":{"allow":["GET"]}}],"collection":[{"href":"https:\/\/chateaudemontolivet.com\/index.php\/wp-json\/wp\/v2\/product"}],"about":[{"href":"https:\/\/chateaudemontolivet.com\/index.php\/wp-json\/wp\/v2\/types\/product"}],"replies":[{"embeddable":true,"href":"https:\/\/chateaudemontolivet.com\/index.php\/wp-json\/wp\/v2\/comments?post=871"}],"wp:featuredmedia":[{"embeddable":true,"href":"https:\/\/chateaudemontolivet.com\/index.php\/wp-json\/wp\/v2\/media\/872"}],"wp:attachment":[{"href":"https:\/\/chateaudemontolivet.com\/index.php\/wp-json\/wp\/v2\/media?parent=871"}],"wp:term":[{"taxonomy":"product_brand","embeddable":true,"href":"https:\/\/chateaudemontolivet.com\/index.php\/wp-json\/wp\/v2\/product_brand?post=871"},{"taxonomy":"product_cat","embeddable":true,"href":"https:\/\/chateaudemontolivet.com\/index.php\/wp-json\/wp\/v2\/product_cat?post=871"},{"taxonomy":"product_tag","embeddable":true,"href":"https:\/\/chateaudemontolivet.com\/index.php\/wp-json\/wp\/v2\/product_tag?post=871"}],"curies":[{"name":"wp","href":"https:\/\/api.w.org\/{rel}","templated":true}]}}