{"id":875,"date":"2021-10-06T10:49:08","date_gmt":"2021-10-06T08:49:08","guid":{"rendered":"http:\/\/chateaudemontolivet.com\/?post_type=product&#038;p=875"},"modified":"2021-12-15T09:30:22","modified_gmt":"2021-12-15T08:30:22","slug":"vins-du-bugey-yves-duportpinot-noir-bio-tradition-rouge-aop","status":"publish","type":"product","link":"https:\/\/chateaudemontolivet.com\/index.php\/produit\/vins-du-bugey-yves-duportpinot-noir-bio-tradition-rouge-aop\/","title":{"rendered":"VINS DU BUGEY &#8211; YVES DUPORT\tPINOT NOIR  BIO TRADITION ROUGE AOP"},"content":{"rendered":"<div id=\"short_description_content\" class=\"rte align_justify\">\n<div id=\"comp-k9ppdhlb\" class=\"_1Q9if\" data-testid=\"richTextElement\">\n<p class=\"font_7\"><strong>C\u00e9pages<\/strong><\/p>\n<\/div>\n<div id=\"comp-k9ppdhld\" class=\"_1Q9if\" data-testid=\"richTextElement\">\n<p class=\"font_7\">100% Pinot Noir<\/p>\n<\/div>\n<div id=\"comp-k9ppdhle1\" class=\"_1Q9if\" data-testid=\"richTextElement\">\n<p class=\"font_7\"><strong>Note de d\u00e9gustation<\/strong><\/p>\n<\/div>\n<div id=\"comp-k9ppdhlg\" class=\"_1Q9if\" data-testid=\"richTextElement\">\n<p class=\"font_7\">Peut-\u00eatre le plus noble des c\u00e9pages rouges mais aussi le plus capricieux car tr\u00e8s sensible au mill\u00e9sime, il offre une robe rubis sombre parfois, un nez fruit rouge toujours, une bouche complexe avec des tanins soyeux souvent. Certains mill\u00e9simes peuvent se faire attendre.<\/p>\n<\/div>\n<div id=\"comp-k9ppdhlh2\" class=\"_1Q9if\" data-testid=\"richTextElement\">\n<p class=\"font_7\"><strong>Accord mets-vin<\/strong><\/p>\n<\/div>\n<div id=\"comp-k9ppdhlj\" class=\"_1Q9if\" data-testid=\"richTextElement\">\n<p class=\"font_7\">Sa finesse et son \u00e9l\u00e9gance accompagneront \u00e0 merveille un poulet de Bresse, une viande rouge brais\u00e9 ou un fromage frais.<\/p>\n<\/div>\n<div id=\"comp-k9ppdhlm\" class=\"_1Q9if\" data-testid=\"richTextElement\">\n<p class=\"font_7\"><strong>Sols<\/strong><\/p>\n<\/div>\n<div id=\"comp-k9ppdhlo\" class=\"_1Q9if\" data-testid=\"richTextElement\">\n<p class=\"font_7\">La formation des pr\u00e9-alpes et l\u2019\u00e8re glaciaire ont eu pour effet de cr\u00e9er un sol chaotique tr\u00e8s h\u00e9t\u00e9rog\u00e8ne. On peut cependant distinguer deux types de sols; argilo-calcaire (argile blanche, \u00e9boulis de montagnes) d&rsquo;une part et molasse argilo-silicieux (d\u00e9p\u00f4ts morainiques) d&rsquo;autre part.<\/p>\n<\/div>\n<div id=\"comp-k9ppdhls\" class=\"_1Q9if\" data-testid=\"richTextElement\">\n<p class=\"font_7\"><strong>Vinification<\/strong><\/p>\n<\/div>\n<div id=\"comp-k9ppdhlt2\" class=\"_1Q9if\" data-testid=\"richTextElement\">\n<p class=\"font_7\">Apr\u00e8s une r\u00e9colte manuelle et un tri rigoureux, la vendange enti\u00e8re ou \u00e9grapp\u00e9e en partie suivant la n\u00e9cessit\u00e9 du mill\u00e9sime, est encuv\u00e9e. Sans sulfite, la fermentation s\u2019op\u00e8re au gr\u00e9 des pigeages afin d\u2019extraire les pr\u00e9curseurs aromatiques, la couleur et les tanins.<br \/>\nAinsi une douzaines de jours auront \u00e9t\u00e9 n\u00e9cessaire afin de donner \u00e0 ces raisins une seconde vie bien plus longue qu\u2019elle n\u2019aurait \u00e9t\u00e9 en fruit que l\u2019on nome le VIN.<\/p>\n<p class=\"font_7\">Tel un nouveau n\u00e9, ou nez aussi\u00a0! Son \u00e9ducation se poursuivra pendant au moins 10 mois en f\u00fbts.<\/p>\n<p class=\"font_7\">La vinification, l\u2019\u00e9levage et la mise en bouteille, sont enti\u00e8rement r\u00e9alis\u00e9s par nos soins.<\/p>\n<\/div>\n<div class=\"col-xs-6\"><\/div>\n<div class=\"detail-features-win col-sm-6 col-md-6 col-lg-6 col-xs-12\">\n<div class=\"row\"><\/div>\n<\/div>\n<p>&nbsp;<\/p>\n<\/div>\n","protected":false},"excerpt":{"rendered":"<p><strong>Bouteille 75cl<\/strong><\/p>\n<div id=\"comp-k9ppdhlb\" class=\"_1Q9if\" data-testid=\"richTextElement\">\n<p class=\"font_7\"><strong>C\u00e9pages<\/strong><\/p>\n<\/div>\n<div id=\"comp-k9ppdhld\" class=\"_1Q9if\" data-testid=\"richTextElement\">\n<p class=\"font_7\">100% Pinot Noir<\/p>\n<\/div>\n<div id=\"comp-k9ppdhle1\" class=\"_1Q9if\" data-testid=\"richTextElement\">\n<p class=\"font_7\"><strong>Note de d\u00e9gustation<\/strong><\/p>\n<\/div>\n<div id=\"comp-k9ppdhlg\" class=\"_1Q9if\" data-testid=\"richTextElement\">\n<p class=\"font_7\">Peut-\u00eatre le plus noble des c\u00e9pages rouges mais aussi le plus capricieux car tr\u00e8s sensible au mill\u00e9sime, il offre une robe rubis sombre parfois, un nez fruit rouge toujours, une bouche complexe avec des tanins soyeux souvent. Certains mill\u00e9simes peuvent se faire attendre.<\/p>\n<\/div>\n<div id=\"comp-k9ppdhlh2\" class=\"_1Q9if\" data-testid=\"richTextElement\">\n<p class=\"font_7\"><strong>Accord mets-vin<\/strong><\/p>\n<\/div>\n<div id=\"comp-k9ppdhlj\" class=\"_1Q9if\" data-testid=\"richTextElement\">\n<p class=\"font_7\">Sa finesse et son \u00e9l\u00e9gance accompagneront \u00e0 merveille un poulet de Bresse, une viande rouge brais\u00e9 ou un fromage frais.<\/p>\n<\/div>\n<div id=\"comp-k9ppdhlm\" class=\"_1Q9if\" data-testid=\"richTextElement\">\n<p class=\"font_7\"><strong>Sols<\/strong><\/p>\n<\/div>\n<div id=\"comp-k9ppdhlo\" class=\"_1Q9if\" data-testid=\"richTextElement\">\n<p class=\"font_7\">La formation des pr\u00e9-alpes et l\u2019\u00e8re glaciaire ont eu pour effet de cr\u00e9er un sol chaotique tr\u00e8s h\u00e9t\u00e9rog\u00e8ne. On peut cependant distinguer deux types de sols; argilo-calcaire (argile blanche, \u00e9boulis de montagnes) d&rsquo;une part et molasse argilo-silicieux (d\u00e9p\u00f4ts morainiques) d&rsquo;autre part.<\/p>\n<\/div>\n<div id=\"comp-k9ppdhls\" class=\"_1Q9if\" data-testid=\"richTextElement\">\n<p class=\"font_7\"><strong>Vinification<\/strong><\/p>\n<\/div>\n<div id=\"comp-k9ppdhlt2\" class=\"_1Q9if\" data-testid=\"richTextElement\">\n<p class=\"font_7\">Apr\u00e8s une r\u00e9colte manuelle et un tri rigoureux, la vendange enti\u00e8re ou \u00e9grapp\u00e9e en partie suivant la n\u00e9cessit\u00e9 du mill\u00e9sime, est encuv\u00e9e. Sans sulfite, la fermentation s\u2019op\u00e8re au gr\u00e9 des pigeages afin d\u2019extraire les pr\u00e9curseurs aromatiques, la couleur et les tanins.<br \/>\nAinsi une douzaines de jours auront \u00e9t\u00e9 n\u00e9cessaire afin de donner \u00e0 ces raisins une seconde vie bien plus longue qu\u2019elle n\u2019aurait \u00e9t\u00e9 en fruit que l\u2019on nome le VIN.<\/p>\n<p class=\"font_7\">Tel un nouveau n\u00e9, ou nez aussi\u00a0! Son \u00e9ducation se poursuivra pendant au moins 10 mois en f\u00fbts.<\/p>\n<p class=\"font_7\">La vinification, l\u2019\u00e9levage et la mise en bouteille, sont enti\u00e8rement r\u00e9alis\u00e9s par nos soins.<\/p>\n<\/div>\n<p>&nbsp;<\/p>\n","protected":false},"featured_media":877,"comment_status":"open","ping_status":"closed","template":"","meta":[],"product_brand":[],"product_cat":[29],"product_tag":[],"class_list":{"0":"post-875","1":"product","2":"type-product","3":"status-publish","4":"has-post-thumbnail","6":"product_cat-vin-rouge","8":"first","9":"instock","10":"shipping-taxable","11":"product-type-simple"},"yoast_head":"<!-- This site is optimized with the Yoast SEO plugin v26.2 - https:\/\/yoast.com\/wordpress\/plugins\/seo\/ -->\n<title>VINS DU BUGEY - YVES DUPORT PINOT NOIR BIO TRADITION ROUGE AOP - Ch\u00e2teau de Montolivet<\/title>\n<meta name=\"description\" content=\"Apr\u00e8s une r\u00e9colte manuelle et un tri rigoureux, la vendange enti\u00e8re ou \u00e9grapp\u00e9e en partie suivant la n\u00e9cessit\u00e9 du mill\u00e9sime, est encuv\u00e9e. Sans sulfite, la fermentation s\u2019op\u00e8re au gr\u00e9 des pigeages afin d\u2019extraire les pr\u00e9curseurs aromatiques, la couleur et les tanins.\" \/>\n<meta name=\"robots\" content=\"index, follow, max-snippet:-1, max-image-preview:large, max-video-preview:-1\" \/>\n<link rel=\"canonical\" href=\"https:\/\/chateaudemontolivet.com\/index.php\/produit\/vins-du-bugey-yves-duportpinot-noir-bio-tradition-rouge-aop\/\" \/>\n<meta property=\"og:locale\" content=\"fr_FR\" \/>\n<meta property=\"og:type\" content=\"article\" \/>\n<meta property=\"og:title\" content=\"VINS DU BUGEY - YVES DUPORT PINOT NOIR BIO TRADITION ROUGE AOP - Ch\u00e2teau de Montolivet\" \/>\n<meta property=\"og:description\" content=\"Apr\u00e8s une r\u00e9colte manuelle et un tri rigoureux, la vendange enti\u00e8re ou \u00e9grapp\u00e9e en partie suivant la n\u00e9cessit\u00e9 du mill\u00e9sime, est encuv\u00e9e. Sans sulfite, la fermentation s\u2019op\u00e8re au gr\u00e9 des pigeages afin d\u2019extraire les pr\u00e9curseurs aromatiques, la couleur et les tanins.\" \/>\n<meta property=\"og:url\" content=\"https:\/\/chateaudemontolivet.com\/index.php\/produit\/vins-du-bugey-yves-duportpinot-noir-bio-tradition-rouge-aop\/\" \/>\n<meta property=\"og:site_name\" content=\"Ch\u00e2teau de Montolivet\" \/>\n<meta property=\"article:modified_time\" content=\"2021-12-15T08:30:22+00:00\" \/>\n<meta property=\"og:image\" content=\"https:\/\/i0.wp.com\/chateaudemontolivet.com\/wp-content\/uploads\/2021\/10\/Capture-de\u0301cran-2021-10-06-a\u0300-10.51.25-e1633513224848.png?fit=196%2C400&ssl=1\" \/>\n\t<meta property=\"og:image:width\" content=\"196\" \/>\n\t<meta property=\"og:image:height\" content=\"400\" \/>\n\t<meta property=\"og:image:type\" content=\"image\/png\" \/>\n<meta name=\"twitter:card\" content=\"summary_large_image\" \/>\n<meta name=\"twitter:label1\" content=\"Dur\u00e9e de lecture estim\u00e9e\" \/>\n\t<meta name=\"twitter:data1\" content=\"1 minute\" \/>\n<script type=\"application\/ld+json\" class=\"yoast-schema-graph\">{\"@context\":\"https:\/\/schema.org\",\"@graph\":[{\"@type\":\"WebPage\",\"@id\":\"https:\/\/chateaudemontolivet.com\/index.php\/produit\/vins-du-bugey-yves-duportpinot-noir-bio-tradition-rouge-aop\/\",\"url\":\"https:\/\/chateaudemontolivet.com\/index.php\/produit\/vins-du-bugey-yves-duportpinot-noir-bio-tradition-rouge-aop\/\",\"name\":\"VINS DU BUGEY - YVES DUPORT PINOT NOIR BIO TRADITION ROUGE AOP - Ch\u00e2teau de Montolivet\",\"isPartOf\":{\"@id\":\"https:\/\/chateaudemontolivet.com\/#website\"},\"primaryImageOfPage\":{\"@id\":\"https:\/\/chateaudemontolivet.com\/index.php\/produit\/vins-du-bugey-yves-duportpinot-noir-bio-tradition-rouge-aop\/#primaryimage\"},\"image\":{\"@id\":\"https:\/\/chateaudemontolivet.com\/index.php\/produit\/vins-du-bugey-yves-duportpinot-noir-bio-tradition-rouge-aop\/#primaryimage\"},\"thumbnailUrl\":\"https:\/\/i0.wp.com\/chateaudemontolivet.com\/wp-content\/uploads\/2021\/10\/Capture-de%CC%81cran-2021-10-06-a%CC%80-10.51.25-e1633513224848.png?fit=196%2C400&ssl=1\",\"datePublished\":\"2021-10-06T08:49:08+00:00\",\"dateModified\":\"2021-12-15T08:30:22+00:00\",\"description\":\"Apr\u00e8s une r\u00e9colte manuelle et un tri rigoureux, la vendange enti\u00e8re ou \u00e9grapp\u00e9e en partie suivant la n\u00e9cessit\u00e9 du mill\u00e9sime, est encuv\u00e9e. Sans sulfite, la fermentation s\u2019op\u00e8re au gr\u00e9 des pigeages afin d\u2019extraire les pr\u00e9curseurs aromatiques, la couleur et les tanins.\",\"breadcrumb\":{\"@id\":\"https:\/\/chateaudemontolivet.com\/index.php\/produit\/vins-du-bugey-yves-duportpinot-noir-bio-tradition-rouge-aop\/#breadcrumb\"},\"inLanguage\":\"fr-FR\",\"potentialAction\":[{\"@type\":\"ReadAction\",\"target\":[\"https:\/\/chateaudemontolivet.com\/index.php\/produit\/vins-du-bugey-yves-duportpinot-noir-bio-tradition-rouge-aop\/\"]}]},{\"@type\":\"ImageObject\",\"inLanguage\":\"fr-FR\",\"@id\":\"https:\/\/chateaudemontolivet.com\/index.php\/produit\/vins-du-bugey-yves-duportpinot-noir-bio-tradition-rouge-aop\/#primaryimage\",\"url\":\"https:\/\/i0.wp.com\/chateaudemontolivet.com\/wp-content\/uploads\/2021\/10\/Capture-de%CC%81cran-2021-10-06-a%CC%80-10.51.25-e1633513224848.png?fit=196%2C400&ssl=1\",\"contentUrl\":\"https:\/\/i0.wp.com\/chateaudemontolivet.com\/wp-content\/uploads\/2021\/10\/Capture-de%CC%81cran-2021-10-06-a%CC%80-10.51.25-e1633513224848.png?fit=196%2C400&ssl=1\",\"width\":196,\"height\":400},{\"@type\":\"BreadcrumbList\",\"@id\":\"https:\/\/chateaudemontolivet.com\/index.php\/produit\/vins-du-bugey-yves-duportpinot-noir-bio-tradition-rouge-aop\/#breadcrumb\",\"itemListElement\":[{\"@type\":\"ListItem\",\"position\":1,\"name\":\"Accueil\",\"item\":\"https:\/\/chateaudemontolivet.com\/\"},{\"@type\":\"ListItem\",\"position\":2,\"name\":\"Products\",\"item\":\"https:\/\/chateaudemontolivet.com\/index.php\/nos-vins\/\"},{\"@type\":\"ListItem\",\"position\":3,\"name\":\"VINS DU BUGEY &#8211; YVES DUPORT PINOT NOIR BIO TRADITION ROUGE AOP\"}]},{\"@type\":\"WebSite\",\"@id\":\"https:\/\/chateaudemontolivet.com\/#website\",\"url\":\"https:\/\/chateaudemontolivet.com\/\",\"name\":\"Ch\u00e2teau de Montolivet\",\"description\":\"Un lieu idyllique pour l&#039;organisation de votre mariages, s\u00e9minaire d&#039;entreprise et autre \u00e9v\u00e9nement.\",\"potentialAction\":[{\"@type\":\"SearchAction\",\"target\":{\"@type\":\"EntryPoint\",\"urlTemplate\":\"https:\/\/chateaudemontolivet.com\/?s={search_term_string}\"},\"query-input\":{\"@type\":\"PropertyValueSpecification\",\"valueRequired\":true,\"valueName\":\"search_term_string\"}}],\"inLanguage\":\"fr-FR\"}]}<\/script>\n<!-- \/ Yoast SEO plugin. -->","yoast_head_json":{"title":"VINS DU BUGEY - YVES DUPORT PINOT NOIR BIO TRADITION ROUGE AOP - Ch\u00e2teau de Montolivet","description":"Apr\u00e8s une r\u00e9colte manuelle et un tri rigoureux, la vendange enti\u00e8re ou \u00e9grapp\u00e9e en partie suivant la n\u00e9cessit\u00e9 du mill\u00e9sime, est encuv\u00e9e. Sans sulfite, la fermentation s\u2019op\u00e8re au gr\u00e9 des pigeages afin d\u2019extraire les pr\u00e9curseurs aromatiques, la couleur et les tanins.","robots":{"index":"index","follow":"follow","max-snippet":"max-snippet:-1","max-image-preview":"max-image-preview:large","max-video-preview":"max-video-preview:-1"},"canonical":"https:\/\/chateaudemontolivet.com\/index.php\/produit\/vins-du-bugey-yves-duportpinot-noir-bio-tradition-rouge-aop\/","og_locale":"fr_FR","og_type":"article","og_title":"VINS DU BUGEY - YVES DUPORT PINOT NOIR BIO TRADITION ROUGE AOP - Ch\u00e2teau de Montolivet","og_description":"Apr\u00e8s une r\u00e9colte manuelle et un tri rigoureux, la vendange enti\u00e8re ou \u00e9grapp\u00e9e en partie suivant la n\u00e9cessit\u00e9 du mill\u00e9sime, est encuv\u00e9e. Sans sulfite, la fermentation s\u2019op\u00e8re au gr\u00e9 des pigeages afin d\u2019extraire les pr\u00e9curseurs aromatiques, la couleur et les tanins.","og_url":"https:\/\/chateaudemontolivet.com\/index.php\/produit\/vins-du-bugey-yves-duportpinot-noir-bio-tradition-rouge-aop\/","og_site_name":"Ch\u00e2teau de Montolivet","article_modified_time":"2021-12-15T08:30:22+00:00","og_image":[{"width":196,"height":400,"url":"https:\/\/i0.wp.com\/chateaudemontolivet.com\/wp-content\/uploads\/2021\/10\/Capture-de\u0301cran-2021-10-06-a\u0300-10.51.25-e1633513224848.png?fit=196%2C400&ssl=1","type":"image\/png"}],"twitter_card":"summary_large_image","twitter_misc":{"Dur\u00e9e de lecture estim\u00e9e":"1 minute"},"schema":{"@context":"https:\/\/schema.org","@graph":[{"@type":"WebPage","@id":"https:\/\/chateaudemontolivet.com\/index.php\/produit\/vins-du-bugey-yves-duportpinot-noir-bio-tradition-rouge-aop\/","url":"https:\/\/chateaudemontolivet.com\/index.php\/produit\/vins-du-bugey-yves-duportpinot-noir-bio-tradition-rouge-aop\/","name":"VINS DU BUGEY - YVES DUPORT PINOT NOIR BIO TRADITION ROUGE AOP - Ch\u00e2teau de Montolivet","isPartOf":{"@id":"https:\/\/chateaudemontolivet.com\/#website"},"primaryImageOfPage":{"@id":"https:\/\/chateaudemontolivet.com\/index.php\/produit\/vins-du-bugey-yves-duportpinot-noir-bio-tradition-rouge-aop\/#primaryimage"},"image":{"@id":"https:\/\/chateaudemontolivet.com\/index.php\/produit\/vins-du-bugey-yves-duportpinot-noir-bio-tradition-rouge-aop\/#primaryimage"},"thumbnailUrl":"https:\/\/i0.wp.com\/chateaudemontolivet.com\/wp-content\/uploads\/2021\/10\/Capture-de%CC%81cran-2021-10-06-a%CC%80-10.51.25-e1633513224848.png?fit=196%2C400&ssl=1","datePublished":"2021-10-06T08:49:08+00:00","dateModified":"2021-12-15T08:30:22+00:00","description":"Apr\u00e8s une r\u00e9colte manuelle et un tri rigoureux, la vendange enti\u00e8re ou \u00e9grapp\u00e9e en partie suivant la n\u00e9cessit\u00e9 du mill\u00e9sime, est encuv\u00e9e. Sans sulfite, la fermentation s\u2019op\u00e8re au gr\u00e9 des pigeages afin d\u2019extraire les pr\u00e9curseurs aromatiques, la couleur et les tanins.","breadcrumb":{"@id":"https:\/\/chateaudemontolivet.com\/index.php\/produit\/vins-du-bugey-yves-duportpinot-noir-bio-tradition-rouge-aop\/#breadcrumb"},"inLanguage":"fr-FR","potentialAction":[{"@type":"ReadAction","target":["https:\/\/chateaudemontolivet.com\/index.php\/produit\/vins-du-bugey-yves-duportpinot-noir-bio-tradition-rouge-aop\/"]}]},{"@type":"ImageObject","inLanguage":"fr-FR","@id":"https:\/\/chateaudemontolivet.com\/index.php\/produit\/vins-du-bugey-yves-duportpinot-noir-bio-tradition-rouge-aop\/#primaryimage","url":"https:\/\/i0.wp.com\/chateaudemontolivet.com\/wp-content\/uploads\/2021\/10\/Capture-de%CC%81cran-2021-10-06-a%CC%80-10.51.25-e1633513224848.png?fit=196%2C400&ssl=1","contentUrl":"https:\/\/i0.wp.com\/chateaudemontolivet.com\/wp-content\/uploads\/2021\/10\/Capture-de%CC%81cran-2021-10-06-a%CC%80-10.51.25-e1633513224848.png?fit=196%2C400&ssl=1","width":196,"height":400},{"@type":"BreadcrumbList","@id":"https:\/\/chateaudemontolivet.com\/index.php\/produit\/vins-du-bugey-yves-duportpinot-noir-bio-tradition-rouge-aop\/#breadcrumb","itemListElement":[{"@type":"ListItem","position":1,"name":"Accueil","item":"https:\/\/chateaudemontolivet.com\/"},{"@type":"ListItem","position":2,"name":"Products","item":"https:\/\/chateaudemontolivet.com\/index.php\/nos-vins\/"},{"@type":"ListItem","position":3,"name":"VINS DU BUGEY &#8211; YVES DUPORT PINOT NOIR BIO TRADITION ROUGE AOP"}]},{"@type":"WebSite","@id":"https:\/\/chateaudemontolivet.com\/#website","url":"https:\/\/chateaudemontolivet.com\/","name":"Ch\u00e2teau de Montolivet","description":"Un lieu idyllique pour l&#039;organisation de votre mariages, s\u00e9minaire d&#039;entreprise et autre \u00e9v\u00e9nement.","potentialAction":[{"@type":"SearchAction","target":{"@type":"EntryPoint","urlTemplate":"https:\/\/chateaudemontolivet.com\/?s={search_term_string}"},"query-input":{"@type":"PropertyValueSpecification","valueRequired":true,"valueName":"search_term_string"}}],"inLanguage":"fr-FR"}]}},"jetpack_sharing_enabled":true,"_links":{"self":[{"href":"https:\/\/chateaudemontolivet.com\/index.php\/wp-json\/wp\/v2\/product\/875","targetHints":{"allow":["GET"]}}],"collection":[{"href":"https:\/\/chateaudemontolivet.com\/index.php\/wp-json\/wp\/v2\/product"}],"about":[{"href":"https:\/\/chateaudemontolivet.com\/index.php\/wp-json\/wp\/v2\/types\/product"}],"replies":[{"embeddable":true,"href":"https:\/\/chateaudemontolivet.com\/index.php\/wp-json\/wp\/v2\/comments?post=875"}],"wp:featuredmedia":[{"embeddable":true,"href":"https:\/\/chateaudemontolivet.com\/index.php\/wp-json\/wp\/v2\/media\/877"}],"wp:attachment":[{"href":"https:\/\/chateaudemontolivet.com\/index.php\/wp-json\/wp\/v2\/media?parent=875"}],"wp:term":[{"taxonomy":"product_brand","embeddable":true,"href":"https:\/\/chateaudemontolivet.com\/index.php\/wp-json\/wp\/v2\/product_brand?post=875"},{"taxonomy":"product_cat","embeddable":true,"href":"https:\/\/chateaudemontolivet.com\/index.php\/wp-json\/wp\/v2\/product_cat?post=875"},{"taxonomy":"product_tag","embeddable":true,"href":"https:\/\/chateaudemontolivet.com\/index.php\/wp-json\/wp\/v2\/product_tag?post=875"}],"curies":[{"name":"wp","href":"https:\/\/api.w.org\/{rel}","templated":true}]}}