{"id":890,"date":"2021-10-06T11:21:25","date_gmt":"2021-10-06T09:21:25","guid":{"rendered":"http:\/\/chateaudemontolivet.com\/?post_type=product&#038;p=890"},"modified":"2021-12-15T09:29:00","modified_gmt":"2021-12-15T08:29:00","slug":"cotes-du-rhone-jaboulet-aine-st-joseph-le-grand-pompee-blanc-2019","status":"publish","type":"product","link":"https:\/\/chateaudemontolivet.com\/index.php\/produit\/cotes-du-rhone-jaboulet-aine-st-joseph-le-grand-pompee-blanc-2019\/","title":{"rendered":"COTES DU RHONE &#8211; JABOULET AINE &#8211; ST JOSEPH LE GRAND POMPEE BLANC 2019"},"content":{"rendered":"<div id=\"short_description_content\" class=\"rte align_justify\">\n<p>Cr\u00e9\u00e9e en 1834 par Antoine Jaboulet , cette maison vieille de pr\u00e8s de deux cent ans a par la suite \u00e9t\u00e9 reprise par ses fils : Paul et Henri Jaboulet. En 2006, la famille Frey, issue d\u2019une longue lign\u00e9e de vignerons champenois et \u00e9galement propri\u00e9taire du c\u00e9l\u00e8bre Ch\u00e2teau la Lagune, rach\u00e8te la Maison Paul Jaboulet A\u00een\u00e9 avec pour ambition de renouer avec le succ\u00e8s rencontr\u00e9 jusqu\u2019au d\u00e9but des ann\u00e9es 1990 aupr\u00e8s des amateurs du monde entier. Caroline Frey, \u0153nologue, assure la reprise en main de la propri\u00e9t\u00e9, associant avec brio le respect des m\u00e9thodes et du savoir-faire ancestral \u00e0 de nouveaux outils de productions. Le travail traditionnel de la vigne et le respect de l\u2019environnement par une agriculture raisonn\u00e9e consolident la cr\u00e9ation de vins marqu\u00e9s d\u2019une v\u00e9ritable identit\u00e9 et la p\u00e9rennit\u00e9 de cette maison incontournable de la Vall\u00e9e du Rh\u00f4ne.<\/p>\n<\/div>\n<div class=\"table-cell-css vertical-align-top padding-horizontal-10 border-left-md border-left-lg border-top-sm border-top-xs border-gray margin-top-10-xs margin-top-10-sm padding-top-10-xs padding-top-10-sm\">\n<div class=\"table-cell-css vertical-align-top padding-horizontal-10 border-left-md border-left-lg border-top-sm border-top-xs border-gray margin-top-10-xs margin-top-10-sm padding-top-10-xs padding-top-10-sm\">\n<div class=\"table-css-stacked-md height-auto\">\n<div class=\"table-row-css\">\n<div class=\"table-cell-css vertical-align-top padding-vertical-5 nowrap padding-right-10 taille-xs color-gray-darker\"><strong><i class=\"icon-circle-o taille-xxxs\"><\/i>\u00a0\u00a0Accords mets-vin<\/strong><\/div>\n<div class=\"table-cell-css vertical-align-top padding-vertical-5 taille-xs color-gray-darker text-bold\">Ap\u00e9ritif, Poissons, Viandes blanches grill\u00e9es et r\u00f4ties, Viandes en sauce claire<\/div>\n<\/div>\n<\/div>\n<\/div>\n<\/div>\n<p>&nbsp;<\/p>\n<p>&nbsp;<\/p>\n","protected":false},"excerpt":{"rendered":"<p><strong>Bouteille 75cl<\/strong><\/p>\n<p>Cr\u00e9\u00e9e en 1834 par Antoine Jaboulet , cette maison vieille de pr\u00e8s de deux cent ans a par la suite \u00e9t\u00e9 reprise par ses fils : Paul et Henri Jaboulet. En 2006, la famille Frey, issue d\u2019une longue lign\u00e9e de vignerons champenois et \u00e9galement propri\u00e9taire du c\u00e9l\u00e8bre Ch\u00e2teau la Lagune, rach\u00e8te la Maison Paul Jaboulet A\u00een\u00e9 avec pour ambition de renouer avec le succ\u00e8s rencontr\u00e9 jusqu\u2019au d\u00e9but des ann\u00e9es 1990 aupr\u00e8s des amateurs du monde entier. Caroline Frey, \u0153nologue, assure la reprise en main de la propri\u00e9t\u00e9, associant avec brio le respect des m\u00e9thodes et du savoir-faire ancestral \u00e0 de nouveaux outils de productions. Le travail traditionnel de la vigne et le respect de l\u2019environnement par une agriculture raisonn\u00e9e consolident la cr\u00e9ation de vins marqu\u00e9s d\u2019une v\u00e9ritable identit\u00e9 et la p\u00e9rennit\u00e9 de cette maison incontournable de la Vall\u00e9e du Rh\u00f4ne.<\/p>\n<div class=\"table-cell-css vertical-align-top padding-horizontal-10 \">\n<div class=\"table-css-stacked-md height-auto\">\n<div class=\"table-row-css\">\n<div class=\"table-cell-css vertical-align-top padding-vertical-5 nowrap padding-right-10 taille-xs color-gray-darker\">\n<div class=\"table-cell-css vertical-align-top padding-vertical-5 nowrap padding-right-10 taille-xs color-gray-darker\"><strong>\u00a0\u00a0Accords mets-vin<\/strong><\/div>\n<div class=\"table-cell-css vertical-align-top padding-vertical-5 taille-xs color-gray-darker text-bold\">Ap\u00e9ritif, Poissons, Viandes blanches grill\u00e9es et r\u00f4ties, Viandes en sauce claire<\/div>\n<\/div>\n<\/div>\n<\/div>\n<\/div>\n","protected":false},"featured_media":891,"comment_status":"open","ping_status":"closed","template":"","meta":[],"product_brand":[],"product_cat":[26],"product_tag":[],"class_list":{"0":"post-890","1":"product","2":"type-product","3":"status-publish","4":"has-post-thumbnail","6":"product_cat-vin-blanc","8":"first","9":"instock","10":"shipping-taxable","11":"product-type-simple"},"yoast_head":"<!-- This site is optimized with the Yoast SEO plugin v26.2 - https:\/\/yoast.com\/wordpress\/plugins\/seo\/ -->\n<title>COTES DU RHONE - JABOULET AINE - ST JOSEPH LE GRAND POMPEE BLANC 2019 - Ch\u00e2teau de Montolivet<\/title>\n<meta name=\"description\" content=\"Cr\u00e9\u00e9e en 1834 par Antoine Jaboulet , cette maison vieille de pr\u00e8s de deux cent ans a par la suite \u00e9t\u00e9 reprise par ses fils : Paul et Henri Jaboulet. En 2006, la famille Frey, issue d\u2019une longue lign\u00e9e de vignerons champenois et \u00e9galement propri\u00e9taire du c\u00e9l\u00e8bre Ch\u00e2teau la Lagune, rach\u00e8te la Maison Paul Jaboulet A\u00een\u00e9 avec pour ambition de renouer avec le succ\u00e8s rencontr\u00e9 jusqu\u2019au d\u00e9but des ann\u00e9es 1990 aupr\u00e8s des amateurs du monde entier. Caroline Frey, \u0153nologue, assure la reprise en main de la propri\u00e9t\u00e9, associant avec brio le respect des m\u00e9thodes et du savoir-faire ancestral \u00e0 de nouveaux outils de productions. Le travail traditionnel de la vigne et le respect de l\u2019environnement par une agriculture raisonn\u00e9e consolident la cr\u00e9ation de vins marqu\u00e9s d\u2019une v\u00e9ritable identit\u00e9 et la p\u00e9rennit\u00e9 de cette maison incontournable de la Vall\u00e9e du Rh\u00f4ne.\" \/>\n<meta name=\"robots\" content=\"index, follow, max-snippet:-1, max-image-preview:large, max-video-preview:-1\" \/>\n<link rel=\"canonical\" href=\"https:\/\/chateaudemontolivet.com\/index.php\/produit\/cotes-du-rhone-jaboulet-aine-st-joseph-le-grand-pompee-blanc-2019\/\" \/>\n<meta property=\"og:locale\" content=\"fr_FR\" \/>\n<meta property=\"og:type\" content=\"article\" \/>\n<meta property=\"og:title\" content=\"COTES DU RHONE - JABOULET AINE - ST JOSEPH LE GRAND POMPEE BLANC 2019 - Ch\u00e2teau de Montolivet\" \/>\n<meta property=\"og:description\" content=\"Cr\u00e9\u00e9e en 1834 par Antoine Jaboulet , cette maison vieille de pr\u00e8s de deux cent ans a par la suite \u00e9t\u00e9 reprise par ses fils : Paul et Henri Jaboulet. En 2006, la famille Frey, issue d\u2019une longue lign\u00e9e de vignerons champenois et \u00e9galement propri\u00e9taire du c\u00e9l\u00e8bre Ch\u00e2teau la Lagune, rach\u00e8te la Maison Paul Jaboulet A\u00een\u00e9 avec pour ambition de renouer avec le succ\u00e8s rencontr\u00e9 jusqu\u2019au d\u00e9but des ann\u00e9es 1990 aupr\u00e8s des amateurs du monde entier. Caroline Frey, \u0153nologue, assure la reprise en main de la propri\u00e9t\u00e9, associant avec brio le respect des m\u00e9thodes et du savoir-faire ancestral \u00e0 de nouveaux outils de productions. Le travail traditionnel de la vigne et le respect de l\u2019environnement par une agriculture raisonn\u00e9e consolident la cr\u00e9ation de vins marqu\u00e9s d\u2019une v\u00e9ritable identit\u00e9 et la p\u00e9rennit\u00e9 de cette maison incontournable de la Vall\u00e9e du Rh\u00f4ne.\" \/>\n<meta property=\"og:url\" content=\"https:\/\/chateaudemontolivet.com\/index.php\/produit\/cotes-du-rhone-jaboulet-aine-st-joseph-le-grand-pompee-blanc-2019\/\" \/>\n<meta property=\"og:site_name\" content=\"Ch\u00e2teau de Montolivet\" \/>\n<meta property=\"article:modified_time\" content=\"2021-12-15T08:29:00+00:00\" \/>\n<meta property=\"og:image\" content=\"https:\/\/i0.wp.com\/chateaudemontolivet.com\/wp-content\/uploads\/2021\/10\/Capture-de\u0301cran-2021-10-06-a\u0300-11.23.45-e1633513143520.png?fit=163%2C400&ssl=1\" \/>\n\t<meta property=\"og:image:width\" content=\"163\" \/>\n\t<meta property=\"og:image:height\" content=\"400\" \/>\n\t<meta property=\"og:image:type\" content=\"image\/png\" \/>\n<meta name=\"twitter:card\" content=\"summary_large_image\" \/>\n<meta name=\"twitter:label1\" content=\"Dur\u00e9e de lecture estim\u00e9e\" \/>\n\t<meta name=\"twitter:data1\" content=\"1 minute\" \/>\n<script type=\"application\/ld+json\" class=\"yoast-schema-graph\">{\"@context\":\"https:\/\/schema.org\",\"@graph\":[{\"@type\":\"WebPage\",\"@id\":\"https:\/\/chateaudemontolivet.com\/index.php\/produit\/cotes-du-rhone-jaboulet-aine-st-joseph-le-grand-pompee-blanc-2019\/\",\"url\":\"https:\/\/chateaudemontolivet.com\/index.php\/produit\/cotes-du-rhone-jaboulet-aine-st-joseph-le-grand-pompee-blanc-2019\/\",\"name\":\"COTES DU RHONE - JABOULET AINE - ST JOSEPH LE GRAND POMPEE BLANC 2019 - Ch\u00e2teau de Montolivet\",\"isPartOf\":{\"@id\":\"https:\/\/chateaudemontolivet.com\/#website\"},\"primaryImageOfPage\":{\"@id\":\"https:\/\/chateaudemontolivet.com\/index.php\/produit\/cotes-du-rhone-jaboulet-aine-st-joseph-le-grand-pompee-blanc-2019\/#primaryimage\"},\"image\":{\"@id\":\"https:\/\/chateaudemontolivet.com\/index.php\/produit\/cotes-du-rhone-jaboulet-aine-st-joseph-le-grand-pompee-blanc-2019\/#primaryimage\"},\"thumbnailUrl\":\"https:\/\/i0.wp.com\/chateaudemontolivet.com\/wp-content\/uploads\/2021\/10\/Capture-de%CC%81cran-2021-10-06-a%CC%80-11.23.45-e1633513143520.png?fit=163%2C400&ssl=1\",\"datePublished\":\"2021-10-06T09:21:25+00:00\",\"dateModified\":\"2021-12-15T08:29:00+00:00\",\"description\":\"Cr\u00e9\u00e9e en 1834 par Antoine Jaboulet , cette maison vieille de pr\u00e8s de deux cent ans a par la suite \u00e9t\u00e9 reprise par ses fils : Paul et Henri Jaboulet. En 2006, la famille Frey, issue d\u2019une longue lign\u00e9e de vignerons champenois et \u00e9galement propri\u00e9taire du c\u00e9l\u00e8bre Ch\u00e2teau la Lagune, rach\u00e8te la Maison Paul Jaboulet A\u00een\u00e9 avec pour ambition de renouer avec le succ\u00e8s rencontr\u00e9 jusqu\u2019au d\u00e9but des ann\u00e9es 1990 aupr\u00e8s des amateurs du monde entier. Caroline Frey, \u0153nologue, assure la reprise en main de la propri\u00e9t\u00e9, associant avec brio le respect des m\u00e9thodes et du savoir-faire ancestral \u00e0 de nouveaux outils de productions. Le travail traditionnel de la vigne et le respect de l\u2019environnement par une agriculture raisonn\u00e9e consolident la cr\u00e9ation de vins marqu\u00e9s d\u2019une v\u00e9ritable identit\u00e9 et la p\u00e9rennit\u00e9 de cette maison incontournable de la Vall\u00e9e du Rh\u00f4ne.\",\"breadcrumb\":{\"@id\":\"https:\/\/chateaudemontolivet.com\/index.php\/produit\/cotes-du-rhone-jaboulet-aine-st-joseph-le-grand-pompee-blanc-2019\/#breadcrumb\"},\"inLanguage\":\"fr-FR\",\"potentialAction\":[{\"@type\":\"ReadAction\",\"target\":[\"https:\/\/chateaudemontolivet.com\/index.php\/produit\/cotes-du-rhone-jaboulet-aine-st-joseph-le-grand-pompee-blanc-2019\/\"]}]},{\"@type\":\"ImageObject\",\"inLanguage\":\"fr-FR\",\"@id\":\"https:\/\/chateaudemontolivet.com\/index.php\/produit\/cotes-du-rhone-jaboulet-aine-st-joseph-le-grand-pompee-blanc-2019\/#primaryimage\",\"url\":\"https:\/\/i0.wp.com\/chateaudemontolivet.com\/wp-content\/uploads\/2021\/10\/Capture-de%CC%81cran-2021-10-06-a%CC%80-11.23.45-e1633513143520.png?fit=163%2C400&ssl=1\",\"contentUrl\":\"https:\/\/i0.wp.com\/chateaudemontolivet.com\/wp-content\/uploads\/2021\/10\/Capture-de%CC%81cran-2021-10-06-a%CC%80-11.23.45-e1633513143520.png?fit=163%2C400&ssl=1\",\"width\":163,\"height\":400},{\"@type\":\"BreadcrumbList\",\"@id\":\"https:\/\/chateaudemontolivet.com\/index.php\/produit\/cotes-du-rhone-jaboulet-aine-st-joseph-le-grand-pompee-blanc-2019\/#breadcrumb\",\"itemListElement\":[{\"@type\":\"ListItem\",\"position\":1,\"name\":\"Accueil\",\"item\":\"https:\/\/chateaudemontolivet.com\/\"},{\"@type\":\"ListItem\",\"position\":2,\"name\":\"Products\",\"item\":\"https:\/\/chateaudemontolivet.com\/index.php\/nos-vins\/\"},{\"@type\":\"ListItem\",\"position\":3,\"name\":\"COTES DU RHONE &#8211; JABOULET AINE &#8211; ST JOSEPH LE GRAND POMPEE BLANC 2019\"}]},{\"@type\":\"WebSite\",\"@id\":\"https:\/\/chateaudemontolivet.com\/#website\",\"url\":\"https:\/\/chateaudemontolivet.com\/\",\"name\":\"Ch\u00e2teau de Montolivet\",\"description\":\"Un lieu idyllique pour l&#039;organisation de votre mariages, s\u00e9minaire d&#039;entreprise et autre \u00e9v\u00e9nement.\",\"potentialAction\":[{\"@type\":\"SearchAction\",\"target\":{\"@type\":\"EntryPoint\",\"urlTemplate\":\"https:\/\/chateaudemontolivet.com\/?s={search_term_string}\"},\"query-input\":{\"@type\":\"PropertyValueSpecification\",\"valueRequired\":true,\"valueName\":\"search_term_string\"}}],\"inLanguage\":\"fr-FR\"}]}<\/script>\n<!-- \/ Yoast SEO plugin. -->","yoast_head_json":{"title":"COTES DU RHONE - JABOULET AINE - ST JOSEPH LE GRAND POMPEE BLANC 2019 - Ch\u00e2teau de Montolivet","description":"Cr\u00e9\u00e9e en 1834 par Antoine Jaboulet , cette maison vieille de pr\u00e8s de deux cent ans a par la suite \u00e9t\u00e9 reprise par ses fils : Paul et Henri Jaboulet. En 2006, la famille Frey, issue d\u2019une longue lign\u00e9e de vignerons champenois et \u00e9galement propri\u00e9taire du c\u00e9l\u00e8bre Ch\u00e2teau la Lagune, rach\u00e8te la Maison Paul Jaboulet A\u00een\u00e9 avec pour ambition de renouer avec le succ\u00e8s rencontr\u00e9 jusqu\u2019au d\u00e9but des ann\u00e9es 1990 aupr\u00e8s des amateurs du monde entier. Caroline Frey, \u0153nologue, assure la reprise en main de la propri\u00e9t\u00e9, associant avec brio le respect des m\u00e9thodes et du savoir-faire ancestral \u00e0 de nouveaux outils de productions. Le travail traditionnel de la vigne et le respect de l\u2019environnement par une agriculture raisonn\u00e9e consolident la cr\u00e9ation de vins marqu\u00e9s d\u2019une v\u00e9ritable identit\u00e9 et la p\u00e9rennit\u00e9 de cette maison incontournable de la Vall\u00e9e du Rh\u00f4ne.","robots":{"index":"index","follow":"follow","max-snippet":"max-snippet:-1","max-image-preview":"max-image-preview:large","max-video-preview":"max-video-preview:-1"},"canonical":"https:\/\/chateaudemontolivet.com\/index.php\/produit\/cotes-du-rhone-jaboulet-aine-st-joseph-le-grand-pompee-blanc-2019\/","og_locale":"fr_FR","og_type":"article","og_title":"COTES DU RHONE - JABOULET AINE - ST JOSEPH LE GRAND POMPEE BLANC 2019 - Ch\u00e2teau de Montolivet","og_description":"Cr\u00e9\u00e9e en 1834 par Antoine Jaboulet , cette maison vieille de pr\u00e8s de deux cent ans a par la suite \u00e9t\u00e9 reprise par ses fils : Paul et Henri Jaboulet. En 2006, la famille Frey, issue d\u2019une longue lign\u00e9e de vignerons champenois et \u00e9galement propri\u00e9taire du c\u00e9l\u00e8bre Ch\u00e2teau la Lagune, rach\u00e8te la Maison Paul Jaboulet A\u00een\u00e9 avec pour ambition de renouer avec le succ\u00e8s rencontr\u00e9 jusqu\u2019au d\u00e9but des ann\u00e9es 1990 aupr\u00e8s des amateurs du monde entier. Caroline Frey, \u0153nologue, assure la reprise en main de la propri\u00e9t\u00e9, associant avec brio le respect des m\u00e9thodes et du savoir-faire ancestral \u00e0 de nouveaux outils de productions. Le travail traditionnel de la vigne et le respect de l\u2019environnement par une agriculture raisonn\u00e9e consolident la cr\u00e9ation de vins marqu\u00e9s d\u2019une v\u00e9ritable identit\u00e9 et la p\u00e9rennit\u00e9 de cette maison incontournable de la Vall\u00e9e du Rh\u00f4ne.","og_url":"https:\/\/chateaudemontolivet.com\/index.php\/produit\/cotes-du-rhone-jaboulet-aine-st-joseph-le-grand-pompee-blanc-2019\/","og_site_name":"Ch\u00e2teau de Montolivet","article_modified_time":"2021-12-15T08:29:00+00:00","og_image":[{"width":163,"height":400,"url":"https:\/\/i0.wp.com\/chateaudemontolivet.com\/wp-content\/uploads\/2021\/10\/Capture-de\u0301cran-2021-10-06-a\u0300-11.23.45-e1633513143520.png?fit=163%2C400&ssl=1","type":"image\/png"}],"twitter_card":"summary_large_image","twitter_misc":{"Dur\u00e9e de lecture estim\u00e9e":"1 minute"},"schema":{"@context":"https:\/\/schema.org","@graph":[{"@type":"WebPage","@id":"https:\/\/chateaudemontolivet.com\/index.php\/produit\/cotes-du-rhone-jaboulet-aine-st-joseph-le-grand-pompee-blanc-2019\/","url":"https:\/\/chateaudemontolivet.com\/index.php\/produit\/cotes-du-rhone-jaboulet-aine-st-joseph-le-grand-pompee-blanc-2019\/","name":"COTES DU RHONE - JABOULET AINE - ST JOSEPH LE GRAND POMPEE BLANC 2019 - Ch\u00e2teau de Montolivet","isPartOf":{"@id":"https:\/\/chateaudemontolivet.com\/#website"},"primaryImageOfPage":{"@id":"https:\/\/chateaudemontolivet.com\/index.php\/produit\/cotes-du-rhone-jaboulet-aine-st-joseph-le-grand-pompee-blanc-2019\/#primaryimage"},"image":{"@id":"https:\/\/chateaudemontolivet.com\/index.php\/produit\/cotes-du-rhone-jaboulet-aine-st-joseph-le-grand-pompee-blanc-2019\/#primaryimage"},"thumbnailUrl":"https:\/\/i0.wp.com\/chateaudemontolivet.com\/wp-content\/uploads\/2021\/10\/Capture-de%CC%81cran-2021-10-06-a%CC%80-11.23.45-e1633513143520.png?fit=163%2C400&ssl=1","datePublished":"2021-10-06T09:21:25+00:00","dateModified":"2021-12-15T08:29:00+00:00","description":"Cr\u00e9\u00e9e en 1834 par Antoine Jaboulet , cette maison vieille de pr\u00e8s de deux cent ans a par la suite \u00e9t\u00e9 reprise par ses fils : Paul et Henri Jaboulet. En 2006, la famille Frey, issue d\u2019une longue lign\u00e9e de vignerons champenois et \u00e9galement propri\u00e9taire du c\u00e9l\u00e8bre Ch\u00e2teau la Lagune, rach\u00e8te la Maison Paul Jaboulet A\u00een\u00e9 avec pour ambition de renouer avec le succ\u00e8s rencontr\u00e9 jusqu\u2019au d\u00e9but des ann\u00e9es 1990 aupr\u00e8s des amateurs du monde entier. Caroline Frey, \u0153nologue, assure la reprise en main de la propri\u00e9t\u00e9, associant avec brio le respect des m\u00e9thodes et du savoir-faire ancestral \u00e0 de nouveaux outils de productions. Le travail traditionnel de la vigne et le respect de l\u2019environnement par une agriculture raisonn\u00e9e consolident la cr\u00e9ation de vins marqu\u00e9s d\u2019une v\u00e9ritable identit\u00e9 et la p\u00e9rennit\u00e9 de cette maison incontournable de la Vall\u00e9e du Rh\u00f4ne.","breadcrumb":{"@id":"https:\/\/chateaudemontolivet.com\/index.php\/produit\/cotes-du-rhone-jaboulet-aine-st-joseph-le-grand-pompee-blanc-2019\/#breadcrumb"},"inLanguage":"fr-FR","potentialAction":[{"@type":"ReadAction","target":["https:\/\/chateaudemontolivet.com\/index.php\/produit\/cotes-du-rhone-jaboulet-aine-st-joseph-le-grand-pompee-blanc-2019\/"]}]},{"@type":"ImageObject","inLanguage":"fr-FR","@id":"https:\/\/chateaudemontolivet.com\/index.php\/produit\/cotes-du-rhone-jaboulet-aine-st-joseph-le-grand-pompee-blanc-2019\/#primaryimage","url":"https:\/\/i0.wp.com\/chateaudemontolivet.com\/wp-content\/uploads\/2021\/10\/Capture-de%CC%81cran-2021-10-06-a%CC%80-11.23.45-e1633513143520.png?fit=163%2C400&ssl=1","contentUrl":"https:\/\/i0.wp.com\/chateaudemontolivet.com\/wp-content\/uploads\/2021\/10\/Capture-de%CC%81cran-2021-10-06-a%CC%80-11.23.45-e1633513143520.png?fit=163%2C400&ssl=1","width":163,"height":400},{"@type":"BreadcrumbList","@id":"https:\/\/chateaudemontolivet.com\/index.php\/produit\/cotes-du-rhone-jaboulet-aine-st-joseph-le-grand-pompee-blanc-2019\/#breadcrumb","itemListElement":[{"@type":"ListItem","position":1,"name":"Accueil","item":"https:\/\/chateaudemontolivet.com\/"},{"@type":"ListItem","position":2,"name":"Products","item":"https:\/\/chateaudemontolivet.com\/index.php\/nos-vins\/"},{"@type":"ListItem","position":3,"name":"COTES DU RHONE &#8211; JABOULET AINE &#8211; ST JOSEPH LE GRAND POMPEE BLANC 2019"}]},{"@type":"WebSite","@id":"https:\/\/chateaudemontolivet.com\/#website","url":"https:\/\/chateaudemontolivet.com\/","name":"Ch\u00e2teau de Montolivet","description":"Un lieu idyllique pour l&#039;organisation de votre mariages, s\u00e9minaire d&#039;entreprise et autre \u00e9v\u00e9nement.","potentialAction":[{"@type":"SearchAction","target":{"@type":"EntryPoint","urlTemplate":"https:\/\/chateaudemontolivet.com\/?s={search_term_string}"},"query-input":{"@type":"PropertyValueSpecification","valueRequired":true,"valueName":"search_term_string"}}],"inLanguage":"fr-FR"}]}},"jetpack_sharing_enabled":true,"_links":{"self":[{"href":"https:\/\/chateaudemontolivet.com\/index.php\/wp-json\/wp\/v2\/product\/890","targetHints":{"allow":["GET"]}}],"collection":[{"href":"https:\/\/chateaudemontolivet.com\/index.php\/wp-json\/wp\/v2\/product"}],"about":[{"href":"https:\/\/chateaudemontolivet.com\/index.php\/wp-json\/wp\/v2\/types\/product"}],"replies":[{"embeddable":true,"href":"https:\/\/chateaudemontolivet.com\/index.php\/wp-json\/wp\/v2\/comments?post=890"}],"wp:featuredmedia":[{"embeddable":true,"href":"https:\/\/chateaudemontolivet.com\/index.php\/wp-json\/wp\/v2\/media\/891"}],"wp:attachment":[{"href":"https:\/\/chateaudemontolivet.com\/index.php\/wp-json\/wp\/v2\/media?parent=890"}],"wp:term":[{"taxonomy":"product_brand","embeddable":true,"href":"https:\/\/chateaudemontolivet.com\/index.php\/wp-json\/wp\/v2\/product_brand?post=890"},{"taxonomy":"product_cat","embeddable":true,"href":"https:\/\/chateaudemontolivet.com\/index.php\/wp-json\/wp\/v2\/product_cat?post=890"},{"taxonomy":"product_tag","embeddable":true,"href":"https:\/\/chateaudemontolivet.com\/index.php\/wp-json\/wp\/v2\/product_tag?post=890"}],"curies":[{"name":"wp","href":"https:\/\/api.w.org\/{rel}","templated":true}]}}