{"id":894,"date":"2021-10-06T11:28:52","date_gmt":"2021-10-06T09:28:52","guid":{"rendered":"http:\/\/chateaudemontolivet.com\/?post_type=product&#038;p=894"},"modified":"2021-12-15T09:28:48","modified_gmt":"2021-12-15T08:28:48","slug":"cotes-du-rhone-2017-e-guigal","status":"publish","type":"product","link":"https:\/\/chateaudemontolivet.com\/index.php\/produit\/cotes-du-rhone-2017-e-guigal\/","title":{"rendered":"COTES DU RHONE 2017 &#8211; E. GUIGAL"},"content":{"rendered":"<div id=\"short_description_content\" class=\"rte align_justify\">\n<p>La maison incontournable de la vall\u00e9e du Rh\u00f4ne nous s\u00e9duit mill\u00e9sime apr\u00e8s mill\u00e9sime avec\u00a0cette cuv\u00e9e aux ar\u00f4mes flatteurs de fruits noirs et d&rsquo;\u00e9pices, devenue une v\u00e9ritable\u00a0r\u00e9f\u00e9rence en C\u00f4tes-du-Rh\u00f4ne. Finesse et \u00e9l\u00e9gance caract\u00e9risent ce nectar suave et au caract\u00e8re toutefois bien tremp\u00e9. On a de cesse d&rsquo;appr\u00e9cier sa r\u00e9gularit\u00e9 et sa consistance? C&rsquo;est un vin haut de gamme et tr\u00e8s bien r\u00e9alis\u00e9, dont connaisseurs appr\u00e9cieront l\u2019expression affirm\u00e9e du c\u00e9page syrah combin\u00e9 au Grenache. En somme, c&rsquo;est la qualit\u00e9 Guigal \u00e0 moindre co\u00fbt !<\/p>\n<\/div>\n<div class=\"table-cell-css vertical-align-top padding-horizontal-10 border-left-md border-left-lg border-top-sm border-top-xs border-gray margin-top-10-xs margin-top-10-sm padding-top-10-xs padding-top-10-sm\">\n<div class=\"table-cell-css vertical-align-top padding-horizontal-10 border-left-md border-left-lg border-top-sm border-top-xs border-gray margin-top-10-xs margin-top-10-sm padding-top-10-xs padding-top-10-sm\">\n<div class=\"table-css-stacked-md height-auto\">\n<div class=\"table-row-css\">\n<div>\n<div class=\"table-cell-css vertical-align-top padding-vertical-5 nowrap padding-right-10 taille-xs color-gray-darker\"><strong>\u00a0\u00a0C\u00e9page<\/strong><\/div>\n<div class=\"table-cell-css vertical-align-top padding-vertical-5 taille-xs color-gray-darker text-bold\">60% Syrah, 35% Grenache, 5% Mourv\u00e8dre<\/div>\n<div>\n<div class=\"table-row-css\">\n<div class=\"table-cell-css vertical-align-top padding-vertical-5 nowrap padding-right-10 taille-xs color-gray-darker\"><strong>\u00a0\u00a0Go\u00fbts<\/strong><\/div>\n<div class=\"table-cell-css vertical-align-top padding-vertical-5 taille-xs color-gray-darker text-bold\">Rouge Puissant et g\u00e9n\u00e9reux<\/div>\n<\/div>\n<div class=\"table-row-css\">\n<div class=\"table-cell-css vertical-align-top padding-vertical-5 nowrap padding-right-10 taille-xs color-gray-darker\"><strong><i class=\"icon-circle-o taille-xxxs\"><\/i>\u00a0\u00a0A l&rsquo;oeil<\/strong><\/div>\n<div class=\"table-cell-css vertical-align-top padding-vertical-5 taille-xs color-gray-darker text-bold\">Robe rouge sombre et brillante<\/div>\n<\/div>\n<div class=\"table-row-css\">\n<div class=\"table-cell-css vertical-align-top padding-vertical-5 nowrap padding-right-10 taille-xs color-gray-darker\"><strong><i class=\"icon-circle-o taille-xxxs\"><\/i>\u00a0\u00a0Au nez<\/strong><\/div>\n<div class=\"table-cell-css vertical-align-top padding-vertical-5 taille-xs color-gray-darker text-bold\">Ar\u00f4mes de fruits noirs et notes d&rsquo;\u00e9pices<\/div>\n<\/div>\n<div class=\"table-row-css\">\n<div class=\"table-cell-css vertical-align-top padding-vertical-5 nowrap padding-right-10 taille-xs color-gray-darker\"><strong><i class=\"icon-circle-o taille-xxxs\"><\/i>\u00a0\u00a0En bouche<\/strong><\/div>\n<div class=\"table-cell-css vertical-align-top padding-vertical-5 taille-xs color-gray-darker text-bold\">Bouche ample avec des tanins arrondis<\/div>\n<\/div>\n<\/div>\n<\/div>\n<div class=\"table-cell-css vertical-align-top padding-vertical-5 nowrap padding-right-10 taille-xs color-gray-darker\"><strong><i class=\"icon-circle-o taille-xxxs\"><\/i>\u00a0\u00a0Accords mets-vin<\/strong><\/div>\n<div class=\"table-cell-css vertical-align-top padding-vertical-5 taille-xs color-gray-darker text-bold\">Charcuterie, Gibier, Barbecue, Fromage<\/div>\n<\/div>\n<\/div>\n<\/div>\n<\/div>\n<p>&nbsp;<\/p>\n<p>&nbsp;<\/p>\n","protected":false},"excerpt":{"rendered":"<div id=\"short_description_content\" class=\"rte align_justify\">\n<p>La maison incontournable de la vall\u00e9e du Rh\u00f4ne nous s\u00e9duit mill\u00e9sime apr\u00e8s mill\u00e9sime avec\u00a0cette cuv\u00e9e aux ar\u00f4mes flatteurs de fruits noirs et d&rsquo;\u00e9pices, devenue une v\u00e9ritable\u00a0r\u00e9f\u00e9rence en C\u00f4tes-du-Rh\u00f4ne. Finesse et \u00e9l\u00e9gance caract\u00e9risent ce nectar suave et au caract\u00e8re toutefois bien tremp\u00e9. On a de cesse d&rsquo;appr\u00e9cier sa r\u00e9gularit\u00e9 et sa consistance? C&rsquo;est un vin haut de gamme et tr\u00e8s bien r\u00e9alis\u00e9, dont connaisseurs appr\u00e9cieront l\u2019expression affirm\u00e9e du c\u00e9page syrah combin\u00e9 au Grenache. En somme, c&rsquo;est la qualit\u00e9 Guigal \u00e0 moindre co\u00fbt !<\/p>\n<\/div>\n<div class=\"table-cell-css vertical-align-top padding-horizontal-10 border-left-md border-left-lg border-top-sm border-top-xs border-gray margin-top-10-xs margin-top-10-sm padding-top-10-xs padding-top-10-sm\">\n<div class=\"table-cell-css vertical-align-top padding-horizontal-10 border-left-md border-left-lg border-top-sm border-top-xs border-gray margin-top-10-xs margin-top-10-sm padding-top-10-xs padding-top-10-sm\">\n<div class=\"table-css-stacked-md height-auto\">\n<div class=\"table-row-css\">\n<div>\n<div class=\"table-cell-css vertical-align-top padding-vertical-5 nowrap padding-right-10 taille-xs color-gray-darker\"><strong>\u00a0\u00a0C\u00e9page<\/strong><\/div>\n<div class=\"table-cell-css vertical-align-top padding-vertical-5 taille-xs color-gray-darker text-bold\">60% Syrah, 35% Grenache, 5% Mourv\u00e8dre<\/div>\n<div>\n<div class=\"table-row-css\">\n<div class=\"table-cell-css vertical-align-top padding-vertical-5 nowrap padding-right-10 taille-xs color-gray-darker\"><strong>\u00a0\u00a0Go\u00fbts<\/strong><\/div>\n<div class=\"table-cell-css vertical-align-top padding-vertical-5 taille-xs color-gray-darker text-bold\">Rouge Puissant et g\u00e9n\u00e9reux<\/div>\n<\/div>\n<div class=\"table-row-css\">\n<div class=\"table-cell-css vertical-align-top padding-vertical-5 nowrap padding-right-10 taille-xs color-gray-darker\"><strong><i class=\"icon-circle-o taille-xxxs\"><\/i>\u00a0\u00a0A l&rsquo;oeil<\/strong><\/div>\n<div class=\"table-cell-css vertical-align-top padding-vertical-5 taille-xs color-gray-darker text-bold\">Robe rouge sombre et brillante<\/div>\n<\/div>\n<div class=\"table-row-css\">\n<div class=\"table-cell-css vertical-align-top padding-vertical-5 nowrap padding-right-10 taille-xs color-gray-darker\"><strong><i class=\"icon-circle-o taille-xxxs\"><\/i>\u00a0\u00a0Au nez<\/strong><\/div>\n<div class=\"table-cell-css vertical-align-top padding-vertical-5 taille-xs color-gray-darker text-bold\">Ar\u00f4mes de fruits noirs et notes d&rsquo;\u00e9pices<\/div>\n<\/div>\n<div class=\"table-row-css\">\n<div class=\"table-cell-css vertical-align-top padding-vertical-5 nowrap padding-right-10 taille-xs color-gray-darker\"><strong><i class=\"icon-circle-o taille-xxxs\"><\/i>\u00a0\u00a0En bouche<\/strong><\/div>\n<div class=\"table-cell-css vertical-align-top padding-vertical-5 taille-xs color-gray-darker text-bold\">Bouche ample avec des tanins arrondis<\/div>\n<\/div>\n<\/div>\n<\/div>\n<div class=\"table-cell-css vertical-align-top padding-vertical-5 nowrap padding-right-10 taille-xs color-gray-darker\"><strong><i class=\"icon-circle-o taille-xxxs\"><\/i>\u00a0\u00a0Accords mets-vin<\/strong><\/div>\n<div class=\"table-cell-css vertical-align-top padding-vertical-5 taille-xs color-gray-darker text-bold\">Charcuterie, Gibier, Barbecue, Fromage<\/div>\n<\/div>\n<\/div>\n<\/div>\n<\/div>\n","protected":false},"featured_media":895,"comment_status":"open","ping_status":"closed","template":"","meta":[],"product_brand":[],"product_cat":[29],"product_tag":[],"class_list":{"0":"post-894","1":"product","2":"type-product","3":"status-publish","4":"has-post-thumbnail","6":"product_cat-vin-rouge","8":"first","9":"instock","10":"shipping-taxable","11":"product-type-simple"},"yoast_head":"<!-- This site is optimized with the Yoast SEO plugin v26.2 - https:\/\/yoast.com\/wordpress\/plugins\/seo\/ -->\n<title>COTES DU RHONE 2017 - E. GUIGAL - Ch\u00e2teau de Montolivet<\/title>\n<meta name=\"description\" content=\"La maison incontournable de la vall\u00e9e du Rh\u00f4ne nous s\u00e9duit mill\u00e9sime apr\u00e8s mill\u00e9sime avec cette cuv\u00e9e aux ar\u00f4mes flatteurs de fruits noirs et d&#039;\u00e9pices, devenue une v\u00e9ritable r\u00e9f\u00e9rence en C\u00f4tes-du-Rh\u00f4ne. Finesse et \u00e9l\u00e9gance caract\u00e9risent ce nectar suave et au caract\u00e8re toutefois bien tremp\u00e9. On a de cesse d&#039;appr\u00e9cier sa r\u00e9gularit\u00e9 et sa consistance? C&#039;est un vin haut de gamme et tr\u00e8s bien r\u00e9alis\u00e9, dont connaisseurs appr\u00e9cieront l\u2019expression affirm\u00e9e du c\u00e9page syrah combin\u00e9 au Grenache. En somme, c&#039;est la qualit\u00e9 Guigal \u00e0 moindre co\u00fbt !\" \/>\n<meta name=\"robots\" content=\"index, follow, max-snippet:-1, max-image-preview:large, max-video-preview:-1\" \/>\n<link rel=\"canonical\" href=\"https:\/\/chateaudemontolivet.com\/index.php\/produit\/cotes-du-rhone-2017-e-guigal\/\" \/>\n<meta property=\"og:locale\" content=\"fr_FR\" \/>\n<meta property=\"og:type\" content=\"article\" \/>\n<meta property=\"og:title\" content=\"COTES DU RHONE 2017 - E. GUIGAL - Ch\u00e2teau de Montolivet\" \/>\n<meta property=\"og:description\" content=\"La maison incontournable de la vall\u00e9e du Rh\u00f4ne nous s\u00e9duit mill\u00e9sime apr\u00e8s mill\u00e9sime avec cette cuv\u00e9e aux ar\u00f4mes flatteurs de fruits noirs et d&#039;\u00e9pices, devenue une v\u00e9ritable r\u00e9f\u00e9rence en C\u00f4tes-du-Rh\u00f4ne. Finesse et \u00e9l\u00e9gance caract\u00e9risent ce nectar suave et au caract\u00e8re toutefois bien tremp\u00e9. On a de cesse d&#039;appr\u00e9cier sa r\u00e9gularit\u00e9 et sa consistance? C&#039;est un vin haut de gamme et tr\u00e8s bien r\u00e9alis\u00e9, dont connaisseurs appr\u00e9cieront l\u2019expression affirm\u00e9e du c\u00e9page syrah combin\u00e9 au Grenache. En somme, c&#039;est la qualit\u00e9 Guigal \u00e0 moindre co\u00fbt !\" \/>\n<meta property=\"og:url\" content=\"https:\/\/chateaudemontolivet.com\/index.php\/produit\/cotes-du-rhone-2017-e-guigal\/\" \/>\n<meta property=\"og:site_name\" content=\"Ch\u00e2teau de Montolivet\" \/>\n<meta property=\"article:modified_time\" content=\"2021-12-15T08:28:48+00:00\" \/>\n<meta property=\"og:image\" content=\"https:\/\/i0.wp.com\/chateaudemontolivet.com\/wp-content\/uploads\/2021\/10\/Capture-de\u0301cran-2021-10-06-a\u0300-11.29.51-e1633513118467.png?fit=239%2C400&ssl=1\" \/>\n\t<meta property=\"og:image:width\" content=\"239\" \/>\n\t<meta property=\"og:image:height\" content=\"400\" \/>\n\t<meta property=\"og:image:type\" content=\"image\/png\" \/>\n<meta name=\"twitter:card\" content=\"summary_large_image\" \/>\n<meta name=\"twitter:label1\" content=\"Dur\u00e9e de lecture estim\u00e9e\" \/>\n\t<meta name=\"twitter:data1\" content=\"1 minute\" \/>\n<script type=\"application\/ld+json\" class=\"yoast-schema-graph\">{\"@context\":\"https:\/\/schema.org\",\"@graph\":[{\"@type\":\"WebPage\",\"@id\":\"https:\/\/chateaudemontolivet.com\/index.php\/produit\/cotes-du-rhone-2017-e-guigal\/\",\"url\":\"https:\/\/chateaudemontolivet.com\/index.php\/produit\/cotes-du-rhone-2017-e-guigal\/\",\"name\":\"COTES DU RHONE 2017 - E. GUIGAL - Ch\u00e2teau de Montolivet\",\"isPartOf\":{\"@id\":\"https:\/\/chateaudemontolivet.com\/#website\"},\"primaryImageOfPage\":{\"@id\":\"https:\/\/chateaudemontolivet.com\/index.php\/produit\/cotes-du-rhone-2017-e-guigal\/#primaryimage\"},\"image\":{\"@id\":\"https:\/\/chateaudemontolivet.com\/index.php\/produit\/cotes-du-rhone-2017-e-guigal\/#primaryimage\"},\"thumbnailUrl\":\"https:\/\/i0.wp.com\/chateaudemontolivet.com\/wp-content\/uploads\/2021\/10\/Capture-de%CC%81cran-2021-10-06-a%CC%80-11.29.51-e1633513118467.png?fit=239%2C400&ssl=1\",\"datePublished\":\"2021-10-06T09:28:52+00:00\",\"dateModified\":\"2021-12-15T08:28:48+00:00\",\"description\":\"La maison incontournable de la vall\u00e9e du Rh\u00f4ne nous s\u00e9duit mill\u00e9sime apr\u00e8s mill\u00e9sime avec cette cuv\u00e9e aux ar\u00f4mes flatteurs de fruits noirs et d'\u00e9pices, devenue une v\u00e9ritable r\u00e9f\u00e9rence en C\u00f4tes-du-Rh\u00f4ne. Finesse et \u00e9l\u00e9gance caract\u00e9risent ce nectar suave et au caract\u00e8re toutefois bien tremp\u00e9. On a de cesse d'appr\u00e9cier sa r\u00e9gularit\u00e9 et sa consistance? C'est un vin haut de gamme et tr\u00e8s bien r\u00e9alis\u00e9, dont connaisseurs appr\u00e9cieront l\u2019expression affirm\u00e9e du c\u00e9page syrah combin\u00e9 au Grenache. En somme, c'est la qualit\u00e9 Guigal \u00e0 moindre co\u00fbt !\",\"breadcrumb\":{\"@id\":\"https:\/\/chateaudemontolivet.com\/index.php\/produit\/cotes-du-rhone-2017-e-guigal\/#breadcrumb\"},\"inLanguage\":\"fr-FR\",\"potentialAction\":[{\"@type\":\"ReadAction\",\"target\":[\"https:\/\/chateaudemontolivet.com\/index.php\/produit\/cotes-du-rhone-2017-e-guigal\/\"]}]},{\"@type\":\"ImageObject\",\"inLanguage\":\"fr-FR\",\"@id\":\"https:\/\/chateaudemontolivet.com\/index.php\/produit\/cotes-du-rhone-2017-e-guigal\/#primaryimage\",\"url\":\"https:\/\/i0.wp.com\/chateaudemontolivet.com\/wp-content\/uploads\/2021\/10\/Capture-de%CC%81cran-2021-10-06-a%CC%80-11.29.51-e1633513118467.png?fit=239%2C400&ssl=1\",\"contentUrl\":\"https:\/\/i0.wp.com\/chateaudemontolivet.com\/wp-content\/uploads\/2021\/10\/Capture-de%CC%81cran-2021-10-06-a%CC%80-11.29.51-e1633513118467.png?fit=239%2C400&ssl=1\",\"width\":239,\"height\":400},{\"@type\":\"BreadcrumbList\",\"@id\":\"https:\/\/chateaudemontolivet.com\/index.php\/produit\/cotes-du-rhone-2017-e-guigal\/#breadcrumb\",\"itemListElement\":[{\"@type\":\"ListItem\",\"position\":1,\"name\":\"Accueil\",\"item\":\"https:\/\/chateaudemontolivet.com\/\"},{\"@type\":\"ListItem\",\"position\":2,\"name\":\"Products\",\"item\":\"https:\/\/chateaudemontolivet.com\/index.php\/nos-vins\/\"},{\"@type\":\"ListItem\",\"position\":3,\"name\":\"COTES DU RHONE 2017 &#8211; E. GUIGAL\"}]},{\"@type\":\"WebSite\",\"@id\":\"https:\/\/chateaudemontolivet.com\/#website\",\"url\":\"https:\/\/chateaudemontolivet.com\/\",\"name\":\"Ch\u00e2teau de Montolivet\",\"description\":\"Un lieu idyllique pour l&#039;organisation de votre mariages, s\u00e9minaire d&#039;entreprise et autre \u00e9v\u00e9nement.\",\"potentialAction\":[{\"@type\":\"SearchAction\",\"target\":{\"@type\":\"EntryPoint\",\"urlTemplate\":\"https:\/\/chateaudemontolivet.com\/?s={search_term_string}\"},\"query-input\":{\"@type\":\"PropertyValueSpecification\",\"valueRequired\":true,\"valueName\":\"search_term_string\"}}],\"inLanguage\":\"fr-FR\"}]}<\/script>\n<!-- \/ Yoast SEO plugin. -->","yoast_head_json":{"title":"COTES DU RHONE 2017 - E. GUIGAL - Ch\u00e2teau de Montolivet","description":"La maison incontournable de la vall\u00e9e du Rh\u00f4ne nous s\u00e9duit mill\u00e9sime apr\u00e8s mill\u00e9sime avec cette cuv\u00e9e aux ar\u00f4mes flatteurs de fruits noirs et d'\u00e9pices, devenue une v\u00e9ritable r\u00e9f\u00e9rence en C\u00f4tes-du-Rh\u00f4ne. Finesse et \u00e9l\u00e9gance caract\u00e9risent ce nectar suave et au caract\u00e8re toutefois bien tremp\u00e9. On a de cesse d'appr\u00e9cier sa r\u00e9gularit\u00e9 et sa consistance? C'est un vin haut de gamme et tr\u00e8s bien r\u00e9alis\u00e9, dont connaisseurs appr\u00e9cieront l\u2019expression affirm\u00e9e du c\u00e9page syrah combin\u00e9 au Grenache. En somme, c'est la qualit\u00e9 Guigal \u00e0 moindre co\u00fbt !","robots":{"index":"index","follow":"follow","max-snippet":"max-snippet:-1","max-image-preview":"max-image-preview:large","max-video-preview":"max-video-preview:-1"},"canonical":"https:\/\/chateaudemontolivet.com\/index.php\/produit\/cotes-du-rhone-2017-e-guigal\/","og_locale":"fr_FR","og_type":"article","og_title":"COTES DU RHONE 2017 - E. GUIGAL - Ch\u00e2teau de Montolivet","og_description":"La maison incontournable de la vall\u00e9e du Rh\u00f4ne nous s\u00e9duit mill\u00e9sime apr\u00e8s mill\u00e9sime avec cette cuv\u00e9e aux ar\u00f4mes flatteurs de fruits noirs et d'\u00e9pices, devenue une v\u00e9ritable r\u00e9f\u00e9rence en C\u00f4tes-du-Rh\u00f4ne. Finesse et \u00e9l\u00e9gance caract\u00e9risent ce nectar suave et au caract\u00e8re toutefois bien tremp\u00e9. On a de cesse d'appr\u00e9cier sa r\u00e9gularit\u00e9 et sa consistance? C'est un vin haut de gamme et tr\u00e8s bien r\u00e9alis\u00e9, dont connaisseurs appr\u00e9cieront l\u2019expression affirm\u00e9e du c\u00e9page syrah combin\u00e9 au Grenache. En somme, c'est la qualit\u00e9 Guigal \u00e0 moindre co\u00fbt !","og_url":"https:\/\/chateaudemontolivet.com\/index.php\/produit\/cotes-du-rhone-2017-e-guigal\/","og_site_name":"Ch\u00e2teau de Montolivet","article_modified_time":"2021-12-15T08:28:48+00:00","og_image":[{"width":239,"height":400,"url":"https:\/\/i0.wp.com\/chateaudemontolivet.com\/wp-content\/uploads\/2021\/10\/Capture-de\u0301cran-2021-10-06-a\u0300-11.29.51-e1633513118467.png?fit=239%2C400&ssl=1","type":"image\/png"}],"twitter_card":"summary_large_image","twitter_misc":{"Dur\u00e9e de lecture estim\u00e9e":"1 minute"},"schema":{"@context":"https:\/\/schema.org","@graph":[{"@type":"WebPage","@id":"https:\/\/chateaudemontolivet.com\/index.php\/produit\/cotes-du-rhone-2017-e-guigal\/","url":"https:\/\/chateaudemontolivet.com\/index.php\/produit\/cotes-du-rhone-2017-e-guigal\/","name":"COTES DU RHONE 2017 - E. GUIGAL - Ch\u00e2teau de Montolivet","isPartOf":{"@id":"https:\/\/chateaudemontolivet.com\/#website"},"primaryImageOfPage":{"@id":"https:\/\/chateaudemontolivet.com\/index.php\/produit\/cotes-du-rhone-2017-e-guigal\/#primaryimage"},"image":{"@id":"https:\/\/chateaudemontolivet.com\/index.php\/produit\/cotes-du-rhone-2017-e-guigal\/#primaryimage"},"thumbnailUrl":"https:\/\/i0.wp.com\/chateaudemontolivet.com\/wp-content\/uploads\/2021\/10\/Capture-de%CC%81cran-2021-10-06-a%CC%80-11.29.51-e1633513118467.png?fit=239%2C400&ssl=1","datePublished":"2021-10-06T09:28:52+00:00","dateModified":"2021-12-15T08:28:48+00:00","description":"La maison incontournable de la vall\u00e9e du Rh\u00f4ne nous s\u00e9duit mill\u00e9sime apr\u00e8s mill\u00e9sime avec cette cuv\u00e9e aux ar\u00f4mes flatteurs de fruits noirs et d'\u00e9pices, devenue une v\u00e9ritable r\u00e9f\u00e9rence en C\u00f4tes-du-Rh\u00f4ne. Finesse et \u00e9l\u00e9gance caract\u00e9risent ce nectar suave et au caract\u00e8re toutefois bien tremp\u00e9. On a de cesse d'appr\u00e9cier sa r\u00e9gularit\u00e9 et sa consistance? C'est un vin haut de gamme et tr\u00e8s bien r\u00e9alis\u00e9, dont connaisseurs appr\u00e9cieront l\u2019expression affirm\u00e9e du c\u00e9page syrah combin\u00e9 au Grenache. En somme, c'est la qualit\u00e9 Guigal \u00e0 moindre co\u00fbt !","breadcrumb":{"@id":"https:\/\/chateaudemontolivet.com\/index.php\/produit\/cotes-du-rhone-2017-e-guigal\/#breadcrumb"},"inLanguage":"fr-FR","potentialAction":[{"@type":"ReadAction","target":["https:\/\/chateaudemontolivet.com\/index.php\/produit\/cotes-du-rhone-2017-e-guigal\/"]}]},{"@type":"ImageObject","inLanguage":"fr-FR","@id":"https:\/\/chateaudemontolivet.com\/index.php\/produit\/cotes-du-rhone-2017-e-guigal\/#primaryimage","url":"https:\/\/i0.wp.com\/chateaudemontolivet.com\/wp-content\/uploads\/2021\/10\/Capture-de%CC%81cran-2021-10-06-a%CC%80-11.29.51-e1633513118467.png?fit=239%2C400&ssl=1","contentUrl":"https:\/\/i0.wp.com\/chateaudemontolivet.com\/wp-content\/uploads\/2021\/10\/Capture-de%CC%81cran-2021-10-06-a%CC%80-11.29.51-e1633513118467.png?fit=239%2C400&ssl=1","width":239,"height":400},{"@type":"BreadcrumbList","@id":"https:\/\/chateaudemontolivet.com\/index.php\/produit\/cotes-du-rhone-2017-e-guigal\/#breadcrumb","itemListElement":[{"@type":"ListItem","position":1,"name":"Accueil","item":"https:\/\/chateaudemontolivet.com\/"},{"@type":"ListItem","position":2,"name":"Products","item":"https:\/\/chateaudemontolivet.com\/index.php\/nos-vins\/"},{"@type":"ListItem","position":3,"name":"COTES DU RHONE 2017 &#8211; E. GUIGAL"}]},{"@type":"WebSite","@id":"https:\/\/chateaudemontolivet.com\/#website","url":"https:\/\/chateaudemontolivet.com\/","name":"Ch\u00e2teau de Montolivet","description":"Un lieu idyllique pour l&#039;organisation de votre mariages, s\u00e9minaire d&#039;entreprise et autre \u00e9v\u00e9nement.","potentialAction":[{"@type":"SearchAction","target":{"@type":"EntryPoint","urlTemplate":"https:\/\/chateaudemontolivet.com\/?s={search_term_string}"},"query-input":{"@type":"PropertyValueSpecification","valueRequired":true,"valueName":"search_term_string"}}],"inLanguage":"fr-FR"}]}},"jetpack_sharing_enabled":true,"_links":{"self":[{"href":"https:\/\/chateaudemontolivet.com\/index.php\/wp-json\/wp\/v2\/product\/894","targetHints":{"allow":["GET"]}}],"collection":[{"href":"https:\/\/chateaudemontolivet.com\/index.php\/wp-json\/wp\/v2\/product"}],"about":[{"href":"https:\/\/chateaudemontolivet.com\/index.php\/wp-json\/wp\/v2\/types\/product"}],"replies":[{"embeddable":true,"href":"https:\/\/chateaudemontolivet.com\/index.php\/wp-json\/wp\/v2\/comments?post=894"}],"wp:featuredmedia":[{"embeddable":true,"href":"https:\/\/chateaudemontolivet.com\/index.php\/wp-json\/wp\/v2\/media\/895"}],"wp:attachment":[{"href":"https:\/\/chateaudemontolivet.com\/index.php\/wp-json\/wp\/v2\/media?parent=894"}],"wp:term":[{"taxonomy":"product_brand","embeddable":true,"href":"https:\/\/chateaudemontolivet.com\/index.php\/wp-json\/wp\/v2\/product_brand?post=894"},{"taxonomy":"product_cat","embeddable":true,"href":"https:\/\/chateaudemontolivet.com\/index.php\/wp-json\/wp\/v2\/product_cat?post=894"},{"taxonomy":"product_tag","embeddable":true,"href":"https:\/\/chateaudemontolivet.com\/index.php\/wp-json\/wp\/v2\/product_tag?post=894"}],"curies":[{"name":"wp","href":"https:\/\/api.w.org\/{rel}","templated":true}]}}