{"id":896,"date":"2021-10-06T11:33:43","date_gmt":"2021-10-06T09:33:43","guid":{"rendered":"http:\/\/chateaudemontolivet.com\/?post_type=product&#038;p=896"},"modified":"2021-12-09T14:38:49","modified_gmt":"2021-12-09T13:38:49","slug":"bordeaux-chateau-la-lagune-mademoiselle-l-2016","status":"publish","type":"product","link":"https:\/\/chateaudemontolivet.com\/index.php\/produit\/bordeaux-chateau-la-lagune-mademoiselle-l-2016\/","title":{"rendered":"BORDEAUX &#8211; CHATEAU LA LAGUNE \u00ab\u00a0MADEMOISELLE L\u00a0\u00bb 2016"},"content":{"rendered":"<div id=\"short_description_content\" class=\"rte align_justify\">\n<p>Issu d&rsquo;un assemblage des c\u00e9pages classiques du M\u00e9doc, Mademoiselle L saura s\u00e9duire les amateurs novices comme les palais avertis. Aves sa saveur fruit\u00e9e, gourmande et d\u00e9licate, c&rsquo;est un vin plaisir, pr\u00e9lude id\u00e9al \u00e0 un d\u00eener entre amis et qui fera aussi sensation sur vos menus de tous les jours.\u00a0Sexy et charmeur, c&rsquo;est une vraie r\u00e9ussite \u00e0 d\u00e9guster dans sa jeunesse !<\/p>\n<\/div>\n<div class=\"table-cell-css vertical-align-top padding-horizontal-10 border-left-md border-left-lg border-top-sm border-top-xs border-gray margin-top-10-xs margin-top-10-sm padding-top-10-xs padding-top-10-sm\">\n<div class=\"table-cell-css vertical-align-top padding-horizontal-10 border-left-md border-left-lg border-top-sm border-top-xs border-gray margin-top-10-xs margin-top-10-sm padding-top-10-xs padding-top-10-sm\">\n<div class=\"table-css-stacked-md height-auto\">\n<div class=\"table-row-css\">\n<div>\n<div class=\"table-cell-css vertical-align-top padding-vertical-5 nowrap padding-right-10 taille-xs color-gray-darker\"><strong>\u00a0\u00a0C\u00e9page<\/strong><\/div>\n<div class=\"table-cell-css vertical-align-top padding-vertical-5 taille-xs color-gray-darker text-bold\">\n<div class=\"table-cell-css vertical-align-top padding-vertical-5 taille-xs color-gray-darker text-bold\">56% Cabernet-franc, 36% Merlot, 8% Petit-verdot<\/div>\n<\/div>\n<div class=\"table-row-css\">\n<div class=\"table-cell-css vertical-align-top padding-vertical-5 nowrap padding-right-10 taille-xs color-gray-darker\">\u00a0\u00a0<strong>Go\u00fbts<\/strong><\/div>\n<div class=\"table-cell-css vertical-align-top padding-vertical-5 taille-xs color-gray-darker text-bold\">Rouge Complexe, tannique et rac\u00e9<\/div>\n<\/div>\n<div class=\"table-row-css\">\n<div class=\"table-cell-css vertical-align-top padding-vertical-5 nowrap padding-right-10 taille-xs color-gray-darker\"><strong><i class=\"icon-circle-o taille-xxxs\"><\/i>\u00a0\u00a0Par Go\u00fbts<\/strong><\/div>\n<div class=\"table-cell-css vertical-align-top padding-vertical-5 taille-xs color-gray-darker text-bold\">Bois\u00e9<\/div>\n<\/div>\n<div class=\"table-row-css\">\n<div class=\"table-cell-css vertical-align-top padding-vertical-5 nowrap padding-right-10 taille-xs color-gray-darker\"><strong><i class=\"icon-circle-o taille-xxxs\"><\/i>\u00a0\u00a0A l&rsquo;oeil<\/strong><\/div>\n<div class=\"table-cell-css vertical-align-top padding-vertical-5 taille-xs color-gray-darker text-bold\">Rouge profond<\/div>\n<\/div>\n<div class=\"table-row-css\">\n<div class=\"table-cell-css vertical-align-top padding-vertical-5 nowrap padding-right-10 taille-xs color-gray-darker\"><strong><i class=\"icon-circle-o taille-xxxs\"><\/i>\u00a0\u00a0Au nez<\/strong><\/div>\n<div class=\"table-cell-css vertical-align-top padding-vertical-5 taille-xs color-gray-darker text-bold\">Notes de cassis, d&rsquo;\u00e9pices<\/div>\n<\/div>\n<div class=\"table-row-css\">\n<div class=\"table-cell-css vertical-align-top padding-vertical-5 nowrap padding-right-10 taille-xs color-gray-darker\"><strong><i class=\"icon-circle-o taille-xxxs\"><\/i>\u00a0\u00a0En bouche<\/strong><\/div>\n<div class=\"table-cell-css vertical-align-top padding-vertical-5 taille-xs color-gray-darker text-bold\">Belle rondeur, fruit\u00e9<\/div>\n<div>\n<div class=\"table-cell-css vertical-align-top padding-vertical-5 nowrap padding-right-10 taille-xs color-gray-darker\"><strong>\u00a0Accords mets-vin<\/strong><\/div>\n<div class=\"table-cell-css vertical-align-top padding-vertical-5 taille-xs color-gray-darker text-bold\">Viande rouge, Volaille, Gibier, Fromage<\/div>\n<\/div>\n<\/div>\n<\/div>\n<\/div>\n<\/div>\n<\/div>\n<\/div>\n","protected":false},"excerpt":{"rendered":"<div id=\"short_description_content\" class=\"rte align_justify\">\n<p>Issu d&rsquo;un assemblage des c\u00e9pages classiques du M\u00e9doc, Mademoiselle L saura s\u00e9duire les amateurs novices comme les palais avertis. Aves sa saveur fruit\u00e9e, gourmande et d\u00e9licate, c&rsquo;est un vin plaisir, pr\u00e9lude id\u00e9al \u00e0 un d\u00eener entre amis et qui fera aussi sensation sur vos menus de tous les jours.\u00a0Sexy et charmeur, c&rsquo;est une vraie r\u00e9ussite \u00e0 d\u00e9guster dans sa jeunesse !<\/p>\n<\/div>\n<div class=\"table-cell-css vertical-align-top padding-horizontal-10 border-left-md border-left-lg border-top-sm border-top-xs border-gray margin-top-10-xs margin-top-10-sm padding-top-10-xs padding-top-10-sm\">\n<div class=\"table-cell-css vertical-align-top padding-horizontal-10 border-left-md border-left-lg border-top-sm border-top-xs border-gray margin-top-10-xs margin-top-10-sm padding-top-10-xs padding-top-10-sm\">\n<div class=\"table-css-stacked-md height-auto\">\n<div class=\"table-row-css\">\n<div>\n<div class=\"table-cell-css vertical-align-top padding-vertical-5 nowrap padding-right-10 taille-xs color-gray-darker\"><strong>\u00a0\u00a0C\u00e9page<\/strong><\/div>\n<div class=\"table-cell-css vertical-align-top padding-vertical-5 taille-xs color-gray-darker text-bold\">\n<div class=\"table-cell-css vertical-align-top padding-vertical-5 taille-xs color-gray-darker text-bold\">56% Cabernet-franc, 36% Merlot, 8% Petit-verdot<\/div>\n<\/div>\n<div class=\"table-row-css\">\n<div class=\"table-cell-css vertical-align-top padding-vertical-5 nowrap padding-right-10 taille-xs color-gray-darker\">\u00a0\u00a0<strong>Go\u00fbts<\/strong><\/div>\n<div class=\"table-cell-css vertical-align-top padding-vertical-5 taille-xs color-gray-darker text-bold\">Rouge Complexe, tannique et rac\u00e9<\/div>\n<\/div>\n<div class=\"table-row-css\">\n<div class=\"table-cell-css vertical-align-top padding-vertical-5 nowrap padding-right-10 taille-xs color-gray-darker\"><strong><i class=\"icon-circle-o taille-xxxs\"><\/i>\u00a0\u00a0Par Go\u00fbts<\/strong><\/div>\n<div class=\"table-cell-css vertical-align-top padding-vertical-5 taille-xs color-gray-darker text-bold\">Bois\u00e9<\/div>\n<\/div>\n<div class=\"table-row-css\">\n<div class=\"table-cell-css vertical-align-top padding-vertical-5 nowrap padding-right-10 taille-xs color-gray-darker\"><strong><i class=\"icon-circle-o taille-xxxs\"><\/i>\u00a0\u00a0A l&rsquo;oeil<\/strong><\/div>\n<div class=\"table-cell-css vertical-align-top padding-vertical-5 taille-xs color-gray-darker text-bold\">Rouge profond<\/div>\n<\/div>\n<div class=\"table-row-css\">\n<div class=\"table-cell-css vertical-align-top padding-vertical-5 nowrap padding-right-10 taille-xs color-gray-darker\"><strong><i class=\"icon-circle-o taille-xxxs\"><\/i>\u00a0\u00a0Au nez<\/strong><\/div>\n<div class=\"table-cell-css vertical-align-top padding-vertical-5 taille-xs color-gray-darker text-bold\">Notes de cassis, d&rsquo;\u00e9pices<\/div>\n<\/div>\n<div class=\"table-row-css\">\n<div class=\"table-cell-css vertical-align-top padding-vertical-5 nowrap padding-right-10 taille-xs color-gray-darker\"><strong><i class=\"icon-circle-o taille-xxxs\"><\/i>\u00a0\u00a0En bouche<\/strong><\/div>\n<div class=\"table-cell-css vertical-align-top padding-vertical-5 taille-xs color-gray-darker text-bold\">Belle rondeur, fruit\u00e9<\/div>\n<div>\n<div class=\"table-cell-css vertical-align-top padding-vertical-5 nowrap padding-right-10 taille-xs color-gray-darker\"><strong>\u00a0Accords mets-vin<\/strong><\/div>\n<div class=\"table-cell-css vertical-align-top padding-vertical-5 taille-xs color-gray-darker text-bold\">Viande rouge, Volaille, Gibier, Fromage<\/div>\n<\/div>\n<\/div>\n<\/div>\n<\/div>\n<\/div>\n<\/div>\n<\/div>\n","protected":false},"featured_media":897,"comment_status":"closed","ping_status":"closed","template":"","meta":[],"product_brand":[],"product_cat":[29],"product_tag":[],"class_list":{"0":"post-896","1":"product","2":"type-product","3":"status-publish","4":"has-post-thumbnail","6":"product_cat-vin-rouge","8":"first","9":"instock","10":"shipping-taxable","11":"product-type-simple"},"yoast_head":"<!-- This site is optimized with the Yoast SEO plugin v26.2 - https:\/\/yoast.com\/wordpress\/plugins\/seo\/ -->\n<title>BORDEAUX - CHATEAU LA LAGUNE &quot;MADEMOISELLE L&quot; 2016 - Ch\u00e2teau de Montolivet<\/title>\n<meta name=\"description\" content=\"Issu d&#039;un assemblage des c\u00e9pages classiques du M\u00e9doc, Mademoiselle L, CHATEAU LAGUNE, saura s\u00e9duire les amateurs novices comme les palais avertis. Aves sa saveur fruit\u00e9e, gourmande et d\u00e9licate, c&#039;est un vin plaisir, pr\u00e9lude id\u00e9al \u00e0 un d\u00eener entre amis et qui fera aussi sensation sur vos menus de tous les jours.\u00a0Sexy et charmeur, c&#039;est une vraie r\u00e9ussite \u00e0 d\u00e9guster dans sa jeunesse !\" \/>\n<meta name=\"robots\" content=\"index, follow, max-snippet:-1, max-image-preview:large, max-video-preview:-1\" \/>\n<link rel=\"canonical\" href=\"https:\/\/chateaudemontolivet.com\/index.php\/produit\/bordeaux-chateau-la-lagune-mademoiselle-l-2016\/\" \/>\n<meta property=\"og:locale\" content=\"fr_FR\" \/>\n<meta property=\"og:type\" content=\"article\" \/>\n<meta property=\"og:title\" content=\"BORDEAUX - CHATEAU LA LAGUNE &quot;MADEMOISELLE L&quot; 2016 - Ch\u00e2teau de Montolivet\" \/>\n<meta property=\"og:description\" content=\"Issu d&#039;un assemblage des c\u00e9pages classiques du M\u00e9doc, Mademoiselle L, CHATEAU LAGUNE, saura s\u00e9duire les amateurs novices comme les palais avertis. Aves sa saveur fruit\u00e9e, gourmande et d\u00e9licate, c&#039;est un vin plaisir, pr\u00e9lude id\u00e9al \u00e0 un d\u00eener entre amis et qui fera aussi sensation sur vos menus de tous les jours.\u00a0Sexy et charmeur, c&#039;est une vraie r\u00e9ussite \u00e0 d\u00e9guster dans sa jeunesse !\" \/>\n<meta property=\"og:url\" content=\"https:\/\/chateaudemontolivet.com\/index.php\/produit\/bordeaux-chateau-la-lagune-mademoiselle-l-2016\/\" \/>\n<meta property=\"og:site_name\" content=\"Ch\u00e2teau de Montolivet\" \/>\n<meta property=\"article:modified_time\" content=\"2021-12-09T13:38:49+00:00\" \/>\n<meta property=\"og:image\" content=\"https:\/\/i0.wp.com\/chateaudemontolivet.com\/wp-content\/uploads\/2021\/10\/Capture-de\u0301cran-2021-10-06-a\u0300-11.36.05-e1633513108781.png?fit=197%2C400&ssl=1\" \/>\n\t<meta property=\"og:image:width\" content=\"197\" \/>\n\t<meta property=\"og:image:height\" content=\"400\" \/>\n\t<meta property=\"og:image:type\" content=\"image\/png\" \/>\n<meta name=\"twitter:card\" content=\"summary_large_image\" \/>\n<meta name=\"twitter:label1\" content=\"Dur\u00e9e de lecture estim\u00e9e\" \/>\n\t<meta name=\"twitter:data1\" content=\"1 minute\" \/>\n<script type=\"application\/ld+json\" class=\"yoast-schema-graph\">{\"@context\":\"https:\/\/schema.org\",\"@graph\":[{\"@type\":\"WebPage\",\"@id\":\"https:\/\/chateaudemontolivet.com\/index.php\/produit\/bordeaux-chateau-la-lagune-mademoiselle-l-2016\/\",\"url\":\"https:\/\/chateaudemontolivet.com\/index.php\/produit\/bordeaux-chateau-la-lagune-mademoiselle-l-2016\/\",\"name\":\"BORDEAUX - CHATEAU LA LAGUNE \\\"MADEMOISELLE L\\\" 2016 - Ch\u00e2teau de Montolivet\",\"isPartOf\":{\"@id\":\"https:\/\/chateaudemontolivet.com\/#website\"},\"primaryImageOfPage\":{\"@id\":\"https:\/\/chateaudemontolivet.com\/index.php\/produit\/bordeaux-chateau-la-lagune-mademoiselle-l-2016\/#primaryimage\"},\"image\":{\"@id\":\"https:\/\/chateaudemontolivet.com\/index.php\/produit\/bordeaux-chateau-la-lagune-mademoiselle-l-2016\/#primaryimage\"},\"thumbnailUrl\":\"https:\/\/i0.wp.com\/chateaudemontolivet.com\/wp-content\/uploads\/2021\/10\/Capture-de%CC%81cran-2021-10-06-a%CC%80-11.36.05-e1633513108781.png?fit=197%2C400&ssl=1\",\"datePublished\":\"2021-10-06T09:33:43+00:00\",\"dateModified\":\"2021-12-09T13:38:49+00:00\",\"description\":\"Issu d'un assemblage des c\u00e9pages classiques du M\u00e9doc, Mademoiselle L, CHATEAU LAGUNE, saura s\u00e9duire les amateurs novices comme les palais avertis. Aves sa saveur fruit\u00e9e, gourmande et d\u00e9licate, c'est un vin plaisir, pr\u00e9lude id\u00e9al \u00e0 un d\u00eener entre amis et qui fera aussi sensation sur vos menus de tous les jours.\u00a0Sexy et charmeur, c'est une vraie r\u00e9ussite \u00e0 d\u00e9guster dans sa jeunesse !\",\"breadcrumb\":{\"@id\":\"https:\/\/chateaudemontolivet.com\/index.php\/produit\/bordeaux-chateau-la-lagune-mademoiselle-l-2016\/#breadcrumb\"},\"inLanguage\":\"fr-FR\",\"potentialAction\":[{\"@type\":\"ReadAction\",\"target\":[\"https:\/\/chateaudemontolivet.com\/index.php\/produit\/bordeaux-chateau-la-lagune-mademoiselle-l-2016\/\"]}]},{\"@type\":\"ImageObject\",\"inLanguage\":\"fr-FR\",\"@id\":\"https:\/\/chateaudemontolivet.com\/index.php\/produit\/bordeaux-chateau-la-lagune-mademoiselle-l-2016\/#primaryimage\",\"url\":\"https:\/\/i0.wp.com\/chateaudemontolivet.com\/wp-content\/uploads\/2021\/10\/Capture-de%CC%81cran-2021-10-06-a%CC%80-11.36.05-e1633513108781.png?fit=197%2C400&ssl=1\",\"contentUrl\":\"https:\/\/i0.wp.com\/chateaudemontolivet.com\/wp-content\/uploads\/2021\/10\/Capture-de%CC%81cran-2021-10-06-a%CC%80-11.36.05-e1633513108781.png?fit=197%2C400&ssl=1\",\"width\":197,\"height\":400},{\"@type\":\"BreadcrumbList\",\"@id\":\"https:\/\/chateaudemontolivet.com\/index.php\/produit\/bordeaux-chateau-la-lagune-mademoiselle-l-2016\/#breadcrumb\",\"itemListElement\":[{\"@type\":\"ListItem\",\"position\":1,\"name\":\"Accueil\",\"item\":\"https:\/\/chateaudemontolivet.com\/\"},{\"@type\":\"ListItem\",\"position\":2,\"name\":\"Products\",\"item\":\"https:\/\/chateaudemontolivet.com\/index.php\/nos-vins\/\"},{\"@type\":\"ListItem\",\"position\":3,\"name\":\"BORDEAUX &#8211; CHATEAU LA LAGUNE &#8220;MADEMOISELLE L&#8221; 2016\"}]},{\"@type\":\"WebSite\",\"@id\":\"https:\/\/chateaudemontolivet.com\/#website\",\"url\":\"https:\/\/chateaudemontolivet.com\/\",\"name\":\"Ch\u00e2teau de Montolivet\",\"description\":\"Un lieu idyllique pour l&#039;organisation de votre mariages, s\u00e9minaire d&#039;entreprise et autre \u00e9v\u00e9nement.\",\"potentialAction\":[{\"@type\":\"SearchAction\",\"target\":{\"@type\":\"EntryPoint\",\"urlTemplate\":\"https:\/\/chateaudemontolivet.com\/?s={search_term_string}\"},\"query-input\":{\"@type\":\"PropertyValueSpecification\",\"valueRequired\":true,\"valueName\":\"search_term_string\"}}],\"inLanguage\":\"fr-FR\"}]}<\/script>\n<!-- \/ Yoast SEO plugin. -->","yoast_head_json":{"title":"BORDEAUX - CHATEAU LA LAGUNE \"MADEMOISELLE L\" 2016 - Ch\u00e2teau de Montolivet","description":"Issu d'un assemblage des c\u00e9pages classiques du M\u00e9doc, Mademoiselle L, CHATEAU LAGUNE, saura s\u00e9duire les amateurs novices comme les palais avertis. Aves sa saveur fruit\u00e9e, gourmande et d\u00e9licate, c'est un vin plaisir, pr\u00e9lude id\u00e9al \u00e0 un d\u00eener entre amis et qui fera aussi sensation sur vos menus de tous les jours.\u00a0Sexy et charmeur, c'est une vraie r\u00e9ussite \u00e0 d\u00e9guster dans sa jeunesse !","robots":{"index":"index","follow":"follow","max-snippet":"max-snippet:-1","max-image-preview":"max-image-preview:large","max-video-preview":"max-video-preview:-1"},"canonical":"https:\/\/chateaudemontolivet.com\/index.php\/produit\/bordeaux-chateau-la-lagune-mademoiselle-l-2016\/","og_locale":"fr_FR","og_type":"article","og_title":"BORDEAUX - CHATEAU LA LAGUNE \"MADEMOISELLE L\" 2016 - Ch\u00e2teau de Montolivet","og_description":"Issu d'un assemblage des c\u00e9pages classiques du M\u00e9doc, Mademoiselle L, CHATEAU LAGUNE, saura s\u00e9duire les amateurs novices comme les palais avertis. Aves sa saveur fruit\u00e9e, gourmande et d\u00e9licate, c'est un vin plaisir, pr\u00e9lude id\u00e9al \u00e0 un d\u00eener entre amis et qui fera aussi sensation sur vos menus de tous les jours.\u00a0Sexy et charmeur, c'est une vraie r\u00e9ussite \u00e0 d\u00e9guster dans sa jeunesse !","og_url":"https:\/\/chateaudemontolivet.com\/index.php\/produit\/bordeaux-chateau-la-lagune-mademoiselle-l-2016\/","og_site_name":"Ch\u00e2teau de Montolivet","article_modified_time":"2021-12-09T13:38:49+00:00","og_image":[{"width":197,"height":400,"url":"https:\/\/i0.wp.com\/chateaudemontolivet.com\/wp-content\/uploads\/2021\/10\/Capture-de\u0301cran-2021-10-06-a\u0300-11.36.05-e1633513108781.png?fit=197%2C400&ssl=1","type":"image\/png"}],"twitter_card":"summary_large_image","twitter_misc":{"Dur\u00e9e de lecture estim\u00e9e":"1 minute"},"schema":{"@context":"https:\/\/schema.org","@graph":[{"@type":"WebPage","@id":"https:\/\/chateaudemontolivet.com\/index.php\/produit\/bordeaux-chateau-la-lagune-mademoiselle-l-2016\/","url":"https:\/\/chateaudemontolivet.com\/index.php\/produit\/bordeaux-chateau-la-lagune-mademoiselle-l-2016\/","name":"BORDEAUX - CHATEAU LA LAGUNE \"MADEMOISELLE L\" 2016 - Ch\u00e2teau de Montolivet","isPartOf":{"@id":"https:\/\/chateaudemontolivet.com\/#website"},"primaryImageOfPage":{"@id":"https:\/\/chateaudemontolivet.com\/index.php\/produit\/bordeaux-chateau-la-lagune-mademoiselle-l-2016\/#primaryimage"},"image":{"@id":"https:\/\/chateaudemontolivet.com\/index.php\/produit\/bordeaux-chateau-la-lagune-mademoiselle-l-2016\/#primaryimage"},"thumbnailUrl":"https:\/\/i0.wp.com\/chateaudemontolivet.com\/wp-content\/uploads\/2021\/10\/Capture-de%CC%81cran-2021-10-06-a%CC%80-11.36.05-e1633513108781.png?fit=197%2C400&ssl=1","datePublished":"2021-10-06T09:33:43+00:00","dateModified":"2021-12-09T13:38:49+00:00","description":"Issu d'un assemblage des c\u00e9pages classiques du M\u00e9doc, Mademoiselle L, CHATEAU LAGUNE, saura s\u00e9duire les amateurs novices comme les palais avertis. Aves sa saveur fruit\u00e9e, gourmande et d\u00e9licate, c'est un vin plaisir, pr\u00e9lude id\u00e9al \u00e0 un d\u00eener entre amis et qui fera aussi sensation sur vos menus de tous les jours.\u00a0Sexy et charmeur, c'est une vraie r\u00e9ussite \u00e0 d\u00e9guster dans sa jeunesse !","breadcrumb":{"@id":"https:\/\/chateaudemontolivet.com\/index.php\/produit\/bordeaux-chateau-la-lagune-mademoiselle-l-2016\/#breadcrumb"},"inLanguage":"fr-FR","potentialAction":[{"@type":"ReadAction","target":["https:\/\/chateaudemontolivet.com\/index.php\/produit\/bordeaux-chateau-la-lagune-mademoiselle-l-2016\/"]}]},{"@type":"ImageObject","inLanguage":"fr-FR","@id":"https:\/\/chateaudemontolivet.com\/index.php\/produit\/bordeaux-chateau-la-lagune-mademoiselle-l-2016\/#primaryimage","url":"https:\/\/i0.wp.com\/chateaudemontolivet.com\/wp-content\/uploads\/2021\/10\/Capture-de%CC%81cran-2021-10-06-a%CC%80-11.36.05-e1633513108781.png?fit=197%2C400&ssl=1","contentUrl":"https:\/\/i0.wp.com\/chateaudemontolivet.com\/wp-content\/uploads\/2021\/10\/Capture-de%CC%81cran-2021-10-06-a%CC%80-11.36.05-e1633513108781.png?fit=197%2C400&ssl=1","width":197,"height":400},{"@type":"BreadcrumbList","@id":"https:\/\/chateaudemontolivet.com\/index.php\/produit\/bordeaux-chateau-la-lagune-mademoiselle-l-2016\/#breadcrumb","itemListElement":[{"@type":"ListItem","position":1,"name":"Accueil","item":"https:\/\/chateaudemontolivet.com\/"},{"@type":"ListItem","position":2,"name":"Products","item":"https:\/\/chateaudemontolivet.com\/index.php\/nos-vins\/"},{"@type":"ListItem","position":3,"name":"BORDEAUX &#8211; CHATEAU LA LAGUNE &#8220;MADEMOISELLE L&#8221; 2016"}]},{"@type":"WebSite","@id":"https:\/\/chateaudemontolivet.com\/#website","url":"https:\/\/chateaudemontolivet.com\/","name":"Ch\u00e2teau de Montolivet","description":"Un lieu idyllique pour l&#039;organisation de votre mariages, s\u00e9minaire d&#039;entreprise et autre \u00e9v\u00e9nement.","potentialAction":[{"@type":"SearchAction","target":{"@type":"EntryPoint","urlTemplate":"https:\/\/chateaudemontolivet.com\/?s={search_term_string}"},"query-input":{"@type":"PropertyValueSpecification","valueRequired":true,"valueName":"search_term_string"}}],"inLanguage":"fr-FR"}]}},"jetpack_sharing_enabled":true,"_links":{"self":[{"href":"https:\/\/chateaudemontolivet.com\/index.php\/wp-json\/wp\/v2\/product\/896","targetHints":{"allow":["GET"]}}],"collection":[{"href":"https:\/\/chateaudemontolivet.com\/index.php\/wp-json\/wp\/v2\/product"}],"about":[{"href":"https:\/\/chateaudemontolivet.com\/index.php\/wp-json\/wp\/v2\/types\/product"}],"replies":[{"embeddable":true,"href":"https:\/\/chateaudemontolivet.com\/index.php\/wp-json\/wp\/v2\/comments?post=896"}],"wp:featuredmedia":[{"embeddable":true,"href":"https:\/\/chateaudemontolivet.com\/index.php\/wp-json\/wp\/v2\/media\/897"}],"wp:attachment":[{"href":"https:\/\/chateaudemontolivet.com\/index.php\/wp-json\/wp\/v2\/media?parent=896"}],"wp:term":[{"taxonomy":"product_brand","embeddable":true,"href":"https:\/\/chateaudemontolivet.com\/index.php\/wp-json\/wp\/v2\/product_brand?post=896"},{"taxonomy":"product_cat","embeddable":true,"href":"https:\/\/chateaudemontolivet.com\/index.php\/wp-json\/wp\/v2\/product_cat?post=896"},{"taxonomy":"product_tag","embeddable":true,"href":"https:\/\/chateaudemontolivet.com\/index.php\/wp-json\/wp\/v2\/product_tag?post=896"}],"curies":[{"name":"wp","href":"https:\/\/api.w.org\/{rel}","templated":true}]}}